{"id":1183,"date":"2024-07-12T17:12:55","date_gmt":"2024-07-12T17:12:55","guid":{"rendered":"https:\/\/dogsandfoods.com\/?page_id=1183"},"modified":"2024-10-22T10:36:40","modified_gmt":"2024-10-22T10:36:40","slug":"gesunde-ernahrung","status":"publish","type":"page","link":"https:\/\/dogsandfoods.com\/","title":{"rendered":"Home"},"content":{"rendered":"\n<h2 class=\"wp-block-heading\"><strong>Willkommen bei DOGS AND FOODS \u2013 F\u00fcr gesunde Ern\u00e4hrung und das Wohl deines Hundes!<\/strong><\/h2>\n\n\n\n<p class=\"has-medium-font-size\">Bei DOGS AND FOODS steht die gesunde Ern\u00e4hrung und das Wohlbefinden unserer Hundes im Mittelpunkt.<\/p>\n\n\n\n<p class=\"has-medium-font-size\">Meine Mission ist es, dabei zu helfen, die optimale, gesunde Ern\u00e4hrung f\u00fcr den eigenen Hund zu finden &#8211; damit er (oder sie) ein langes, gl\u00fcckliches und unbeschwertes Leben f\u00fchren kann.<\/p>\n\n\n\n<h2 class=\"wp-block-heading\"><strong>Gesunde Ern\u00e4hrung mit Herz und Verstand<\/strong><\/h2>\n\n\n\n<div class=\"wp-block-media-text is-stacked-on-mobile\"><figure class=\"wp-block-media-text__media\"><img loading=\"lazy\" decoding=\"async\" width=\"1024\" height=\"536\" src=\"https:\/\/dogsandfoods.com\/wp-content\/uploads\/2024\/10\/Gesunde-Ernahrung-1024x536.png\" alt=\"gesunde Ern\u00e4hrung\" class=\"wp-image-2466 size-full\" srcset=\"https:\/\/dogsandfoods.com\/wp-content\/uploads\/2024\/10\/Gesunde-Ernahrung-1024x536.png 1024w, https:\/\/dogsandfoods.com\/wp-content\/uploads\/2024\/10\/Gesunde-Ernahrung-300x157.png 300w, https:\/\/dogsandfoods.com\/wp-content\/uploads\/2024\/10\/Gesunde-Ernahrung-768x402.png 768w, https:\/\/dogsandfoods.com\/wp-content\/uploads\/2024\/10\/Gesunde-Ernahrung.png 1200w\" sizes=\"auto, (max-width: 1024px) 100vw, 1024px\" \/><\/figure><div class=\"wp-block-media-text__content\">\n<p class=\"has-medium-font-size\">Mit <strong>Herz<\/strong><mark style=\"background-color:rgba(0, 0, 0, 0)\" class=\"has-inline-color has-boulder-color\"> <\/mark>meine ich die liebevolle F\u00fcrsorge und das tiefe Verst\u00e4ndnis f\u00fcr die Bed\u00fcrfnisse deines Hundes. <\/p>\n\n\n\n<p class=\"has-medium-font-size\">Mit<strong> <mark style=\"background-color:rgba(0, 0, 0, 0)\" class=\"has-inline-color has-boulder-color\">Verstand<\/mark><\/strong><mark style=\"background-color:rgba(0, 0, 0, 0)\" class=\"has-inline-color has-boulder-color\"> <\/mark>st\u00fctze ich mich auf fundiertes Wissen und die neuesten wissenschaftlichen Erkenntnisse. Es ist mir wichtig sicherzustellen, dass unsere Hunde genau das bekommen, was sie brauchen.<\/p>\n<\/div><\/div>\n\n\n\n<h2 class=\"wp-block-heading\">Die richtige, gesunde Ern\u00e4hrung f\u00fcr jede Lebensphase und Aktivit\u00e4t<\/h2>\n\n\n\n<p class=\"has-medium-font-size\">Die optimale Ern\u00e4hrung unserer Hunde h\u00e4ngt von vielen Faktoren ab: Lebensphase, Aktivit\u00e4tsniveau, Gr\u00f6sse, Gesundheitszustand und auch von Geschmack! Ob Welpe, ausgewachsener Hund oder Senior \u2013 jede Phase bringt spezifische Ern\u00e4hrungsanforderungen mit sich. <\/p>\n\n\n\n<p class=\"has-medium-font-size\">Bei gesunden Hunden ist es wichtig, die Ern\u00e4hrung regelm\u00e4ssig zu \u00fcberpr\u00fcfen und anzupassen. So wird langfristig ein starkes Immunsystem, gesunde Gelenke und ein gl\u00e4nzendes Fell gef\u00f6rdert.<\/p>\n\n\n\n<p class=\"has-medium-font-size\">Bei kranken Hunden spielt die Ern\u00e4hrung eine zentrale Rolle: sie kann zur Linderung von Symptomen beitragen, die Heilung unterst\u00fctzen und das Wohlbefinden verbessern. Eine gezielte Ern\u00e4hrung steigert die Lebensqualit\u00e4t erheblich und st\u00e4rkt in Kombination mit den richtigen Naturheilmitteln das Immunsystem. Nat\u00fcrlich, sie soll auch gut schmecken!  <\/p>\n\n\n\n<h2 class=\"wp-block-heading\"><strong>Naturheilkunde f\u00fcr Hunde, die sanfte Unterst\u00fctzung bei kleinen Wehwehchen und chronischen Erkrankungen<\/strong><\/h2>\n\n\n\n<div class=\"wp-block-media-text has-media-on-the-right is-stacked-on-mobile is-vertically-aligned-center\"><div class=\"wp-block-media-text__content\">\n<p class=\"has-medium-font-size\">DOGS AND FOODS bietet ein ganzheitliches Konzept, das gesunde Ern\u00e4hrung mit Naturheilkunde verbindet. Mit <mark style=\"background-color:rgba(0, 0, 0, 0)\" class=\"has-inline-color has-boulder-color\"><strong>nat\u00fcrlichen Heilmitteln <\/strong><\/mark>kannst du kleine Wehwehchen deines Hundes sanft, aber effektiv lindern und chronische Erkrankungen langfristig unterst\u00fctzen \u2013 und das alles ohne die Nebenwirkungen, die oft mit chemischen Pr\u00e4paraten einhergehen. <\/p>\n<\/div><figure class=\"wp-block-media-text__media\"><img loading=\"lazy\" decoding=\"async\" width=\"1024\" height=\"536\" src=\"https:\/\/dogsandfoods.com\/wp-content\/uploads\/2024\/10\/gesunde-Ernahrung1-1024x536.png\" alt=\"gesunde Ern\u00e4hrung 1\" class=\"wp-image-2467 size-full\" srcset=\"https:\/\/dogsandfoods.com\/wp-content\/uploads\/2024\/10\/gesunde-Ernahrung1-1024x536.png 1024w, https:\/\/dogsandfoods.com\/wp-content\/uploads\/2024\/10\/gesunde-Ernahrung1-300x157.png 300w, https:\/\/dogsandfoods.com\/wp-content\/uploads\/2024\/10\/gesunde-Ernahrung1-768x402.png 768w, https:\/\/dogsandfoods.com\/wp-content\/uploads\/2024\/10\/gesunde-Ernahrung1.png 1200w\" sizes=\"auto, (max-width: 1024px) 100vw, 1024px\" \/><\/figure><\/div>\n\n\n\n<p class=\"has-medium-font-size\">Ich zeige dir, wie du mit diesen nat\u00fcrlichen Methoden das Wohlbefinden deines Hundes f\u00f6rdern und seine Gesundheit ganzheitlich st\u00e4rken kannst.<\/p>\n\n\n\n<h2 class=\"wp-block-heading\"><strong>Gesunde Hundeern\u00e4hrung auf Reisen \u2013 Tipps und Pr\u00e4vention<\/strong><\/h2>\n\n\n\n<p class=\"has-medium-font-size\">Auch auf Reisen sollte die Ern\u00e4hrung deines Hundes nicht vernachl\u00e4ssigt werden. Es ist wichtig, dass dein Hund auch im Urlaub gesund bleibt. <\/p>\n\n\n\n<p class=\"has-medium-font-size\">Bei DOGS AND FOODS findest du wertvolle Tipps, wie du die gesunde Ern\u00e4hrung deines Hundes auch unterwegs sicherstellst. Dazu geh\u00f6rt auch die Pr\u00e4vention von Reisekrankheiten und anderen gesundheitlichen Herausforderungen, denen dein Hund w\u00e4hrend eurer gemeinsamen Abenteuer begegnen k\u00f6nnte.<\/p>\n\n\n\n<h2 class=\"wp-block-heading\"><strong>Individuelle Futterpl\u00e4ne f\u00fcr deinen Hund<\/strong><\/h2>\n\n\n\n<p class=\"has-medium-font-size\">Auf DOGS AND FOODS erf\u00e4hrst du alles Wichtige zur richtigen Hundeern\u00e4hrung. Von massgeschneiderten Futterpl\u00e4nen, die auf die spezifischen Bed\u00fcrfnisse deines Hundes abgestimmt sind, bis hin zu wertvollen Tipps zur Ern\u00e4hrung auf Reisen \u2013 ich bin dein Ansprechpartner f\u00fcr eine ganzheitliche und artgerechte Hundeern\u00e4hrung.<\/p>\n\n\n\n<p class=\"has-medium-font-size\">Gemeinsam sorgen wir f\u00fcr das Wohl deines Hundes!  <a href=\"https:\/\/dogsandfoods.com\/index.php\/contact\/\">Schreib mir<\/a>, um mehr zu erfahren!<\/p>\n\n\n\n<p><\/p>\n","protected":false},"excerpt":{"rendered":"<p>Willkommen bei DOGS AND FOODS \u2013 F\u00fcr gesunde Ern\u00e4hrung und das Wohl deines Hundes! Bei DOGS AND FOODS steht die gesunde Ern\u00e4hrung und das Wohlbefinden unserer Hundes im Mittelpunkt. Meine Mission ist es, dabei zu helfen, die optimale, gesunde Ern\u00e4hrung f\u00fcr den eigenen Hund zu finden &#8211; damit er (oder sie) ein langes, gl\u00fcckliches und unbeschwertes Leben f\u00fchren kann. Gesunde Ern\u00e4hrung mit Herz und Verstand Mit Herz meine ich die liebevolle F\u00fcrsorge und das tiefe Verst\u00e4ndnis f\u00fcr die Bed\u00fcrfnisse deines Hundes. Mit Verstand st\u00fctze ich mich auf fundiertes Wissen und die neuesten wissenschaftlichen Erkenntnisse. Es ist mir wichtig sicherzustellen, dass unsere Hunde genau das bekommen, was sie brauchen. Die richtige, gesunde Ern\u00e4hrung f\u00fcr jede Lebensphase und Aktivit\u00e4t Die optimale Ern\u00e4hrung unserer Hunde h\u00e4ngt von vielen Faktoren ab: Lebensphase, Aktivit\u00e4tsniveau, Gr\u00f6sse, Gesundheitszustand und auch von Geschmack! Ob Welpe, ausgewachsener Hund oder Senior \u2013 jede Phase bringt spezifische Ern\u00e4hrungsanforderungen mit sich. Bei gesunden Hunden ist es wichtig, die Ern\u00e4hrung regelm\u00e4ssig zu \u00fcberpr\u00fcfen und anzupassen. So wird langfristig ein starkes Immunsystem, gesunde Gelenke und ein gl\u00e4nzendes Fell gef\u00f6rdert. Bei kranken Hunden spielt die Ern\u00e4hrung eine zentrale Rolle: sie kann zur Linderung von Symptomen beitragen, die Heilung unterst\u00fctzen und das Wohlbefinden verbessern. Eine gezielte Ern\u00e4hrung steigert die Lebensqualit\u00e4t erheblich und st\u00e4rkt in Kombination mit den richtigen Naturheilmitteln das Immunsystem. Nat\u00fcrlich, sie soll auch gut schmecken! Naturheilkunde f\u00fcr Hunde, die sanfte Unterst\u00fctzung bei kleinen Wehwehchen und chronischen Erkrankungen DOGS AND FOODS bietet ein ganzheitliches Konzept, das gesunde Ern\u00e4hrung mit Naturheilkunde verbindet. Mit nat\u00fcrlichen Heilmitteln kannst du kleine Wehwehchen deines Hundes sanft, aber effektiv lindern und chronische Erkrankungen langfristig unterst\u00fctzen \u2013 und das alles ohne die Nebenwirkungen, die oft mit chemischen Pr\u00e4paraten einhergehen. Ich zeige dir, wie du mit diesen nat\u00fcrlichen Methoden das Wohlbefinden deines Hundes f\u00f6rdern und seine Gesundheit ganzheitlich st\u00e4rken kannst. Gesunde Hundeern\u00e4hrung auf Reisen \u2013 Tipps und Pr\u00e4vention Auch auf Reisen sollte die Ern\u00e4hrung deines Hundes nicht vernachl\u00e4ssigt werden. Es ist wichtig, dass dein Hund auch im Urlaub gesund bleibt. Bei DOGS AND FOODS findest du wertvolle Tipps, wie du die gesunde Ern\u00e4hrung deines Hundes auch unterwegs sicherstellst. Dazu geh\u00f6rt auch die Pr\u00e4vention von Reisekrankheiten und anderen gesundheitlichen Herausforderungen, denen dein Hund w\u00e4hrend eurer gemeinsamen Abenteuer begegnen k\u00f6nnte. Individuelle Futterpl\u00e4ne f\u00fcr deinen Hund Auf DOGS AND FOODS erf\u00e4hrst du alles Wichtige zur richtigen Hundeern\u00e4hrung. Von massgeschneiderten Futterpl\u00e4nen, die auf die spezifischen Bed\u00fcrfnisse deines Hundes abgestimmt sind, bis hin zu wertvollen Tipps zur Ern\u00e4hrung auf Reisen \u2013 ich bin dein Ansprechpartner f\u00fcr eine ganzheitliche und artgerechte Hundeern\u00e4hrung. Gemeinsam sorgen wir f\u00fcr das Wohl deines Hundes! Schreib mir, um mehr zu erfahren!<\/p>\n","protected":false},"author":2,"featured_media":2466,"parent":0,"menu_order":0,"comment_status":"closed","ping_status":"closed","template":"home.php","meta":{"_glsr_average":0,"_glsr_ranking":0,"_glsr_reviews":0,"footnotes":""},"class_list":["post-1183","page","type-page","status-publish","has-post-thumbnail","hentry"],"acf":[],"yoast_head":"<!-- This site is optimized with the Yoast SEO plugin v27.5 - https:\/\/yoast.com\/product\/yoast-seo-wordpress\/ -->\n<title>Gesunde Ern\u00e4hrung<\/title>\n<meta name=\"description\" content=\"Das ist die Homepage f\u00fcr gesunde Ern\u00e4hrung der Hunde - mit Herz und Verstand. Hier erf\u00e4hrst du alles zum Thema artgerechte, frische und...\" \/>\n<meta name=\"robots\" content=\"index, follow, max-snippet:-1, max-image-preview:large, max-video-preview:-1\" \/>\n<link rel=\"canonical\" href=\"https:\/\/dogsandfoods.com\/\" \/>\n<meta property=\"og:locale\" content=\"de_DE\" \/>\n<meta property=\"og:type\" content=\"article\" \/>\n<meta property=\"og:title\" content=\"Gesunde Ern\u00e4hrung\" \/>\n<meta property=\"og:description\" content=\"Das ist die Homepage f\u00fcr gesunde Ern\u00e4hrung der Hunde - mit Herz und Verstand. Hier erf\u00e4hrst du alles zum Thema artgerechte, frische und...\" \/>\n<meta property=\"og:url\" content=\"https:\/\/dogsandfoods.com\/\" \/>\n<meta property=\"og:site_name\" content=\"DOGS AND FOODS\" \/>\n<meta property=\"article:modified_time\" content=\"2024-10-22T10:36:40+00:00\" \/>\n<meta property=\"og:image\" content=\"https:\/\/dogsandfoods.com\/wp-content\/uploads\/2024\/10\/Gesunde-Ernahrung.png\" \/>\n\t<meta property=\"og:image:width\" content=\"1200\" \/>\n\t<meta property=\"og:image:height\" content=\"628\" \/>\n\t<meta property=\"og:image:type\" content=\"image\/png\" \/>\n<meta name=\"twitter:card\" content=\"summary_large_image\" \/>\n<meta name=\"twitter:label1\" content=\"Gesch\u00e4tzte Lesezeit\" \/>\n\t<meta name=\"twitter:data1\" content=\"3\u00a0Minuten\" \/>\n<script type=\"application\/ld+json\" class=\"yoast-schema-graph\">{\"@context\":\"https:\\\/\\\/schema.org\",\"@graph\":[{\"@type\":\"WebPage\",\"@id\":\"https:\\\/\\\/dogsandfoods.com\\\/\",\"url\":\"https:\\\/\\\/dogsandfoods.com\\\/\",\"name\":\"Gesunde Ern\u00e4hrung\",\"isPartOf\":{\"@id\":\"https:\\\/\\\/dogsandfoods.com\\\/#website\"},\"primaryImageOfPage\":{\"@id\":\"https:\\\/\\\/dogsandfoods.com\\\/#primaryimage\"},\"image\":{\"@id\":\"https:\\\/\\\/dogsandfoods.com\\\/#primaryimage\"},\"thumbnailUrl\":\"https:\\\/\\\/dogsandfoods.com\\\/wp-content\\\/uploads\\\/2024\\\/10\\\/Gesunde-Ernahrung.png\",\"datePublished\":\"2024-07-12T17:12:55+00:00\",\"dateModified\":\"2024-10-22T10:36:40+00:00\",\"description\":\"Das ist die Homepage f\u00fcr gesunde Ern\u00e4hrung der Hunde - mit Herz und Verstand. Hier erf\u00e4hrst du alles zum Thema artgerechte, frische und...\",\"breadcrumb\":{\"@id\":\"https:\\\/\\\/dogsandfoods.com\\\/#breadcrumb\"},\"inLanguage\":\"de-CH\",\"potentialAction\":[{\"@type\":\"ReadAction\",\"target\":[\"https:\\\/\\\/dogsandfoods.com\\\/\"]}]},{\"@type\":\"ImageObject\",\"inLanguage\":\"de-CH\",\"@id\":\"https:\\\/\\\/dogsandfoods.com\\\/#primaryimage\",\"url\":\"https:\\\/\\\/dogsandfoods.com\\\/wp-content\\\/uploads\\\/2024\\\/10\\\/Gesunde-Ernahrung.png\",\"contentUrl\":\"https:\\\/\\\/dogsandfoods.com\\\/wp-content\\\/uploads\\\/2024\\\/10\\\/Gesunde-Ernahrung.png\",\"width\":1200,\"height\":628,\"caption\":\"gesunde Ern\u00e4hrung\"},{\"@type\":\"BreadcrumbList\",\"@id\":\"https:\\\/\\\/dogsandfoods.com\\\/#breadcrumb\",\"itemListElement\":[{\"@type\":\"ListItem\",\"position\":1,\"name\":\"Home\",\"item\":\"https:\\\/\\\/dogsandfoods.com\\\/\"},{\"@type\":\"ListItem\",\"position\":2,\"name\":\"Home\"}]},{\"@type\":\"WebSite\",\"@id\":\"https:\\\/\\\/dogsandfoods.com\\\/#website\",\"url\":\"https:\\\/\\\/dogsandfoods.com\\\/\",\"name\":\"dogsandfoods.com\",\"description\":\"Gesunde nat\u00fcrliche Hundeern\u00e4hrung\",\"publisher\":{\"@id\":\"https:\\\/\\\/dogsandfoods.com\\\/#organization\"},\"potentialAction\":[{\"@type\":\"SearchAction\",\"target\":{\"@type\":\"EntryPoint\",\"urlTemplate\":\"https:\\\/\\\/dogsandfoods.com\\\/?s={search_term_string}\"},\"query-input\":{\"@type\":\"PropertyValueSpecification\",\"valueRequired\":true,\"valueName\":\"search_term_string\"}}],\"inLanguage\":\"de-CH\"},{\"@type\":\"Organization\",\"@id\":\"https:\\\/\\\/dogsandfoods.com\\\/#organization\",\"name\":\"Dogs and Foods\",\"url\":\"https:\\\/\\\/dogsandfoods.com\\\/\",\"logo\":{\"@type\":\"ImageObject\",\"inLanguage\":\"de-CH\",\"@id\":\"https:\\\/\\\/dogsandfoods.com\\\/#\\\/schema\\\/logo\\\/image\\\/\",\"url\":\"\",\"contentUrl\":\"\",\"caption\":\"Dogs and Foods\"},\"image\":{\"@id\":\"https:\\\/\\\/dogsandfoods.com\\\/#\\\/schema\\\/logo\\\/image\\\/\"}}]}<\/script>\n<!-- \/ Yoast SEO plugin. -->","yoast_head_json":{"title":"Gesunde Ern\u00e4hrung","description":"Das ist die Homepage f\u00fcr gesunde Ern\u00e4hrung der Hunde - mit Herz und Verstand. Hier erf\u00e4hrst du alles zum Thema artgerechte, frische und...","robots":{"index":"index","follow":"follow","max-snippet":"max-snippet:-1","max-image-preview":"max-image-preview:large","max-video-preview":"max-video-preview:-1"},"canonical":"https:\/\/dogsandfoods.com\/","og_locale":"de_DE","og_type":"article","og_title":"Gesunde Ern\u00e4hrung","og_description":"Das ist die Homepage f\u00fcr gesunde Ern\u00e4hrung der Hunde - mit Herz und Verstand. Hier erf\u00e4hrst du alles zum Thema artgerechte, frische und...","og_url":"https:\/\/dogsandfoods.com\/","og_site_name":"DOGS AND FOODS","article_modified_time":"2024-10-22T10:36:40+00:00","og_image":[{"width":1200,"height":628,"url":"https:\/\/dogsandfoods.com\/wp-content\/uploads\/2024\/10\/Gesunde-Ernahrung.png","type":"image\/png"}],"twitter_card":"summary_large_image","twitter_misc":{"Gesch\u00e4tzte Lesezeit":"3\u00a0Minuten"},"schema":{"@context":"https:\/\/schema.org","@graph":[{"@type":"WebPage","@id":"https:\/\/dogsandfoods.com\/","url":"https:\/\/dogsandfoods.com\/","name":"Gesunde Ern\u00e4hrung","isPartOf":{"@id":"https:\/\/dogsandfoods.com\/#website"},"primaryImageOfPage":{"@id":"https:\/\/dogsandfoods.com\/#primaryimage"},"image":{"@id":"https:\/\/dogsandfoods.com\/#primaryimage"},"thumbnailUrl":"https:\/\/dogsandfoods.com\/wp-content\/uploads\/2024\/10\/Gesunde-Ernahrung.png","datePublished":"2024-07-12T17:12:55+00:00","dateModified":"2024-10-22T10:36:40+00:00","description":"Das ist die Homepage f\u00fcr gesunde Ern\u00e4hrung der Hunde - mit Herz und Verstand. Hier erf\u00e4hrst du alles zum Thema artgerechte, frische und...","breadcrumb":{"@id":"https:\/\/dogsandfoods.com\/#breadcrumb"},"inLanguage":"de-CH","potentialAction":[{"@type":"ReadAction","target":["https:\/\/dogsandfoods.com\/"]}]},{"@type":"ImageObject","inLanguage":"de-CH","@id":"https:\/\/dogsandfoods.com\/#primaryimage","url":"https:\/\/dogsandfoods.com\/wp-content\/uploads\/2024\/10\/Gesunde-Ernahrung.png","contentUrl":"https:\/\/dogsandfoods.com\/wp-content\/uploads\/2024\/10\/Gesunde-Ernahrung.png","width":1200,"height":628,"caption":"gesunde Ern\u00e4hrung"},{"@type":"BreadcrumbList","@id":"https:\/\/dogsandfoods.com\/#breadcrumb","itemListElement":[{"@type":"ListItem","position":1,"name":"Home","item":"https:\/\/dogsandfoods.com\/"},{"@type":"ListItem","position":2,"name":"Home"}]},{"@type":"WebSite","@id":"https:\/\/dogsandfoods.com\/#website","url":"https:\/\/dogsandfoods.com\/","name":"dogsandfoods.com","description":"Gesunde nat\u00fcrliche Hundeern\u00e4hrung","publisher":{"@id":"https:\/\/dogsandfoods.com\/#organization"},"potentialAction":[{"@type":"SearchAction","target":{"@type":"EntryPoint","urlTemplate":"https:\/\/dogsandfoods.com\/?s={search_term_string}"},"query-input":{"@type":"PropertyValueSpecification","valueRequired":true,"valueName":"search_term_string"}}],"inLanguage":"de-CH"},{"@type":"Organization","@id":"https:\/\/dogsandfoods.com\/#organization","name":"Dogs and Foods","url":"https:\/\/dogsandfoods.com\/","logo":{"@type":"ImageObject","inLanguage":"de-CH","@id":"https:\/\/dogsandfoods.com\/#\/schema\/logo\/image\/","url":"","contentUrl":"","caption":"Dogs and Foods"},"image":{"@id":"https:\/\/dogsandfoods.com\/#\/schema\/logo\/image\/"}}]}},"_links":{"self":[{"href":"https:\/\/dogsandfoods.com\/index.php\/wp-json\/wp\/v2\/pages\/1183","targetHints":{"allow":["GET"]}}],"collection":[{"href":"https:\/\/dogsandfoods.com\/index.php\/wp-json\/wp\/v2\/pages"}],"about":[{"href":"https:\/\/dogsandfoods.com\/index.php\/wp-json\/wp\/v2\/types\/page"}],"author":[{"embeddable":true,"href":"https:\/\/dogsandfoods.com\/index.php\/wp-json\/wp\/v2\/users\/2"}],"replies":[{"embeddable":true,"href":"https:\/\/dogsandfoods.com\/index.php\/wp-json\/wp\/v2\/comments?post=1183"}],"version-history":[{"count":0,"href":"https:\/\/dogsandfoods.com\/index.php\/wp-json\/wp\/v2\/pages\/1183\/revisions"}],"wp:featuredmedia":[{"embeddable":true,"href":"https:\/\/dogsandfoods.com\/index.php\/wp-json\/wp\/v2\/media\/2466"}],"wp:attachment":[{"href":"https:\/\/dogsandfoods.com\/index.php\/wp-json\/wp\/v2\/media?parent=1183"}],"curies":[{"name":"wp","href":"https:\/\/api.w.org\/{rel}","templated":true}]}}