{"id":1326,"date":"2024-07-14T15:24:09","date_gmt":"2024-07-14T15:24:09","guid":{"rendered":"https:\/\/dogsandfoods.com\/?page_id=1326"},"modified":"2024-10-13T15:20:48","modified_gmt":"2024-10-13T15:20:48","slug":"ernahrungsplan-fur-kranke-hunde","status":"publish","type":"page","link":"https:\/\/dogsandfoods.com\/index.php\/ernahrungsplan-fur-kranke-hunde\/","title":{"rendered":"Ern\u00e4hrungsplan f\u00fcr kranke Hunde"},"content":{"rendered":"\n<p class=\"has-medium-font-size\">Ich bieten massgeschneiderte Ern\u00e4hrungspl\u00e4ne f\u00fcr kranke Hunde, abgestimmt auf ihre individuellen Bed\u00fcrfnisse. <\/p>\n\n\n\n<h2 class=\"wp-block-heading\">Wichtige Voraussetzung<\/h2>\n\n\n\n<p class=\"has-medium-font-size\">F\u00fcr die optimale Gestaltung des Ern\u00e4hrungsplans ist <mark style=\"background-color:rgba(0, 0, 0, 0)\" class=\"has-inline-color has-boulder-color\">unsere Zusammenarbeit <\/mark>entscheidend. Du kennst deinen Hund am besten \u2013 seine Vorlieben, sein Verhalten und seine speziellen Bed\u00fcrfnisse. Daher lege ich grossen Wert auf einen kontinuierlichen Dialog zwischen uns. Nur durch <strong><mark style=\"background-color:rgba(0, 0, 0, 0)\" class=\"has-inline-color has-boulder-color\">dein Wissen und meine Expertise<\/mark><\/strong><mark style=\"background-color:rgba(0, 0, 0, 0)\" class=\"has-inline-color has-black-color\"><strong> <\/strong><\/mark>k\u00f6nnen wir eine individuelle Ern\u00e4hrungsstrategie entwickeln, die die Gesundheit und das Wohlbefinden deines Hundes nachhaltig f\u00f6rdert.<\/p>\n\n\n\n<h2 class=\"wp-block-heading\">Betreuungsdauer<\/h2>\n\n\n\n<p class=\"has-medium-font-size\"><mark style=\"background-color:rgba(0, 0, 0, 0)\" class=\"has-inline-color has-boulder-color\">In der Regel begleite ich meine Kunden zwischen einem und sechs Monaten. Du kannst jederzeit entscheiden, die Begleitung zu verl\u00e4ngern. <\/mark><\/p>\n\n\n\n<p class=\"has-medium-font-size\"><mark style=\"background-color:rgba(0, 0, 0, 0)\" class=\"has-inline-color has-boulder-color\">Falls du unsicher bist, kannst du zun\u00e4chst ein Probemonat buchen und dann nach Bedarf verl\u00e4ngern. Bitte bedenke, dass Hunde mit chronischen Erkrankungen oft eine l\u00e4ngere Begleitung ben\u00f6tigen, besonders wenn ihre Symptome schon l\u00e4nger bestehen.<\/mark><\/p>\n\n\n\n<h2 class=\"wp-block-heading\">Ablauf<\/h2>\n\n\n\n<p class=\"has-medium-font-size\"><strong><mark style=\"background-color:rgba(0, 0, 0, 0)\" class=\"has-inline-color has-boulder-color\">Anamnese und Analyse<\/mark><\/strong>: Wir beginnen mit einer umfassenden Untersuchung der Krankheitsgeschichte deines Hundes. Keine Sorge, ich schicke dir ein Formular, das du in Ruhe ausf\u00fcllen kannst. Kopien von Untersuchungsergebnissen wie Laborbefunden, Blutbildern, R\u00f6ntgenaufnahmen, Magenspiegelungen oder Biopsien sind wichtig, um den Ern\u00e4hrungsplan zielorientiert und optimal zu gestalten.<\/p>\n\n\n\n<p class=\"has-medium-font-size\"><strong><mark style=\"background-color:rgba(0, 0, 0, 0)\" class=\"has-inline-color has-boulder-color\">Erstellung des Ern\u00e4hrungsplans<\/mark><\/strong>: Basierend auf der Anamnese erstelle ich einen Ern\u00e4hrungsplan, der den Geschmack deines Hundes und deine Lebensbedingungen\/M\u00f6glichkeiten ber\u00fccksichtigt. Dieser erste Plan dienst als &#171;Basisplan&#187;: Wir tauschen uns regelm\u00e4ssig aus und beobachten, wie deinem Hund das neue Futter schmeckt und wie es ihm geht. Anhand deiner R\u00fcckmeldungen passe ich den Ern\u00e4hrungsplan bei Bedarf an.<\/p>\n\n\n\n<p class=\"has-medium-font-size\"><strong><mark style=\"background-color:rgba(0, 0, 0, 0)\" class=\"has-inline-color has-boulder-color\">Regelm\u00e4ssige \u00dcberpr\u00fcfung und Anpassung<\/mark><\/strong>: Alle zwei Wochen \u00fcberpr\u00fcfe ich den Ern\u00e4hrungsplan und passe ihn bei Bedarf an, basierend auf deinen R\u00fcckmeldungen.<\/p>\n\n\n\n<h2 class=\"wp-block-heading\">Umfang der Betreuung<\/h2>\n\n\n\n<p class=\"has-medium-font-size\">Die Beratungen und die Betreuung umfassen sowohl E-Mail-Korrespondenz als auch telefonische Gespr\u00e4che, um eine flexible und individuelle Begleitung zu gew\u00e4hrleisten. <\/p>\n\n\n\n<h2 class=\"wp-block-heading\">Preise<\/h2>\n\n\n\n<p class=\"has-medium-font-size\">S. <a href=\"https:\/\/dogsandfoods.com\/index.php\/preisliste\/\">Preisliste<\/a><\/p>\n\n\n\n<p class=\"has-medium-font-size\">Bei allen Ern\u00e4hrungspl\u00e4nen, insbesondere f\u00fcr kranke Hunde, achte ich auf die Einhaltung der internationalen Ern\u00e4hrungsrichtlinien f\u00fcr Hunde.<\/p>\n\n\n\n<p class=\"has-medium-font-size\"><a href=\"https:\/\/dogsandfoods.com\/index.php\/contact\/\">Kontaktiere mich,<\/a> um mehr \u00fcber meine Beratungsangebote und Ern\u00e4hrungspl\u00e4ne zu erfahren. Gemeinsam sorgen wir f\u00fcr die optimale Ern\u00e4hrung und das Wohlbefinden deines Hundes.<\/p>\n\n\n\n<div class=\"wp-block-buttons is-layout-flex wp-block-buttons-is-layout-flex\">\n<div class=\"wp-block-button\"><a class=\"wp-block-button__link wp-element-button\" href=\"https:\/\/dogsandfoods.com\/index.php\/beratung\/\" target=\"_blank\" rel=\"noreferrer noopener\">Zur\u00fcck zu den Dienstleistungen<\/a><\/div>\n<\/div>\n","protected":false},"excerpt":{"rendered":"<p>Ich bieten massgeschneiderte Ern\u00e4hrungspl\u00e4ne f\u00fcr kranke Hunde, abgestimmt auf ihre individuellen Bed\u00fcrfnisse. Wichtige Voraussetzung F\u00fcr die optimale Gestaltung des Ern\u00e4hrungsplans ist unsere Zusammenarbeit entscheidend. Du kennst deinen Hund am besten \u2013 seine Vorlieben, sein Verhalten und seine speziellen Bed\u00fcrfnisse. Daher lege ich grossen Wert auf einen kontinuierlichen Dialog zwischen uns. Nur durch dein Wissen und meine Expertise k\u00f6nnen wir eine individuelle Ern\u00e4hrungsstrategie entwickeln, die die Gesundheit und das Wohlbefinden deines Hundes nachhaltig f\u00f6rdert. Betreuungsdauer In der Regel begleite ich meine Kunden zwischen einem und sechs Monaten. Du kannst jederzeit entscheiden, die Begleitung zu verl\u00e4ngern. Falls du unsicher bist, kannst du zun\u00e4chst ein Probemonat buchen und dann nach Bedarf verl\u00e4ngern. Bitte bedenke, dass Hunde mit chronischen Erkrankungen oft eine l\u00e4ngere Begleitung ben\u00f6tigen, besonders wenn ihre Symptome schon l\u00e4nger bestehen. Ablauf Anamnese und Analyse: Wir beginnen mit einer umfassenden Untersuchung der Krankheitsgeschichte deines Hundes. Keine Sorge, ich schicke dir ein Formular, das du in Ruhe ausf\u00fcllen kannst. Kopien von Untersuchungsergebnissen wie Laborbefunden, Blutbildern, R\u00f6ntgenaufnahmen, Magenspiegelungen oder Biopsien sind wichtig, um den Ern\u00e4hrungsplan zielorientiert und optimal zu gestalten. Erstellung des Ern\u00e4hrungsplans: Basierend auf der Anamnese erstelle ich einen Ern\u00e4hrungsplan, der den Geschmack deines Hundes und deine Lebensbedingungen\/M\u00f6glichkeiten ber\u00fccksichtigt. Dieser erste Plan dienst als &#171;Basisplan&#187;: Wir tauschen uns regelm\u00e4ssig aus und beobachten, wie deinem Hund das neue Futter schmeckt und wie es ihm geht. Anhand deiner R\u00fcckmeldungen passe ich den Ern\u00e4hrungsplan bei Bedarf an. Regelm\u00e4ssige \u00dcberpr\u00fcfung und Anpassung: Alle zwei Wochen \u00fcberpr\u00fcfe ich den Ern\u00e4hrungsplan und passe ihn bei Bedarf an, basierend auf deinen R\u00fcckmeldungen. Umfang der Betreuung Die Beratungen und die Betreuung umfassen sowohl E-Mail-Korrespondenz als auch telefonische Gespr\u00e4che, um eine flexible und individuelle Begleitung zu gew\u00e4hrleisten. Preise S. Preisliste Bei allen Ern\u00e4hrungspl\u00e4nen, insbesondere f\u00fcr kranke Hunde, achte ich auf die Einhaltung der internationalen Ern\u00e4hrungsrichtlinien f\u00fcr Hunde. Kontaktiere mich, um mehr \u00fcber meine Beratungsangebote und Ern\u00e4hrungspl\u00e4ne zu erfahren. Gemeinsam sorgen wir f\u00fcr die optimale Ern\u00e4hrung und das Wohlbefinden deines Hundes.<\/p>\n","protected":false},"author":2,"featured_media":2454,"parent":0,"menu_order":0,"comment_status":"closed","ping_status":"closed","template":"templates\/about-page.php","meta":{"_glsr_average":0,"_glsr_ranking":0,"_glsr_reviews":0,"footnotes":""},"class_list":["post-1326","page","type-page","status-publish","has-post-thumbnail","hentry"],"acf":[],"yoast_head":"<!-- This site is optimized with the Yoast SEO plugin v27.5 - https:\/\/yoast.com\/product\/yoast-seo-wordpress\/ -->\n<title>Ern\u00e4hrungsplan f\u00fcr kranke Hunde - DOGS AND FOODS<\/title>\n<meta name=\"description\" content=\"Hier findest du den Beratungsablauf f\u00fcr massgeschneiderte Ern\u00e4hrungspl\u00e4ne f\u00fcr kranke Hunde. Die Betreuung kann zwischen drei und zw\u00f6lf ...\" \/>\n<meta name=\"robots\" content=\"index, follow, max-snippet:-1, max-image-preview:large, max-video-preview:-1\" \/>\n<link rel=\"canonical\" href=\"https:\/\/dogsandfoods.com\/index.php\/ernahrungsplan-fur-kranke-hunde\/\" \/>\n<meta property=\"og:locale\" content=\"de_DE\" \/>\n<meta property=\"og:type\" content=\"article\" \/>\n<meta property=\"og:title\" content=\"Ern\u00e4hrungsplan f\u00fcr kranke Hunde - DOGS AND FOODS\" \/>\n<meta property=\"og:description\" content=\"Hier findest du den Beratungsablauf f\u00fcr massgeschneiderte Ern\u00e4hrungspl\u00e4ne f\u00fcr kranke Hunde. Die Betreuung kann zwischen drei und zw\u00f6lf ...\" \/>\n<meta property=\"og:url\" content=\"https:\/\/dogsandfoods.com\/index.php\/ernahrungsplan-fur-kranke-hunde\/\" \/>\n<meta property=\"og:site_name\" content=\"DOGS AND FOODS\" \/>\n<meta property=\"article:modified_time\" content=\"2024-10-13T15:20:48+00:00\" \/>\n<meta property=\"og:image\" content=\"https:\/\/dogsandfoods.com\/wp-content\/uploads\/2024\/10\/Ernahrungplan-kranke-Hunde.png\" \/>\n\t<meta property=\"og:image:width\" content=\"1200\" \/>\n\t<meta property=\"og:image:height\" content=\"628\" \/>\n\t<meta property=\"og:image:type\" content=\"image\/png\" \/>\n<meta name=\"twitter:card\" content=\"summary_large_image\" \/>\n<meta name=\"twitter:label1\" content=\"Gesch\u00e4tzte Lesezeit\" \/>\n\t<meta name=\"twitter:data1\" content=\"2\u00a0Minuten\" \/>\n<script type=\"application\/ld+json\" class=\"yoast-schema-graph\">{\"@context\":\"https:\\\/\\\/schema.org\",\"@graph\":[{\"@type\":\"WebPage\",\"@id\":\"https:\\\/\\\/dogsandfoods.com\\\/index.php\\\/ernahrungsplan-fur-kranke-hunde\\\/\",\"url\":\"https:\\\/\\\/dogsandfoods.com\\\/index.php\\\/ernahrungsplan-fur-kranke-hunde\\\/\",\"name\":\"Ern\u00e4hrungsplan f\u00fcr kranke Hunde - DOGS AND FOODS\",\"isPartOf\":{\"@id\":\"https:\\\/\\\/dogsandfoods.com\\\/#website\"},\"primaryImageOfPage\":{\"@id\":\"https:\\\/\\\/dogsandfoods.com\\\/index.php\\\/ernahrungsplan-fur-kranke-hunde\\\/#primaryimage\"},\"image\":{\"@id\":\"https:\\\/\\\/dogsandfoods.com\\\/index.php\\\/ernahrungsplan-fur-kranke-hunde\\\/#primaryimage\"},\"thumbnailUrl\":\"https:\\\/\\\/dogsandfoods.com\\\/wp-content\\\/uploads\\\/2024\\\/10\\\/Ernahrungplan-kranke-Hunde.png\",\"datePublished\":\"2024-07-14T15:24:09+00:00\",\"dateModified\":\"2024-10-13T15:20:48+00:00\",\"description\":\"Hier findest du den Beratungsablauf f\u00fcr massgeschneiderte Ern\u00e4hrungspl\u00e4ne f\u00fcr kranke Hunde. Die Betreuung kann zwischen drei und zw\u00f6lf ...\",\"breadcrumb\":{\"@id\":\"https:\\\/\\\/dogsandfoods.com\\\/index.php\\\/ernahrungsplan-fur-kranke-hunde\\\/#breadcrumb\"},\"inLanguage\":\"de-CH\",\"potentialAction\":[{\"@type\":\"ReadAction\",\"target\":[\"https:\\\/\\\/dogsandfoods.com\\\/index.php\\\/ernahrungsplan-fur-kranke-hunde\\\/\"]}]},{\"@type\":\"ImageObject\",\"inLanguage\":\"de-CH\",\"@id\":\"https:\\\/\\\/dogsandfoods.com\\\/index.php\\\/ernahrungsplan-fur-kranke-hunde\\\/#primaryimage\",\"url\":\"https:\\\/\\\/dogsandfoods.com\\\/wp-content\\\/uploads\\\/2024\\\/10\\\/Ernahrungplan-kranke-Hunde.png\",\"contentUrl\":\"https:\\\/\\\/dogsandfoods.com\\\/wp-content\\\/uploads\\\/2024\\\/10\\\/Ernahrungplan-kranke-Hunde.png\",\"width\":1200,\"height\":628,\"caption\":\"Ern\u00e4hrungplan kranke Hunde\"},{\"@type\":\"BreadcrumbList\",\"@id\":\"https:\\\/\\\/dogsandfoods.com\\\/index.php\\\/ernahrungsplan-fur-kranke-hunde\\\/#breadcrumb\",\"itemListElement\":[{\"@type\":\"ListItem\",\"position\":1,\"name\":\"Home\",\"item\":\"https:\\\/\\\/dogsandfoods.com\\\/\"},{\"@type\":\"ListItem\",\"position\":2,\"name\":\"Ern\u00e4hrungsplan f\u00fcr kranke Hunde\"}]},{\"@type\":\"WebSite\",\"@id\":\"https:\\\/\\\/dogsandfoods.com\\\/#website\",\"url\":\"https:\\\/\\\/dogsandfoods.com\\\/\",\"name\":\"dogsandfoods.com\",\"description\":\"Gesunde nat\u00fcrliche Hundeern\u00e4hrung\",\"publisher\":{\"@id\":\"https:\\\/\\\/dogsandfoods.com\\\/#organization\"},\"potentialAction\":[{\"@type\":\"SearchAction\",\"target\":{\"@type\":\"EntryPoint\",\"urlTemplate\":\"https:\\\/\\\/dogsandfoods.com\\\/?s={search_term_string}\"},\"query-input\":{\"@type\":\"PropertyValueSpecification\",\"valueRequired\":true,\"valueName\":\"search_term_string\"}}],\"inLanguage\":\"de-CH\"},{\"@type\":\"Organization\",\"@id\":\"https:\\\/\\\/dogsandfoods.com\\\/#organization\",\"name\":\"Dogs and Foods\",\"url\":\"https:\\\/\\\/dogsandfoods.com\\\/\",\"logo\":{\"@type\":\"ImageObject\",\"inLanguage\":\"de-CH\",\"@id\":\"https:\\\/\\\/dogsandfoods.com\\\/#\\\/schema\\\/logo\\\/image\\\/\",\"url\":\"\",\"contentUrl\":\"\",\"caption\":\"Dogs and Foods\"},\"image\":{\"@id\":\"https:\\\/\\\/dogsandfoods.com\\\/#\\\/schema\\\/logo\\\/image\\\/\"}}]}<\/script>\n<!-- \/ Yoast SEO plugin. -->","yoast_head_json":{"title":"Ern\u00e4hrungsplan f\u00fcr kranke Hunde - DOGS AND FOODS","description":"Hier findest du den Beratungsablauf f\u00fcr massgeschneiderte Ern\u00e4hrungspl\u00e4ne f\u00fcr kranke Hunde. Die Betreuung kann zwischen drei und zw\u00f6lf ...","robots":{"index":"index","follow":"follow","max-snippet":"max-snippet:-1","max-image-preview":"max-image-preview:large","max-video-preview":"max-video-preview:-1"},"canonical":"https:\/\/dogsandfoods.com\/index.php\/ernahrungsplan-fur-kranke-hunde\/","og_locale":"de_DE","og_type":"article","og_title":"Ern\u00e4hrungsplan f\u00fcr kranke Hunde - DOGS AND FOODS","og_description":"Hier findest du den Beratungsablauf f\u00fcr massgeschneiderte Ern\u00e4hrungspl\u00e4ne f\u00fcr kranke Hunde. Die Betreuung kann zwischen drei und zw\u00f6lf ...","og_url":"https:\/\/dogsandfoods.com\/index.php\/ernahrungsplan-fur-kranke-hunde\/","og_site_name":"DOGS AND FOODS","article_modified_time":"2024-10-13T15:20:48+00:00","og_image":[{"width":1200,"height":628,"url":"https:\/\/dogsandfoods.com\/wp-content\/uploads\/2024\/10\/Ernahrungplan-kranke-Hunde.png","type":"image\/png"}],"twitter_card":"summary_large_image","twitter_misc":{"Gesch\u00e4tzte Lesezeit":"2\u00a0Minuten"},"schema":{"@context":"https:\/\/schema.org","@graph":[{"@type":"WebPage","@id":"https:\/\/dogsandfoods.com\/index.php\/ernahrungsplan-fur-kranke-hunde\/","url":"https:\/\/dogsandfoods.com\/index.php\/ernahrungsplan-fur-kranke-hunde\/","name":"Ern\u00e4hrungsplan f\u00fcr kranke Hunde - DOGS AND FOODS","isPartOf":{"@id":"https:\/\/dogsandfoods.com\/#website"},"primaryImageOfPage":{"@id":"https:\/\/dogsandfoods.com\/index.php\/ernahrungsplan-fur-kranke-hunde\/#primaryimage"},"image":{"@id":"https:\/\/dogsandfoods.com\/index.php\/ernahrungsplan-fur-kranke-hunde\/#primaryimage"},"thumbnailUrl":"https:\/\/dogsandfoods.com\/wp-content\/uploads\/2024\/10\/Ernahrungplan-kranke-Hunde.png","datePublished":"2024-07-14T15:24:09+00:00","dateModified":"2024-10-13T15:20:48+00:00","description":"Hier findest du den Beratungsablauf f\u00fcr massgeschneiderte Ern\u00e4hrungspl\u00e4ne f\u00fcr kranke Hunde. Die Betreuung kann zwischen drei und zw\u00f6lf ...","breadcrumb":{"@id":"https:\/\/dogsandfoods.com\/index.php\/ernahrungsplan-fur-kranke-hunde\/#breadcrumb"},"inLanguage":"de-CH","potentialAction":[{"@type":"ReadAction","target":["https:\/\/dogsandfoods.com\/index.php\/ernahrungsplan-fur-kranke-hunde\/"]}]},{"@type":"ImageObject","inLanguage":"de-CH","@id":"https:\/\/dogsandfoods.com\/index.php\/ernahrungsplan-fur-kranke-hunde\/#primaryimage","url":"https:\/\/dogsandfoods.com\/wp-content\/uploads\/2024\/10\/Ernahrungplan-kranke-Hunde.png","contentUrl":"https:\/\/dogsandfoods.com\/wp-content\/uploads\/2024\/10\/Ernahrungplan-kranke-Hunde.png","width":1200,"height":628,"caption":"Ern\u00e4hrungplan kranke Hunde"},{"@type":"BreadcrumbList","@id":"https:\/\/dogsandfoods.com\/index.php\/ernahrungsplan-fur-kranke-hunde\/#breadcrumb","itemListElement":[{"@type":"ListItem","position":1,"name":"Home","item":"https:\/\/dogsandfoods.com\/"},{"@type":"ListItem","position":2,"name":"Ern\u00e4hrungsplan f\u00fcr kranke Hunde"}]},{"@type":"WebSite","@id":"https:\/\/dogsandfoods.com\/#website","url":"https:\/\/dogsandfoods.com\/","name":"dogsandfoods.com","description":"Gesunde nat\u00fcrliche Hundeern\u00e4hrung","publisher":{"@id":"https:\/\/dogsandfoods.com\/#organization"},"potentialAction":[{"@type":"SearchAction","target":{"@type":"EntryPoint","urlTemplate":"https:\/\/dogsandfoods.com\/?s={search_term_string}"},"query-input":{"@type":"PropertyValueSpecification","valueRequired":true,"valueName":"search_term_string"}}],"inLanguage":"de-CH"},{"@type":"Organization","@id":"https:\/\/dogsandfoods.com\/#organization","name":"Dogs and Foods","url":"https:\/\/dogsandfoods.com\/","logo":{"@type":"ImageObject","inLanguage":"de-CH","@id":"https:\/\/dogsandfoods.com\/#\/schema\/logo\/image\/","url":"","contentUrl":"","caption":"Dogs and Foods"},"image":{"@id":"https:\/\/dogsandfoods.com\/#\/schema\/logo\/image\/"}}]}},"_links":{"self":[{"href":"https:\/\/dogsandfoods.com\/index.php\/wp-json\/wp\/v2\/pages\/1326","targetHints":{"allow":["GET"]}}],"collection":[{"href":"https:\/\/dogsandfoods.com\/index.php\/wp-json\/wp\/v2\/pages"}],"about":[{"href":"https:\/\/dogsandfoods.com\/index.php\/wp-json\/wp\/v2\/types\/page"}],"author":[{"embeddable":true,"href":"https:\/\/dogsandfoods.com\/index.php\/wp-json\/wp\/v2\/users\/2"}],"replies":[{"embeddable":true,"href":"https:\/\/dogsandfoods.com\/index.php\/wp-json\/wp\/v2\/comments?post=1326"}],"version-history":[{"count":0,"href":"https:\/\/dogsandfoods.com\/index.php\/wp-json\/wp\/v2\/pages\/1326\/revisions"}],"wp:featuredmedia":[{"embeddable":true,"href":"https:\/\/dogsandfoods.com\/index.php\/wp-json\/wp\/v2\/media\/2454"}],"wp:attachment":[{"href":"https:\/\/dogsandfoods.com\/index.php\/wp-json\/wp\/v2\/media?parent=1326"}],"curies":[{"name":"wp","href":"https:\/\/api.w.org\/{rel}","templated":true}]}}