{"id":1344,"date":"2024-07-14T18:13:49","date_gmt":"2024-07-14T18:13:49","guid":{"rendered":"https:\/\/dogsandfoods.com\/?page_id=1344"},"modified":"2025-01-01T11:03:23","modified_gmt":"2025-01-01T11:03:23","slug":"ernahrungsplan-fur-gesunde-hunde","status":"publish","type":"page","link":"https:\/\/dogsandfoods.com\/index.php\/ernahrungsplan-fur-gesunde-hunde\/","title":{"rendered":"Ern\u00e4hrungsplan f\u00fcr gesunde Hunde"},"content":{"rendered":"\n<p class=\"has-medium-font-size\">Du hast dich entschieden, deinen Hund gesund, nat\u00fcrlich und bedarfsdeckend zu ern\u00e4hren. Das ist das beste, was du f\u00fcr die Gesundheit, das Wohlbefinden und ein langes Leben deiner Fellnase tun kannst!<\/p>\n\n\n\n<h2 class=\"wp-block-heading\">Betreuungsdauer <\/h2>\n\n\n\n<p class=\"has-medium-font-size\">Die Betreuung kann je nach Wunsch der Hundebesitzer zwischen einem und sechs Monaten dauern. <\/p>\n\n\n\n<h2 class=\"wp-block-heading\">Ablauf <\/h2>\n\n\n\n<p class=\"has-medium-font-size\"><strong>Kennenlernen:<\/strong> Zun\u00e4chst ben\u00f6tige ich umfassende Informationen zu deinem Hund: Alter, Gr\u00f6sse, Rasse (wenn bekannt), Verhalten, bisherige Ern\u00e4hrung, Reaktionen auf Futter, Vorlieben, gew\u00fcnschte \u00c4nderungen und Gr\u00fcnde daf\u00fcr. Keine Sorge, ich schicke dir ein Formular, das du in Ruhe ausf\u00fcllen kannst.<\/p>\n\n\n\n<p class=\"has-medium-font-size\"><strong>Erstellung des Ern\u00e4hrungsplans:<\/strong> Basierend auf diesen Informationen erstelle ich einen ersten Ern\u00e4hrungsplan. Der erste Plan dienst als &#171;Basisplan&#187;: Wir tauschen uns regelm\u00e4ssig aus und beobachten, wie deinem Hund das neue Futter schmeckt und wie es ihm geht. Anhand deiner R\u00fcckmeldungen passe ich den Ern\u00e4hrungsplan bei Bedarf an.<\/p>\n\n\n\n<p class=\"has-medium-font-size\"><strong>Regelm\u00e4ssige \u00dcberpr\u00fcfung:<\/strong> Da sich jederzeit etwas ver\u00e4ndern kann, begleite ich dich w\u00e4hrend der vereinbarten Periode. Wir stehen im Kontakt und k\u00f6nnen bei Bedarf Anpassungen vornehmen.<\/p>\n\n\n\n<h2 class=\"wp-block-heading\">Umfang der Betreuung<\/h2>\n\n\n\n<p class=\"has-medium-font-size\" style=\"padding-top:var(--wp--preset--spacing--30);padding-right:var(--wp--preset--spacing--20);padding-bottom:var(--wp--preset--spacing--30);padding-left:var(--wp--preset--spacing--20)\">Die Beratungen und die Betreuung umfassen sowohl E-Mail-Korrespondenz als auch telefonische Gespr\u00e4che, um eine flexible und individuelle Begleitung zu gew\u00e4hrleisten.<\/p>\n\n\n\n<h2 class=\"wp-block-heading has-large-font-size\">Preise<\/h2>\n\n\n\n<p class=\"has-medium-font-size\" style=\"padding-top:var(--wp--preset--spacing--30);padding-right:var(--wp--preset--spacing--20);padding-bottom:var(--wp--preset--spacing--30);padding-left:var(--wp--preset--spacing--20)\">S. <a href=\"https:\/\/dogsandfoods.com\/index.php\/preisliste\/\">Preisliste<\/a><\/p>\n\n\n\n<p class=\"has-medium-font-size\" style=\"padding-top:var(--wp--preset--spacing--30);padding-right:var(--wp--preset--spacing--20);padding-bottom:var(--wp--preset--spacing--30);padding-left:var(--wp--preset--spacing--20)\"><a href=\"https:\/\/dogsandfoods.com\/index.php\/contact\/\"><mark style=\"background-color:rgba(0, 0, 0, 0)\" class=\"has-inline-color has-boulder-color\">Kontaktiere mich<\/mark><mark style=\"background-color:rgba(0, 0, 0, 0)\" class=\"has-inline-color has-black-color\">,<\/mark><\/a> um mehr \u00fcber meine Beratungsangebote und Ern\u00e4hrungspl\u00e4ne zu erfahren. Gemeinsam sorgen wir f\u00fcr die optimale Ern\u00e4hrung und das Wohlbefinden deines Hundes.<\/p>\n\n\n\n<div class=\"wp-block-buttons is-layout-flex wp-block-buttons-is-layout-flex\">\n<div class=\"wp-block-button\"><a class=\"wp-block-button__link wp-element-button\" href=\"https:\/\/dogsandfoods.com\/index.php\/beratung\/\">Zur\u00fcck zu den Dienstleistungen<\/a><\/div>\n<\/div>\n","protected":false},"excerpt":{"rendered":"<p>Du hast dich entschieden, deinen Hund gesund, nat\u00fcrlich und bedarfsdeckend zu ern\u00e4hren. Das ist das beste, was du f\u00fcr die Gesundheit, das Wohlbefinden und ein langes Leben deiner Fellnase tun kannst! Betreuungsdauer Die Betreuung kann je nach Wunsch der Hundebesitzer zwischen einem und sechs Monaten dauern. Ablauf Kennenlernen: Zun\u00e4chst ben\u00f6tige ich umfassende Informationen zu deinem Hund: Alter, Gr\u00f6sse, Rasse (wenn bekannt), Verhalten, bisherige Ern\u00e4hrung, Reaktionen auf Futter, Vorlieben, gew\u00fcnschte \u00c4nderungen und Gr\u00fcnde daf\u00fcr. Keine Sorge, ich schicke dir ein Formular, das du in Ruhe ausf\u00fcllen kannst. Erstellung des Ern\u00e4hrungsplans: Basierend auf diesen Informationen erstelle ich einen ersten Ern\u00e4hrungsplan. Der erste Plan dienst als &#171;Basisplan&#187;: Wir tauschen uns regelm\u00e4ssig aus und beobachten, wie deinem Hund das neue Futter schmeckt und wie es ihm geht. Anhand deiner R\u00fcckmeldungen passe ich den Ern\u00e4hrungsplan bei Bedarf an. Regelm\u00e4ssige \u00dcberpr\u00fcfung: Da sich jederzeit etwas ver\u00e4ndern kann, begleite ich dich w\u00e4hrend der vereinbarten Periode. Wir stehen im Kontakt und k\u00f6nnen bei Bedarf Anpassungen vornehmen. Umfang der Betreuung Die Beratungen und die Betreuung umfassen sowohl E-Mail-Korrespondenz als auch telefonische Gespr\u00e4che, um eine flexible und individuelle Begleitung zu gew\u00e4hrleisten. Preise S. Preisliste Kontaktiere mich, um mehr \u00fcber meine Beratungsangebote und Ern\u00e4hrungspl\u00e4ne zu erfahren. Gemeinsam sorgen wir f\u00fcr die optimale Ern\u00e4hrung und das Wohlbefinden deines Hundes.<\/p>\n","protected":false},"author":2,"featured_media":2455,"parent":0,"menu_order":0,"comment_status":"closed","ping_status":"closed","template":"","meta":{"_glsr_average":0,"_glsr_ranking":0,"_glsr_reviews":0,"footnotes":""},"class_list":["post-1344","page","type-page","status-publish","has-post-thumbnail","hentry"],"acf":[],"yoast_head":"<!-- This site is optimized with the Yoast SEO plugin v27.5 - https:\/\/yoast.com\/product\/yoast-seo-wordpress\/ -->\n<title>Ern\u00e4hrungsplan f\u00fcr gesunde Hunde - DOGS AND FOODS<\/title>\n<meta name=\"description\" content=\"Ern\u00e4hrungsplan f\u00fcr gesunde Hunde: erfahre hier was ich zu diesem Thema anbiete und wie ich deinem Hund helfen kann.\" \/>\n<meta name=\"robots\" content=\"index, follow, max-snippet:-1, max-image-preview:large, max-video-preview:-1\" \/>\n<link rel=\"canonical\" href=\"https:\/\/dogsandfoods.com\/index.php\/ernahrungsplan-fur-gesunde-hunde\/\" \/>\n<meta property=\"og:locale\" content=\"de_DE\" \/>\n<meta property=\"og:type\" content=\"article\" \/>\n<meta property=\"og:title\" content=\"Ern\u00e4hrungsplan f\u00fcr gesunde Hunde - DOGS AND FOODS\" \/>\n<meta property=\"og:description\" content=\"Ern\u00e4hrungsplan f\u00fcr gesunde Hunde: erfahre hier was ich zu diesem Thema anbiete und wie ich deinem Hund helfen kann.\" \/>\n<meta property=\"og:url\" content=\"https:\/\/dogsandfoods.com\/index.php\/ernahrungsplan-fur-gesunde-hunde\/\" \/>\n<meta property=\"og:site_name\" content=\"DOGS AND FOODS\" \/>\n<meta property=\"article:modified_time\" content=\"2025-01-01T11:03:23+00:00\" \/>\n<meta property=\"og:image\" content=\"https:\/\/dogsandfoods.com\/wp-content\/uploads\/2024\/10\/gesunder-Hund.png\" \/>\n\t<meta property=\"og:image:width\" content=\"1200\" \/>\n\t<meta property=\"og:image:height\" content=\"628\" \/>\n\t<meta property=\"og:image:type\" content=\"image\/png\" \/>\n<meta name=\"twitter:card\" content=\"summary_large_image\" \/>\n<meta name=\"twitter:label1\" content=\"Gesch\u00e4tzte Lesezeit\" \/>\n\t<meta name=\"twitter:data1\" content=\"2\u00a0Minuten\" \/>\n<script type=\"application\/ld+json\" class=\"yoast-schema-graph\">{\"@context\":\"https:\\\/\\\/schema.org\",\"@graph\":[{\"@type\":\"WebPage\",\"@id\":\"https:\\\/\\\/dogsandfoods.com\\\/index.php\\\/ernahrungsplan-fur-gesunde-hunde\\\/\",\"url\":\"https:\\\/\\\/dogsandfoods.com\\\/index.php\\\/ernahrungsplan-fur-gesunde-hunde\\\/\",\"name\":\"Ern\u00e4hrungsplan f\u00fcr gesunde Hunde - DOGS AND FOODS\",\"isPartOf\":{\"@id\":\"https:\\\/\\\/dogsandfoods.com\\\/#website\"},\"primaryImageOfPage\":{\"@id\":\"https:\\\/\\\/dogsandfoods.com\\\/index.php\\\/ernahrungsplan-fur-gesunde-hunde\\\/#primaryimage\"},\"image\":{\"@id\":\"https:\\\/\\\/dogsandfoods.com\\\/index.php\\\/ernahrungsplan-fur-gesunde-hunde\\\/#primaryimage\"},\"thumbnailUrl\":\"https:\\\/\\\/dogsandfoods.com\\\/wp-content\\\/uploads\\\/2024\\\/10\\\/gesunder-Hund.png\",\"datePublished\":\"2024-07-14T18:13:49+00:00\",\"dateModified\":\"2025-01-01T11:03:23+00:00\",\"description\":\"Ern\u00e4hrungsplan f\u00fcr gesunde Hunde: erfahre hier was ich zu diesem Thema anbiete und wie ich deinem Hund helfen kann.\",\"breadcrumb\":{\"@id\":\"https:\\\/\\\/dogsandfoods.com\\\/index.php\\\/ernahrungsplan-fur-gesunde-hunde\\\/#breadcrumb\"},\"inLanguage\":\"de-CH\",\"potentialAction\":[{\"@type\":\"ReadAction\",\"target\":[\"https:\\\/\\\/dogsandfoods.com\\\/index.php\\\/ernahrungsplan-fur-gesunde-hunde\\\/\"]}]},{\"@type\":\"ImageObject\",\"inLanguage\":\"de-CH\",\"@id\":\"https:\\\/\\\/dogsandfoods.com\\\/index.php\\\/ernahrungsplan-fur-gesunde-hunde\\\/#primaryimage\",\"url\":\"https:\\\/\\\/dogsandfoods.com\\\/wp-content\\\/uploads\\\/2024\\\/10\\\/gesunder-Hund.png\",\"contentUrl\":\"https:\\\/\\\/dogsandfoods.com\\\/wp-content\\\/uploads\\\/2024\\\/10\\\/gesunder-Hund.png\",\"width\":1200,\"height\":628,\"caption\":\"gesunder Hund\"},{\"@type\":\"BreadcrumbList\",\"@id\":\"https:\\\/\\\/dogsandfoods.com\\\/index.php\\\/ernahrungsplan-fur-gesunde-hunde\\\/#breadcrumb\",\"itemListElement\":[{\"@type\":\"ListItem\",\"position\":1,\"name\":\"Home\",\"item\":\"https:\\\/\\\/dogsandfoods.com\\\/\"},{\"@type\":\"ListItem\",\"position\":2,\"name\":\"Ern\u00e4hrungsplan f\u00fcr gesunde Hunde\"}]},{\"@type\":\"WebSite\",\"@id\":\"https:\\\/\\\/dogsandfoods.com\\\/#website\",\"url\":\"https:\\\/\\\/dogsandfoods.com\\\/\",\"name\":\"dogsandfoods.com\",\"description\":\"Gesunde nat\u00fcrliche Hundeern\u00e4hrung\",\"publisher\":{\"@id\":\"https:\\\/\\\/dogsandfoods.com\\\/#organization\"},\"potentialAction\":[{\"@type\":\"SearchAction\",\"target\":{\"@type\":\"EntryPoint\",\"urlTemplate\":\"https:\\\/\\\/dogsandfoods.com\\\/?s={search_term_string}\"},\"query-input\":{\"@type\":\"PropertyValueSpecification\",\"valueRequired\":true,\"valueName\":\"search_term_string\"}}],\"inLanguage\":\"de-CH\"},{\"@type\":\"Organization\",\"@id\":\"https:\\\/\\\/dogsandfoods.com\\\/#organization\",\"name\":\"Dogs and Foods\",\"url\":\"https:\\\/\\\/dogsandfoods.com\\\/\",\"logo\":{\"@type\":\"ImageObject\",\"inLanguage\":\"de-CH\",\"@id\":\"https:\\\/\\\/dogsandfoods.com\\\/#\\\/schema\\\/logo\\\/image\\\/\",\"url\":\"\",\"contentUrl\":\"\",\"caption\":\"Dogs and Foods\"},\"image\":{\"@id\":\"https:\\\/\\\/dogsandfoods.com\\\/#\\\/schema\\\/logo\\\/image\\\/\"}}]}<\/script>\n<!-- \/ Yoast SEO plugin. -->","yoast_head_json":{"title":"Ern\u00e4hrungsplan f\u00fcr gesunde Hunde - DOGS AND FOODS","description":"Ern\u00e4hrungsplan f\u00fcr gesunde Hunde: erfahre hier was ich zu diesem Thema anbiete und wie ich deinem Hund helfen kann.","robots":{"index":"index","follow":"follow","max-snippet":"max-snippet:-1","max-image-preview":"max-image-preview:large","max-video-preview":"max-video-preview:-1"},"canonical":"https:\/\/dogsandfoods.com\/index.php\/ernahrungsplan-fur-gesunde-hunde\/","og_locale":"de_DE","og_type":"article","og_title":"Ern\u00e4hrungsplan f\u00fcr gesunde Hunde - DOGS AND FOODS","og_description":"Ern\u00e4hrungsplan f\u00fcr gesunde Hunde: erfahre hier was ich zu diesem Thema anbiete und wie ich deinem Hund helfen kann.","og_url":"https:\/\/dogsandfoods.com\/index.php\/ernahrungsplan-fur-gesunde-hunde\/","og_site_name":"DOGS AND FOODS","article_modified_time":"2025-01-01T11:03:23+00:00","og_image":[{"width":1200,"height":628,"url":"https:\/\/dogsandfoods.com\/wp-content\/uploads\/2024\/10\/gesunder-Hund.png","type":"image\/png"}],"twitter_card":"summary_large_image","twitter_misc":{"Gesch\u00e4tzte Lesezeit":"2\u00a0Minuten"},"schema":{"@context":"https:\/\/schema.org","@graph":[{"@type":"WebPage","@id":"https:\/\/dogsandfoods.com\/index.php\/ernahrungsplan-fur-gesunde-hunde\/","url":"https:\/\/dogsandfoods.com\/index.php\/ernahrungsplan-fur-gesunde-hunde\/","name":"Ern\u00e4hrungsplan f\u00fcr gesunde Hunde - DOGS AND FOODS","isPartOf":{"@id":"https:\/\/dogsandfoods.com\/#website"},"primaryImageOfPage":{"@id":"https:\/\/dogsandfoods.com\/index.php\/ernahrungsplan-fur-gesunde-hunde\/#primaryimage"},"image":{"@id":"https:\/\/dogsandfoods.com\/index.php\/ernahrungsplan-fur-gesunde-hunde\/#primaryimage"},"thumbnailUrl":"https:\/\/dogsandfoods.com\/wp-content\/uploads\/2024\/10\/gesunder-Hund.png","datePublished":"2024-07-14T18:13:49+00:00","dateModified":"2025-01-01T11:03:23+00:00","description":"Ern\u00e4hrungsplan f\u00fcr gesunde Hunde: erfahre hier was ich zu diesem Thema anbiete und wie ich deinem Hund helfen kann.","breadcrumb":{"@id":"https:\/\/dogsandfoods.com\/index.php\/ernahrungsplan-fur-gesunde-hunde\/#breadcrumb"},"inLanguage":"de-CH","potentialAction":[{"@type":"ReadAction","target":["https:\/\/dogsandfoods.com\/index.php\/ernahrungsplan-fur-gesunde-hunde\/"]}]},{"@type":"ImageObject","inLanguage":"de-CH","@id":"https:\/\/dogsandfoods.com\/index.php\/ernahrungsplan-fur-gesunde-hunde\/#primaryimage","url":"https:\/\/dogsandfoods.com\/wp-content\/uploads\/2024\/10\/gesunder-Hund.png","contentUrl":"https:\/\/dogsandfoods.com\/wp-content\/uploads\/2024\/10\/gesunder-Hund.png","width":1200,"height":628,"caption":"gesunder Hund"},{"@type":"BreadcrumbList","@id":"https:\/\/dogsandfoods.com\/index.php\/ernahrungsplan-fur-gesunde-hunde\/#breadcrumb","itemListElement":[{"@type":"ListItem","position":1,"name":"Home","item":"https:\/\/dogsandfoods.com\/"},{"@type":"ListItem","position":2,"name":"Ern\u00e4hrungsplan f\u00fcr gesunde Hunde"}]},{"@type":"WebSite","@id":"https:\/\/dogsandfoods.com\/#website","url":"https:\/\/dogsandfoods.com\/","name":"dogsandfoods.com","description":"Gesunde nat\u00fcrliche Hundeern\u00e4hrung","publisher":{"@id":"https:\/\/dogsandfoods.com\/#organization"},"potentialAction":[{"@type":"SearchAction","target":{"@type":"EntryPoint","urlTemplate":"https:\/\/dogsandfoods.com\/?s={search_term_string}"},"query-input":{"@type":"PropertyValueSpecification","valueRequired":true,"valueName":"search_term_string"}}],"inLanguage":"de-CH"},{"@type":"Organization","@id":"https:\/\/dogsandfoods.com\/#organization","name":"Dogs and Foods","url":"https:\/\/dogsandfoods.com\/","logo":{"@type":"ImageObject","inLanguage":"de-CH","@id":"https:\/\/dogsandfoods.com\/#\/schema\/logo\/image\/","url":"","contentUrl":"","caption":"Dogs and Foods"},"image":{"@id":"https:\/\/dogsandfoods.com\/#\/schema\/logo\/image\/"}}]}},"_links":{"self":[{"href":"https:\/\/dogsandfoods.com\/index.php\/wp-json\/wp\/v2\/pages\/1344","targetHints":{"allow":["GET"]}}],"collection":[{"href":"https:\/\/dogsandfoods.com\/index.php\/wp-json\/wp\/v2\/pages"}],"about":[{"href":"https:\/\/dogsandfoods.com\/index.php\/wp-json\/wp\/v2\/types\/page"}],"author":[{"embeddable":true,"href":"https:\/\/dogsandfoods.com\/index.php\/wp-json\/wp\/v2\/users\/2"}],"replies":[{"embeddable":true,"href":"https:\/\/dogsandfoods.com\/index.php\/wp-json\/wp\/v2\/comments?post=1344"}],"version-history":[{"count":1,"href":"https:\/\/dogsandfoods.com\/index.php\/wp-json\/wp\/v2\/pages\/1344\/revisions"}],"predecessor-version":[{"id":2705,"href":"https:\/\/dogsandfoods.com\/index.php\/wp-json\/wp\/v2\/pages\/1344\/revisions\/2705"}],"wp:featuredmedia":[{"embeddable":true,"href":"https:\/\/dogsandfoods.com\/index.php\/wp-json\/wp\/v2\/media\/2455"}],"wp:attachment":[{"href":"https:\/\/dogsandfoods.com\/index.php\/wp-json\/wp\/v2\/media?parent=1344"}],"curies":[{"name":"wp","href":"https:\/\/api.w.org\/{rel}","templated":true}]}}