{"id":1353,"date":"2024-07-14T18:28:59","date_gmt":"2024-07-14T18:28:59","guid":{"rendered":"https:\/\/dogsandfoods.com\/?page_id=1353"},"modified":"2024-10-13T15:20:31","modified_gmt":"2024-10-13T15:20:31","slug":"fertigfutteruberprufung-fur-hunde","status":"publish","type":"page","link":"https:\/\/dogsandfoods.com\/index.php\/fertigfutteruberprufung-fur-hunde\/","title":{"rendered":"Fertigfutter\u00fcberpr\u00fcfung f\u00fcr Hunde"},"content":{"rendered":"\n<h2 class=\"wp-block-heading\">Betreuungsdauer<\/h2>\n\n\n\n<p class=\"has-medium-font-size\" style=\"padding-top:var(--wp--preset--spacing--30);padding-right:var(--wp--preset--spacing--20);padding-bottom:var(--wp--preset--spacing--30);padding-left:var(--wp--preset--spacing--20)\">Um eine Fertigfutter\u00fcberpr\u00fcfung exakt und gewissenhaft zu machen, brauche ich ca. zwei Wochen. Die Dauer h\u00e4ngt vor allem davon ab, ob der Hund mit Trocken- oder Nassfutter oder Mischfutter ern\u00e4hrt wird.<\/p>\n\n\n\n<h2 class=\"wp-block-heading\">Ablauf<\/h2>\n\n\n\n<p class=\"has-medium-font-size\" style=\"padding-top:var(--wp--preset--spacing--30);padding-right:var(--wp--preset--spacing--20);padding-bottom:var(--wp--preset--spacing--30);padding-left:var(--wp--preset--spacing--20)\"><strong>Analyse:<\/strong> Zun\u00e4chst erfahre ich von dir, welches Futter dein Hund genau bekommt, wie oft er gef\u00fcttert wird,  welche Geschmacksrichtungen er bevorzugt und wie es ihm allgemein geht. Ich schicke dir ein Formular, das du in Ruhe ausf\u00fcllen kannst.<\/p>\n\n\n\n<p class=\"has-medium-font-size\" style=\"padding-top:0;padding-right:0;padding-bottom:0;padding-left:0\"><strong>Berechnung:<\/strong> Basierend auf den <a href=\"https:\/\/europeanpetfood.org\/self-regulation\/nutritional-guidelines\/\" target=\"_blank\" rel=\"noreferrer noopener\">internationalen Richtlinien f\u00fcr die Hundeern\u00e4hrung (FEDIAF) <\/a>und den genauen Bedarf deines Hundes berechne die N\u00e4hrwerte des aktuellen Futters. Ein wichtiger Faktor dabei ist die Verdaulichkeit vom Futter: sie bestimmt, ob und wie gut dein Hund die N\u00e4hrstoffe im Futter verwerten kann. Anschliessend erh\u00e4ltst du von mir einen umfassenden Bericht mit Empfehlungen.<\/p>\n\n\n\n<ol class=\"wp-block-list\">\n<li><\/li>\n<\/ol>\n\n\n\n<h2 class=\"wp-block-heading\">Preise<\/h2>\n\n\n\n<p class=\"has-medium-font-size\" style=\"padding-top:var(--wp--preset--spacing--30);padding-right:var(--wp--preset--spacing--20);padding-bottom:var(--wp--preset--spacing--30);padding-left:var(--wp--preset--spacing--20)\">S. <a href=\"https:\/\/dogsandfoods.com\/index.php\/preisliste\/\">Preisliste<\/a><\/p>\n\n\n\n<p class=\"has-medium-font-size\"><a href=\"https:\/\/dogsandfoods.com\/index.php\/contact\/\"><mark style=\"background-color:rgba(0, 0, 0, 0)\" class=\"has-inline-color has-boulder-color\">Kontaktiere mich,<\/mark><\/a> um mehr \u00fcber meine Beratungsangebote und Ern\u00e4hrungspl\u00e4ne zu erfahren. Gemeinsam sorgen wir f\u00fcr die optimale Ern\u00e4hrung und das Wohlbefinden deines Hundes.<\/p>\n\n\n\n<div class=\"wp-block-buttons is-layout-flex wp-block-buttons-is-layout-flex\">\n<div class=\"wp-block-button\"><a class=\"wp-block-button__link wp-element-button\" href=\"https:\/\/dogsandfoods.com\/index.php\/beratung\/\">Zur\u00fcck zu den Dienstleistungen<\/a><\/div>\n<\/div>\n","protected":false},"excerpt":{"rendered":"<p>Betreuungsdauer Um eine Fertigfutter\u00fcberpr\u00fcfung exakt und gewissenhaft zu machen, brauche ich ca. zwei Wochen. Die Dauer h\u00e4ngt vor allem davon ab, ob der Hund mit Trocken- oder Nassfutter oder Mischfutter ern\u00e4hrt wird. Ablauf Analyse: Zun\u00e4chst erfahre ich von dir, welches Futter dein Hund genau bekommt, wie oft er gef\u00fcttert wird, welche Geschmacksrichtungen er bevorzugt und wie es ihm allgemein geht. Ich schicke dir ein Formular, das du in Ruhe ausf\u00fcllen kannst. Berechnung: Basierend auf den internationalen Richtlinien f\u00fcr die Hundeern\u00e4hrung (FEDIAF) und den genauen Bedarf deines Hundes berechne die N\u00e4hrwerte des aktuellen Futters. Ein wichtiger Faktor dabei ist die Verdaulichkeit vom Futter: sie bestimmt, ob und wie gut dein Hund die N\u00e4hrstoffe im Futter verwerten kann. Anschliessend erh\u00e4ltst du von mir einen umfassenden Bericht mit Empfehlungen. Preise S. Preisliste Kontaktiere mich, um mehr \u00fcber meine Beratungsangebote und Ern\u00e4hrungspl\u00e4ne zu erfahren. Gemeinsam sorgen wir f\u00fcr die optimale Ern\u00e4hrung und das Wohlbefinden deines Hundes.<\/p>\n","protected":false},"author":2,"featured_media":2456,"parent":0,"menu_order":0,"comment_status":"closed","ping_status":"closed","template":"","meta":{"_glsr_average":0,"_glsr_ranking":0,"_glsr_reviews":0,"footnotes":""},"class_list":["post-1353","page","type-page","status-publish","has-post-thumbnail","hentry"],"acf":[],"yoast_head":"<!-- This site is optimized with the Yoast SEO plugin v27.5 - https:\/\/yoast.com\/product\/yoast-seo-wordpress\/ -->\n<title>Fertigfutter\u00fcberpr\u00fcfung f\u00fcr Hunde - DOGS AND FOODS<\/title>\n<meta name=\"description\" content=\"Erfahre hier alles \u00fcber die Fertigfutter\u00fcberpr\u00fcfung und was ich f\u00fcr deinen Hund machen kann, damit er lange gesund bleibt.\" \/>\n<meta name=\"robots\" content=\"index, follow, max-snippet:-1, max-image-preview:large, max-video-preview:-1\" \/>\n<link rel=\"canonical\" href=\"https:\/\/dogsandfoods.com\/index.php\/fertigfutteruberprufung-fur-hunde\/\" \/>\n<meta property=\"og:locale\" content=\"de_DE\" \/>\n<meta property=\"og:type\" content=\"article\" \/>\n<meta property=\"og:title\" content=\"Fertigfutter\u00fcberpr\u00fcfung f\u00fcr Hunde - DOGS AND FOODS\" \/>\n<meta property=\"og:description\" content=\"Erfahre hier alles \u00fcber die Fertigfutter\u00fcberpr\u00fcfung und was ich f\u00fcr deinen Hund machen kann, damit er lange gesund bleibt.\" \/>\n<meta property=\"og:url\" content=\"https:\/\/dogsandfoods.com\/index.php\/fertigfutteruberprufung-fur-hunde\/\" \/>\n<meta property=\"og:site_name\" content=\"DOGS AND FOODS\" \/>\n<meta property=\"article:modified_time\" content=\"2024-10-13T15:20:31+00:00\" \/>\n<meta property=\"og:image\" content=\"https:\/\/dogsandfoods.com\/wp-content\/uploads\/2024\/10\/Fertigfutter.png\" \/>\n\t<meta property=\"og:image:width\" content=\"1200\" \/>\n\t<meta property=\"og:image:height\" content=\"628\" \/>\n\t<meta property=\"og:image:type\" content=\"image\/png\" \/>\n<meta name=\"twitter:card\" content=\"summary_large_image\" \/>\n<meta name=\"twitter:label1\" content=\"Gesch\u00e4tzte Lesezeit\" \/>\n\t<meta name=\"twitter:data1\" content=\"1\u00a0Minute\" \/>\n<script type=\"application\/ld+json\" class=\"yoast-schema-graph\">{\"@context\":\"https:\\\/\\\/schema.org\",\"@graph\":[{\"@type\":\"WebPage\",\"@id\":\"https:\\\/\\\/dogsandfoods.com\\\/index.php\\\/fertigfutteruberprufung-fur-hunde\\\/\",\"url\":\"https:\\\/\\\/dogsandfoods.com\\\/index.php\\\/fertigfutteruberprufung-fur-hunde\\\/\",\"name\":\"Fertigfutter\u00fcberpr\u00fcfung f\u00fcr Hunde - DOGS AND FOODS\",\"isPartOf\":{\"@id\":\"https:\\\/\\\/dogsandfoods.com\\\/#website\"},\"primaryImageOfPage\":{\"@id\":\"https:\\\/\\\/dogsandfoods.com\\\/index.php\\\/fertigfutteruberprufung-fur-hunde\\\/#primaryimage\"},\"image\":{\"@id\":\"https:\\\/\\\/dogsandfoods.com\\\/index.php\\\/fertigfutteruberprufung-fur-hunde\\\/#primaryimage\"},\"thumbnailUrl\":\"https:\\\/\\\/dogsandfoods.com\\\/wp-content\\\/uploads\\\/2024\\\/10\\\/Fertigfutter.png\",\"datePublished\":\"2024-07-14T18:28:59+00:00\",\"dateModified\":\"2024-10-13T15:20:31+00:00\",\"description\":\"Erfahre hier alles \u00fcber die Fertigfutter\u00fcberpr\u00fcfung und was ich f\u00fcr deinen Hund machen kann, damit er lange gesund bleibt.\",\"breadcrumb\":{\"@id\":\"https:\\\/\\\/dogsandfoods.com\\\/index.php\\\/fertigfutteruberprufung-fur-hunde\\\/#breadcrumb\"},\"inLanguage\":\"de-CH\",\"potentialAction\":[{\"@type\":\"ReadAction\",\"target\":[\"https:\\\/\\\/dogsandfoods.com\\\/index.php\\\/fertigfutteruberprufung-fur-hunde\\\/\"]}]},{\"@type\":\"ImageObject\",\"inLanguage\":\"de-CH\",\"@id\":\"https:\\\/\\\/dogsandfoods.com\\\/index.php\\\/fertigfutteruberprufung-fur-hunde\\\/#primaryimage\",\"url\":\"https:\\\/\\\/dogsandfoods.com\\\/wp-content\\\/uploads\\\/2024\\\/10\\\/Fertigfutter.png\",\"contentUrl\":\"https:\\\/\\\/dogsandfoods.com\\\/wp-content\\\/uploads\\\/2024\\\/10\\\/Fertigfutter.png\",\"width\":1200,\"height\":628,\"caption\":\"Fertigfutter\"},{\"@type\":\"BreadcrumbList\",\"@id\":\"https:\\\/\\\/dogsandfoods.com\\\/index.php\\\/fertigfutteruberprufung-fur-hunde\\\/#breadcrumb\",\"itemListElement\":[{\"@type\":\"ListItem\",\"position\":1,\"name\":\"Home\",\"item\":\"https:\\\/\\\/dogsandfoods.com\\\/\"},{\"@type\":\"ListItem\",\"position\":2,\"name\":\"Fertigfutter\u00fcberpr\u00fcfung f\u00fcr Hunde\"}]},{\"@type\":\"WebSite\",\"@id\":\"https:\\\/\\\/dogsandfoods.com\\\/#website\",\"url\":\"https:\\\/\\\/dogsandfoods.com\\\/\",\"name\":\"dogsandfoods.com\",\"description\":\"Gesunde nat\u00fcrliche Hundeern\u00e4hrung\",\"publisher\":{\"@id\":\"https:\\\/\\\/dogsandfoods.com\\\/#organization\"},\"potentialAction\":[{\"@type\":\"SearchAction\",\"target\":{\"@type\":\"EntryPoint\",\"urlTemplate\":\"https:\\\/\\\/dogsandfoods.com\\\/?s={search_term_string}\"},\"query-input\":{\"@type\":\"PropertyValueSpecification\",\"valueRequired\":true,\"valueName\":\"search_term_string\"}}],\"inLanguage\":\"de-CH\"},{\"@type\":\"Organization\",\"@id\":\"https:\\\/\\\/dogsandfoods.com\\\/#organization\",\"name\":\"Dogs and Foods\",\"url\":\"https:\\\/\\\/dogsandfoods.com\\\/\",\"logo\":{\"@type\":\"ImageObject\",\"inLanguage\":\"de-CH\",\"@id\":\"https:\\\/\\\/dogsandfoods.com\\\/#\\\/schema\\\/logo\\\/image\\\/\",\"url\":\"\",\"contentUrl\":\"\",\"caption\":\"Dogs and Foods\"},\"image\":{\"@id\":\"https:\\\/\\\/dogsandfoods.com\\\/#\\\/schema\\\/logo\\\/image\\\/\"}}]}<\/script>\n<!-- \/ Yoast SEO plugin. -->","yoast_head_json":{"title":"Fertigfutter\u00fcberpr\u00fcfung f\u00fcr Hunde - DOGS AND FOODS","description":"Erfahre hier alles \u00fcber die Fertigfutter\u00fcberpr\u00fcfung und was ich f\u00fcr deinen Hund machen kann, damit er lange gesund bleibt.","robots":{"index":"index","follow":"follow","max-snippet":"max-snippet:-1","max-image-preview":"max-image-preview:large","max-video-preview":"max-video-preview:-1"},"canonical":"https:\/\/dogsandfoods.com\/index.php\/fertigfutteruberprufung-fur-hunde\/","og_locale":"de_DE","og_type":"article","og_title":"Fertigfutter\u00fcberpr\u00fcfung f\u00fcr Hunde - DOGS AND FOODS","og_description":"Erfahre hier alles \u00fcber die Fertigfutter\u00fcberpr\u00fcfung und was ich f\u00fcr deinen Hund machen kann, damit er lange gesund bleibt.","og_url":"https:\/\/dogsandfoods.com\/index.php\/fertigfutteruberprufung-fur-hunde\/","og_site_name":"DOGS AND FOODS","article_modified_time":"2024-10-13T15:20:31+00:00","og_image":[{"width":1200,"height":628,"url":"https:\/\/dogsandfoods.com\/wp-content\/uploads\/2024\/10\/Fertigfutter.png","type":"image\/png"}],"twitter_card":"summary_large_image","twitter_misc":{"Gesch\u00e4tzte Lesezeit":"1\u00a0Minute"},"schema":{"@context":"https:\/\/schema.org","@graph":[{"@type":"WebPage","@id":"https:\/\/dogsandfoods.com\/index.php\/fertigfutteruberprufung-fur-hunde\/","url":"https:\/\/dogsandfoods.com\/index.php\/fertigfutteruberprufung-fur-hunde\/","name":"Fertigfutter\u00fcberpr\u00fcfung f\u00fcr Hunde - DOGS AND FOODS","isPartOf":{"@id":"https:\/\/dogsandfoods.com\/#website"},"primaryImageOfPage":{"@id":"https:\/\/dogsandfoods.com\/index.php\/fertigfutteruberprufung-fur-hunde\/#primaryimage"},"image":{"@id":"https:\/\/dogsandfoods.com\/index.php\/fertigfutteruberprufung-fur-hunde\/#primaryimage"},"thumbnailUrl":"https:\/\/dogsandfoods.com\/wp-content\/uploads\/2024\/10\/Fertigfutter.png","datePublished":"2024-07-14T18:28:59+00:00","dateModified":"2024-10-13T15:20:31+00:00","description":"Erfahre hier alles \u00fcber die Fertigfutter\u00fcberpr\u00fcfung und was ich f\u00fcr deinen Hund machen kann, damit er lange gesund bleibt.","breadcrumb":{"@id":"https:\/\/dogsandfoods.com\/index.php\/fertigfutteruberprufung-fur-hunde\/#breadcrumb"},"inLanguage":"de-CH","potentialAction":[{"@type":"ReadAction","target":["https:\/\/dogsandfoods.com\/index.php\/fertigfutteruberprufung-fur-hunde\/"]}]},{"@type":"ImageObject","inLanguage":"de-CH","@id":"https:\/\/dogsandfoods.com\/index.php\/fertigfutteruberprufung-fur-hunde\/#primaryimage","url":"https:\/\/dogsandfoods.com\/wp-content\/uploads\/2024\/10\/Fertigfutter.png","contentUrl":"https:\/\/dogsandfoods.com\/wp-content\/uploads\/2024\/10\/Fertigfutter.png","width":1200,"height":628,"caption":"Fertigfutter"},{"@type":"BreadcrumbList","@id":"https:\/\/dogsandfoods.com\/index.php\/fertigfutteruberprufung-fur-hunde\/#breadcrumb","itemListElement":[{"@type":"ListItem","position":1,"name":"Home","item":"https:\/\/dogsandfoods.com\/"},{"@type":"ListItem","position":2,"name":"Fertigfutter\u00fcberpr\u00fcfung f\u00fcr Hunde"}]},{"@type":"WebSite","@id":"https:\/\/dogsandfoods.com\/#website","url":"https:\/\/dogsandfoods.com\/","name":"dogsandfoods.com","description":"Gesunde nat\u00fcrliche Hundeern\u00e4hrung","publisher":{"@id":"https:\/\/dogsandfoods.com\/#organization"},"potentialAction":[{"@type":"SearchAction","target":{"@type":"EntryPoint","urlTemplate":"https:\/\/dogsandfoods.com\/?s={search_term_string}"},"query-input":{"@type":"PropertyValueSpecification","valueRequired":true,"valueName":"search_term_string"}}],"inLanguage":"de-CH"},{"@type":"Organization","@id":"https:\/\/dogsandfoods.com\/#organization","name":"Dogs and Foods","url":"https:\/\/dogsandfoods.com\/","logo":{"@type":"ImageObject","inLanguage":"de-CH","@id":"https:\/\/dogsandfoods.com\/#\/schema\/logo\/image\/","url":"","contentUrl":"","caption":"Dogs and Foods"},"image":{"@id":"https:\/\/dogsandfoods.com\/#\/schema\/logo\/image\/"}}]}},"_links":{"self":[{"href":"https:\/\/dogsandfoods.com\/index.php\/wp-json\/wp\/v2\/pages\/1353","targetHints":{"allow":["GET"]}}],"collection":[{"href":"https:\/\/dogsandfoods.com\/index.php\/wp-json\/wp\/v2\/pages"}],"about":[{"href":"https:\/\/dogsandfoods.com\/index.php\/wp-json\/wp\/v2\/types\/page"}],"author":[{"embeddable":true,"href":"https:\/\/dogsandfoods.com\/index.php\/wp-json\/wp\/v2\/users\/2"}],"replies":[{"embeddable":true,"href":"https:\/\/dogsandfoods.com\/index.php\/wp-json\/wp\/v2\/comments?post=1353"}],"version-history":[{"count":0,"href":"https:\/\/dogsandfoods.com\/index.php\/wp-json\/wp\/v2\/pages\/1353\/revisions"}],"wp:featuredmedia":[{"embeddable":true,"href":"https:\/\/dogsandfoods.com\/index.php\/wp-json\/wp\/v2\/media\/2456"}],"wp:attachment":[{"href":"https:\/\/dogsandfoods.com\/index.php\/wp-json\/wp\/v2\/media?parent=1353"}],"curies":[{"name":"wp","href":"https:\/\/api.w.org\/{rel}","templated":true}]}}