{"id":1360,"date":"2024-07-14T18:57:43","date_gmt":"2024-07-14T18:57:43","guid":{"rendered":"https:\/\/dogsandfoods.com\/?page_id=1360"},"modified":"2025-01-01T11:14:01","modified_gmt":"2025-01-01T11:14:01","slug":"reisen-mit-hund","status":"publish","type":"page","link":"https:\/\/dogsandfoods.com\/index.php\/reisen-mit-hund\/","title":{"rendered":"Reiseberatung f\u00fcr Hundebesitzer"},"content":{"rendered":"\n<p class=\"has-medium-font-size\">Plane deine Reise mit deinem Hund entspannt und sicher! Ich unterst\u00fctze dich dabei, alle notwendigen Vorkehrungen zu treffen.<\/p>\n\n\n\n<h2 class=\"wp-block-heading\">Ablauf<\/h2>\n\n\n\n<p class=\"has-medium-font-size\"><strong>\u00dcberpr\u00fcfung der Reisedokumentation<\/strong>: Ich helfe dir, die Reisedokumente deines Hundes auf Aktualit\u00e4t zu \u00fcberpr\u00fcfen und reisefertig zu machen.<\/p>\n\n\n\n<p class=\"has-medium-font-size\"><strong>Vorbeugung von Mittelmeerkrankheiten und Parasiten<\/strong>: Ich berate dich, wie du Mittelmeerkrankheiten vorbeugen und einen wirksamen Parasitenschutz einsetzen kannst, der keine langfristigen gesundheitlichen Sch\u00e4den verursacht.<\/p>\n\n\n\n<p class=\"has-medium-font-size\"><strong>Umgang mit gesundheitlichen Problemen w\u00e4hrend der Reise<\/strong>: Ich unterst\u00fctze dich bei der Vorbereitung einer kleinen Reiseapotheke und berate dich, wie du m\u00f6gliche gesundheitliche Probleme w\u00e4hrend der Reise bew\u00e4ltigen kannst. Mein Spezialgebiet ist Italien \u2013 auf Wunsch helfe ich dir auch, Tier\u00e4rzte oder Kliniken vor Ort zu finden.<\/p>\n\n\n\n<p class=\"has-medium-font-size\"><strong>Ern\u00e4hrung w\u00e4hrend der Reise<\/strong>: Ich kenne den Hundefuttermarkt in Italien gut und helfe dir, dein gewohntes Futter vor Ort zu finden. Auch BARFer und Selbstkocher unterst\u00fctze ich dabei, alle notwendigen Zutaten zu finden und vor Ort zuzubereiten.<\/p>\n\n\n\n<h2 class=\"wp-block-heading\">Preise<\/h2>\n\n\n\n<p class=\"has-medium-font-size\">S. <a href=\"https:\/\/dogsandfoods.com\/index.php\/preisliste\/\">Preisliste<\/a><\/p>\n\n\n\n<p class=\"has-medium-font-size\"><mark style=\"background-color:rgba(0, 0, 0, 0)\" class=\"has-inline-color has-boulder-color\"><a href=\"https:\/\/dogsandfoods.com\/index.php\/contact\/\"><strong>Kontaktiere mich<\/strong><\/a>,<\/mark> um sicherzustellen, dass dein Hund bestens f\u00fcr die Reise vorbereitet ist.<\/p>\n\n\n\n<div class=\"wp-block-buttons is-layout-flex wp-block-buttons-is-layout-flex\">\n<div class=\"wp-block-button\"><a class=\"wp-block-button__link wp-element-button\" href=\"https:\/\/dogsandfoods.com\/index.php\/beratung\/\">Zur\u00fcck zu den Dienstleistungen<\/a><\/div>\n<\/div>\n","protected":false},"excerpt":{"rendered":"<p>Plane deine Reise mit deinem Hund entspannt und sicher! Ich unterst\u00fctze dich dabei, alle notwendigen Vorkehrungen zu treffen. Ablauf \u00dcberpr\u00fcfung der Reisedokumentation: Ich helfe dir, die Reisedokumente deines Hundes auf Aktualit\u00e4t zu \u00fcberpr\u00fcfen und reisefertig zu machen. Vorbeugung von Mittelmeerkrankheiten und Parasiten: Ich berate dich, wie du Mittelmeerkrankheiten vorbeugen und einen wirksamen Parasitenschutz einsetzen kannst, der keine langfristigen gesundheitlichen Sch\u00e4den verursacht. Umgang mit gesundheitlichen Problemen w\u00e4hrend der Reise: Ich unterst\u00fctze dich bei der Vorbereitung einer kleinen Reiseapotheke und berate dich, wie du m\u00f6gliche gesundheitliche Probleme w\u00e4hrend der Reise bew\u00e4ltigen kannst. Mein Spezialgebiet ist Italien \u2013 auf Wunsch helfe ich dir auch, Tier\u00e4rzte oder Kliniken vor Ort zu finden. Ern\u00e4hrung w\u00e4hrend der Reise: Ich kenne den Hundefuttermarkt in Italien gut und helfe dir, dein gewohntes Futter vor Ort zu finden. Auch BARFer und Selbstkocher unterst\u00fctze ich dabei, alle notwendigen Zutaten zu finden und vor Ort zuzubereiten. Preise S. Preisliste Kontaktiere mich, um sicherzustellen, dass dein Hund bestens f\u00fcr die Reise vorbereitet ist.<\/p>\n","protected":false},"author":2,"featured_media":0,"parent":0,"menu_order":0,"comment_status":"closed","ping_status":"closed","template":"","meta":{"_glsr_average":0,"_glsr_ranking":0,"_glsr_reviews":0,"footnotes":""},"class_list":["post-1360","page","type-page","status-publish","hentry"],"acf":[],"yoast_head":"<!-- This site is optimized with the Yoast SEO plugin v27.5 - https:\/\/yoast.com\/product\/yoast-seo-wordpress\/ -->\n<title>Reiseberatung f\u00fcr Hundebesitzer - DOGS AND FOODS<\/title>\n<meta name=\"description\" content=\"Reisen mit Hund: Bei mir erf\u00e4hrst du, was es alles braucht, um entspannst und ohne Schwierigkeiten, um mit dem Hund reisen zu k\u00f6nnen.\" \/>\n<meta name=\"robots\" content=\"index, follow, max-snippet:-1, max-image-preview:large, max-video-preview:-1\" \/>\n<link rel=\"canonical\" href=\"https:\/\/dogsandfoods.com\/index.php\/reisen-mit-hund\/\" \/>\n<meta property=\"og:locale\" content=\"de_DE\" \/>\n<meta property=\"og:type\" content=\"article\" \/>\n<meta property=\"og:title\" content=\"Reiseberatung f\u00fcr Hundebesitzer - DOGS AND FOODS\" \/>\n<meta property=\"og:description\" content=\"Reisen mit Hund: Bei mir erf\u00e4hrst du, was es alles braucht, um entspannst und ohne Schwierigkeiten, um mit dem Hund reisen zu k\u00f6nnen.\" \/>\n<meta property=\"og:url\" content=\"https:\/\/dogsandfoods.com\/index.php\/reisen-mit-hund\/\" \/>\n<meta property=\"og:site_name\" content=\"DOGS AND FOODS\" \/>\n<meta property=\"article:modified_time\" content=\"2025-01-01T11:14:01+00:00\" \/>\n<meta name=\"twitter:card\" content=\"summary_large_image\" \/>\n<meta name=\"twitter:label1\" content=\"Gesch\u00e4tzte Lesezeit\" \/>\n\t<meta name=\"twitter:data1\" content=\"1\u00a0Minute\" \/>\n<script type=\"application\/ld+json\" class=\"yoast-schema-graph\">{\"@context\":\"https:\\\/\\\/schema.org\",\"@graph\":[{\"@type\":\"WebPage\",\"@id\":\"https:\\\/\\\/dogsandfoods.com\\\/index.php\\\/reisen-mit-hund\\\/\",\"url\":\"https:\\\/\\\/dogsandfoods.com\\\/index.php\\\/reisen-mit-hund\\\/\",\"name\":\"Reiseberatung f\u00fcr Hundebesitzer - DOGS AND FOODS\",\"isPartOf\":{\"@id\":\"https:\\\/\\\/dogsandfoods.com\\\/#website\"},\"datePublished\":\"2024-07-14T18:57:43+00:00\",\"dateModified\":\"2025-01-01T11:14:01+00:00\",\"description\":\"Reisen mit Hund: Bei mir erf\u00e4hrst du, was es alles braucht, um entspannst und ohne Schwierigkeiten, um mit dem Hund reisen zu k\u00f6nnen.\",\"breadcrumb\":{\"@id\":\"https:\\\/\\\/dogsandfoods.com\\\/index.php\\\/reisen-mit-hund\\\/#breadcrumb\"},\"inLanguage\":\"de-CH\",\"potentialAction\":[{\"@type\":\"ReadAction\",\"target\":[\"https:\\\/\\\/dogsandfoods.com\\\/index.php\\\/reisen-mit-hund\\\/\"]}]},{\"@type\":\"BreadcrumbList\",\"@id\":\"https:\\\/\\\/dogsandfoods.com\\\/index.php\\\/reisen-mit-hund\\\/#breadcrumb\",\"itemListElement\":[{\"@type\":\"ListItem\",\"position\":1,\"name\":\"Home\",\"item\":\"https:\\\/\\\/dogsandfoods.com\\\/\"},{\"@type\":\"ListItem\",\"position\":2,\"name\":\"Reiseberatung f\u00fcr Hundebesitzer\"}]},{\"@type\":\"WebSite\",\"@id\":\"https:\\\/\\\/dogsandfoods.com\\\/#website\",\"url\":\"https:\\\/\\\/dogsandfoods.com\\\/\",\"name\":\"dogsandfoods.com\",\"description\":\"Gesunde nat\u00fcrliche Hundeern\u00e4hrung\",\"publisher\":{\"@id\":\"https:\\\/\\\/dogsandfoods.com\\\/#organization\"},\"potentialAction\":[{\"@type\":\"SearchAction\",\"target\":{\"@type\":\"EntryPoint\",\"urlTemplate\":\"https:\\\/\\\/dogsandfoods.com\\\/?s={search_term_string}\"},\"query-input\":{\"@type\":\"PropertyValueSpecification\",\"valueRequired\":true,\"valueName\":\"search_term_string\"}}],\"inLanguage\":\"de-CH\"},{\"@type\":\"Organization\",\"@id\":\"https:\\\/\\\/dogsandfoods.com\\\/#organization\",\"name\":\"Dogs and Foods\",\"url\":\"https:\\\/\\\/dogsandfoods.com\\\/\",\"logo\":{\"@type\":\"ImageObject\",\"inLanguage\":\"de-CH\",\"@id\":\"https:\\\/\\\/dogsandfoods.com\\\/#\\\/schema\\\/logo\\\/image\\\/\",\"url\":\"\",\"contentUrl\":\"\",\"caption\":\"Dogs and Foods\"},\"image\":{\"@id\":\"https:\\\/\\\/dogsandfoods.com\\\/#\\\/schema\\\/logo\\\/image\\\/\"}}]}<\/script>\n<!-- \/ Yoast SEO plugin. -->","yoast_head_json":{"title":"Reiseberatung f\u00fcr Hundebesitzer - DOGS AND FOODS","description":"Reisen mit Hund: Bei mir erf\u00e4hrst du, was es alles braucht, um entspannst und ohne Schwierigkeiten, um mit dem Hund reisen zu k\u00f6nnen.","robots":{"index":"index","follow":"follow","max-snippet":"max-snippet:-1","max-image-preview":"max-image-preview:large","max-video-preview":"max-video-preview:-1"},"canonical":"https:\/\/dogsandfoods.com\/index.php\/reisen-mit-hund\/","og_locale":"de_DE","og_type":"article","og_title":"Reiseberatung f\u00fcr Hundebesitzer - DOGS AND FOODS","og_description":"Reisen mit Hund: Bei mir erf\u00e4hrst du, was es alles braucht, um entspannst und ohne Schwierigkeiten, um mit dem Hund reisen zu k\u00f6nnen.","og_url":"https:\/\/dogsandfoods.com\/index.php\/reisen-mit-hund\/","og_site_name":"DOGS AND FOODS","article_modified_time":"2025-01-01T11:14:01+00:00","twitter_card":"summary_large_image","twitter_misc":{"Gesch\u00e4tzte Lesezeit":"1\u00a0Minute"},"schema":{"@context":"https:\/\/schema.org","@graph":[{"@type":"WebPage","@id":"https:\/\/dogsandfoods.com\/index.php\/reisen-mit-hund\/","url":"https:\/\/dogsandfoods.com\/index.php\/reisen-mit-hund\/","name":"Reiseberatung f\u00fcr Hundebesitzer - DOGS AND FOODS","isPartOf":{"@id":"https:\/\/dogsandfoods.com\/#website"},"datePublished":"2024-07-14T18:57:43+00:00","dateModified":"2025-01-01T11:14:01+00:00","description":"Reisen mit Hund: Bei mir erf\u00e4hrst du, was es alles braucht, um entspannst und ohne Schwierigkeiten, um mit dem Hund reisen zu k\u00f6nnen.","breadcrumb":{"@id":"https:\/\/dogsandfoods.com\/index.php\/reisen-mit-hund\/#breadcrumb"},"inLanguage":"de-CH","potentialAction":[{"@type":"ReadAction","target":["https:\/\/dogsandfoods.com\/index.php\/reisen-mit-hund\/"]}]},{"@type":"BreadcrumbList","@id":"https:\/\/dogsandfoods.com\/index.php\/reisen-mit-hund\/#breadcrumb","itemListElement":[{"@type":"ListItem","position":1,"name":"Home","item":"https:\/\/dogsandfoods.com\/"},{"@type":"ListItem","position":2,"name":"Reiseberatung f\u00fcr Hundebesitzer"}]},{"@type":"WebSite","@id":"https:\/\/dogsandfoods.com\/#website","url":"https:\/\/dogsandfoods.com\/","name":"dogsandfoods.com","description":"Gesunde nat\u00fcrliche Hundeern\u00e4hrung","publisher":{"@id":"https:\/\/dogsandfoods.com\/#organization"},"potentialAction":[{"@type":"SearchAction","target":{"@type":"EntryPoint","urlTemplate":"https:\/\/dogsandfoods.com\/?s={search_term_string}"},"query-input":{"@type":"PropertyValueSpecification","valueRequired":true,"valueName":"search_term_string"}}],"inLanguage":"de-CH"},{"@type":"Organization","@id":"https:\/\/dogsandfoods.com\/#organization","name":"Dogs and Foods","url":"https:\/\/dogsandfoods.com\/","logo":{"@type":"ImageObject","inLanguage":"de-CH","@id":"https:\/\/dogsandfoods.com\/#\/schema\/logo\/image\/","url":"","contentUrl":"","caption":"Dogs and Foods"},"image":{"@id":"https:\/\/dogsandfoods.com\/#\/schema\/logo\/image\/"}}]}},"_links":{"self":[{"href":"https:\/\/dogsandfoods.com\/index.php\/wp-json\/wp\/v2\/pages\/1360","targetHints":{"allow":["GET"]}}],"collection":[{"href":"https:\/\/dogsandfoods.com\/index.php\/wp-json\/wp\/v2\/pages"}],"about":[{"href":"https:\/\/dogsandfoods.com\/index.php\/wp-json\/wp\/v2\/types\/page"}],"author":[{"embeddable":true,"href":"https:\/\/dogsandfoods.com\/index.php\/wp-json\/wp\/v2\/users\/2"}],"replies":[{"embeddable":true,"href":"https:\/\/dogsandfoods.com\/index.php\/wp-json\/wp\/v2\/comments?post=1360"}],"version-history":[{"count":1,"href":"https:\/\/dogsandfoods.com\/index.php\/wp-json\/wp\/v2\/pages\/1360\/revisions"}],"predecessor-version":[{"id":2713,"href":"https:\/\/dogsandfoods.com\/index.php\/wp-json\/wp\/v2\/pages\/1360\/revisions\/2713"}],"wp:attachment":[{"href":"https:\/\/dogsandfoods.com\/index.php\/wp-json\/wp\/v2\/media?parent=1360"}],"curies":[{"name":"wp","href":"https:\/\/api.w.org\/{rel}","templated":true}]}}