{"id":1692,"date":"2024-07-24T12:43:10","date_gmt":"2024-07-24T12:43:10","guid":{"rendered":"https:\/\/dogsandfoods.com\/?page_id=1692"},"modified":"2025-01-01T11:07:33","modified_gmt":"2025-01-01T11:07:33","slug":"meine-qualifikationen","status":"publish","type":"page","link":"https:\/\/dogsandfoods.com\/index.php\/meine-qualifikationen\/","title":{"rendered":"Meine Qualifikationen"},"content":{"rendered":"\n<h2 class=\"wp-block-heading\">Hallo und herzlich willkommen bei deiner Ern\u00e4hrungsberatung f\u00fcr Hunde!<p class=\"MsoNormal\" style=\"mso-margin-top-alt:auto;mso-margin-bottom-alt:auto\"><b><span style=\"font-size:12.0pt;font-family:&quot;Times New Roman&quot;,serif;mso-fareast-font-family:\n&quot;Times New Roman&quot;;mso-fareast-language:DE-CH\"><\/span><\/b><\/p><\/h2>\n\n\n\n<p class=\"has-medium-font-size\">Ich bin <mark style=\"background-color:rgba(0, 0, 0, 0)\" class=\"has-inline-color has-mine-shaft-color\"><strong>Biljana<\/strong> <\/mark>und habe mich auf die Hundeern\u00e4hrung und Naturheilkunde f\u00fcr Hunde spezialisiert.<\/p>\n\n\n\n<p class=\"has-medium-font-size\">Besonders am Herzen liegen mir Hunde mit<strong> <\/strong><mark style=\"background-color:rgba(0, 0, 0, 0)\" class=\"has-inline-color has-boulder-color\"><strong>chronischen Magen-Darm-Problemen und St\u00f6rungen der Darm-Hirn-Axe<\/strong>.<\/mark><\/p>\n\n\n\n<h2 class=\"wp-block-heading\">Meine Aus- und Weiterbildungen<\/h2>\n\n\n\n<ul class=\"wp-block-list\">\n<li class=\"has-medium-font-size\"><strong><mark style=\"background-color:rgba(0, 0, 0, 0)\" class=\"has-inline-color has-boulder-color\">2022 Tier-Naturheilkunde<\/mark><\/strong> (CMA Complementary Medical Association\/ IPHM International Practitioners of Holistic Medicine \/ Wohlf\u00fchlkurse \/ Centre of CPD Excellence)<\/li>\n\n\n\n<li class=\"has-medium-font-size\"><strong><mark style=\"background-color:rgba(0, 0, 0, 0)\" class=\"has-inline-color has-boulder-color\">2023 Mythos Zeckenabwehr beim Hund &#8211; knallharte Fakten, unverbl\u00fcmt und wissenschaftlich belegt<\/mark><\/strong> (Krautdogs.de)<\/li>\n\n\n\n<li class=\"has-medium-font-size\"><strong><mark style=\"background-color:rgba(0, 0, 0, 0)\" class=\"has-inline-color has-boulder-color\">2023 Alitosi e non solo<\/mark><mark style=\"background-color:rgba(0, 0, 0, 0);color:#f21818\" class=\"has-inline-color\"> <\/mark><\/strong>&#8230; cosa puo succedere alla bocca del mio cane? (Dog&#8217;s Health \/ Plaqtiv oral care)<\/li>\n\n\n\n<li class=\"has-medium-font-size\"><strong><mark style=\"background-color:rgba(0, 0, 0, 0)\" class=\"has-inline-color has-boulder-color\">2023 Intensivkurs Darmgesundheit<\/mark><\/strong> (Sanalia)<\/li>\n\n\n\n<li class=\"has-medium-font-size\"><strong><mark style=\"background-color:rgba(0, 0, 0, 0)\" class=\"has-inline-color has-boulder-color\">2023-2024 Advanced Digital Marketing Education<\/mark><\/strong> (Angie Digital)<\/li>\n\n\n\n<li class=\"has-medium-font-size\"><mark style=\"background-color:rgba(0, 0, 0, 0)\" class=\"has-inline-color has-boulder-color\"><strong>2024 Leaky Gut Syndrom bei Hunden &#8211; Ursachen, Folgen und Therapieans\u00e4tz<\/strong><\/mark>e (FOTEN GmbH)<\/li>\n\n\n\n<li class=\"has-medium-font-size\"><strong><mark style=\"background-color:rgba(0, 0, 0, 0)\" class=\"has-inline-color has-boulder-color\">2024 Magen-Darmerkrankungen beim Hund, Teil 1 &#8211; Magen <\/mark><\/strong>(DI Vanessa R\u00f6ssler)<\/li>\n\n\n\n<li class=\"has-medium-font-size\"><strong><mark style=\"background-color:rgba(0, 0, 0, 0)\" class=\"has-inline-color has-boulder-color\">2024 Magen-Darmerkrankungen beim Hund, Teil 2 &#8211; Darm<\/mark><\/strong> (DI Vanessa R\u00f6ssler)<\/li>\n\n\n\n<li class=\"has-medium-font-size\"><mark style=\"background-color:rgba(0, 0, 0, 0)\" class=\"has-inline-color has-boulder-color\"><strong>2024 Kochen f\u00fcr den Hund &#8211; wenn BARF nicht geht <\/strong><\/mark>(THP Schule)<\/li>\n\n\n\n<li class=\"has-medium-font-size\"><strong>2024 Omega-3 in der Tiermedizin: aktuelle Forschung und therapeutische Potentiale<\/strong> (FOTEN GmbH)<\/li>\n\n\n\n<li class=\"has-medium-font-size\"><strong><mark style=\"background-color:rgba(0, 0, 0, 0)\" class=\"has-inline-color has-boulder-color\">2024 Omega 3 &#8211; zwischen Mythen und Wahrheiten<\/mark><\/strong> (FOTEN GmbH)<\/li>\n\n\n\n<li class=\"has-medium-font-size\"><strong><mark style=\"background-color:rgba(0, 0, 0, 0)\" class=\"has-inline-color has-boulder-color\">2024 Hundeern\u00e4hrungsberatung<\/mark><\/strong> (Dogtisch Academy)<\/li>\n<\/ul>\n\n\n\n<h2 class=\"wp-block-heading\">Im fr\u00fcheren Leben &#8230;<\/h2>\n\n\n\n<p class=\"has-medium-font-size\">In meinem fr\u00fcheren Leben vor der Pensionierung habe ich Romanische Sprachen studiert und fast 40 Jahre lang an verschiedenen Institutionen gearbeitet. Zuletzt war ich \u00fcber 15 Jahre Leiterin der Bibliothek der P\u00e4dagogischen Hochschule Z\u00fcrich.<mark style=\"background-color:rgba(0, 0, 0, 0);color:#4825bf\" class=\"has-inline-color\"> <\/mark><strong><mark style=\"background-color:rgba(0, 0, 0, 0);color:#1a3869\" class=\"has-inline-color\"><a href=\"https:\/\/phzh.ch\/globalassets\/dokumente\/verwaltungsdirektion\/jahresbericht-2023-bibliothek-phzh.pdf\">Hier findest du einen R\u00fcckblick auf meine bibliothekarische Karriere<\/a>. <\/mark><\/strong><\/p>\n\n\n\n<p class=\"has-medium-font-size\">Du kannst auch gerne meinen Namen googeln, um mehr \u00fcber mich und meine Arbeit zu erfahren.<\/p>\n\n\n\n<p class=\"has-medium-font-size\">Hast du Fragen, m\u00f6chtest du mehr \u00fcber meine Arbeitsweise wissen? In meinem <a href=\"https:\/\/dogsandfoods.com\/index.php\/willkommen\/\"><strong>Blog <\/strong><\/a>schreibe ich dar\u00fcber, du kannst mir auch<strong> <a href=\"https:\/\/dogsandfoods.com\/index.php\/contact\/\">schreiben.<\/a><\/strong> <\/p>\n","protected":false},"excerpt":{"rendered":"<p>Hallo und herzlich willkommen bei deiner Ern\u00e4hrungsberatung f\u00fcr Hunde! Ich bin Biljana und habe mich auf die Hundeern\u00e4hrung und Naturheilkunde f\u00fcr Hunde spezialisiert. Besonders am Herzen liegen mir Hunde mit chronischen Magen-Darm-Problemen und St\u00f6rungen der Darm-Hirn-Axe. Meine Aus- und Weiterbildungen Im fr\u00fcheren Leben &#8230; In meinem fr\u00fcheren Leben vor der Pensionierung habe ich Romanische Sprachen studiert und fast 40 Jahre lang an verschiedenen Institutionen gearbeitet. Zuletzt war ich \u00fcber 15 Jahre Leiterin der Bibliothek der P\u00e4dagogischen Hochschule Z\u00fcrich. Hier findest du einen R\u00fcckblick auf meine bibliothekarische Karriere. Du kannst auch gerne meinen Namen googeln, um mehr \u00fcber mich und meine Arbeit zu erfahren. Hast du Fragen, m\u00f6chtest du mehr \u00fcber meine Arbeitsweise wissen? In meinem Blog schreibe ich dar\u00fcber, du kannst mir auch schreiben.<\/p>\n","protected":false},"author":2,"featured_media":2469,"parent":0,"menu_order":0,"comment_status":"closed","ping_status":"closed","template":"","meta":{"_glsr_average":0,"_glsr_ranking":0,"_glsr_reviews":0,"footnotes":""},"class_list":["post-1692","page","type-page","status-publish","has-post-thumbnail","hentry"],"acf":[],"yoast_head":"<!-- This site is optimized with the Yoast SEO plugin v27.5 - https:\/\/yoast.com\/product\/yoast-seo-wordpress\/ -->\n<title>Meine Qualifikationen - DOGS AND FOODS<\/title>\n<meta name=\"description\" content=\"Erfahre mehr \u00fcber meine Qualifikationen: fundierte Expertise in Hundeern\u00e4hrung, Naturheilkunde und Unterst\u00fctzung f\u00fcr chronisch kranke Hunde.\" \/>\n<meta name=\"robots\" content=\"index, follow, max-snippet:-1, max-image-preview:large, max-video-preview:-1\" \/>\n<link rel=\"canonical\" href=\"https:\/\/dogsandfoods.com\/index.php\/meine-qualifikationen\/\" \/>\n<meta property=\"og:locale\" content=\"de_DE\" \/>\n<meta property=\"og:type\" content=\"article\" \/>\n<meta property=\"og:title\" content=\"Meine Qualifikationen - DOGS AND FOODS\" \/>\n<meta property=\"og:description\" content=\"Erfahre mehr \u00fcber meine Qualifikationen: fundierte Expertise in Hundeern\u00e4hrung, Naturheilkunde und Unterst\u00fctzung f\u00fcr chronisch kranke Hunde.\" \/>\n<meta property=\"og:url\" content=\"https:\/\/dogsandfoods.com\/index.php\/meine-qualifikationen\/\" \/>\n<meta property=\"og:site_name\" content=\"DOGS AND FOODS\" \/>\n<meta property=\"article:modified_time\" content=\"2025-01-01T11:07:33+00:00\" \/>\n<meta property=\"og:image\" content=\"https:\/\/dogsandfoods.com\/wp-content\/uploads\/2024\/10\/Qualifikationen.png\" \/>\n\t<meta property=\"og:image:width\" content=\"1200\" \/>\n\t<meta property=\"og:image:height\" content=\"628\" \/>\n\t<meta property=\"og:image:type\" content=\"image\/png\" \/>\n<meta name=\"twitter:card\" content=\"summary_large_image\" \/>\n<meta name=\"twitter:label1\" content=\"Gesch\u00e4tzte Lesezeit\" \/>\n\t<meta name=\"twitter:data1\" content=\"2\u00a0Minuten\" \/>\n<script type=\"application\/ld+json\" class=\"yoast-schema-graph\">{\"@context\":\"https:\\\/\\\/schema.org\",\"@graph\":[{\"@type\":\"WebPage\",\"@id\":\"https:\\\/\\\/dogsandfoods.com\\\/index.php\\\/meine-qualifikationen\\\/\",\"url\":\"https:\\\/\\\/dogsandfoods.com\\\/index.php\\\/meine-qualifikationen\\\/\",\"name\":\"Meine Qualifikationen - DOGS AND FOODS\",\"isPartOf\":{\"@id\":\"https:\\\/\\\/dogsandfoods.com\\\/#website\"},\"primaryImageOfPage\":{\"@id\":\"https:\\\/\\\/dogsandfoods.com\\\/index.php\\\/meine-qualifikationen\\\/#primaryimage\"},\"image\":{\"@id\":\"https:\\\/\\\/dogsandfoods.com\\\/index.php\\\/meine-qualifikationen\\\/#primaryimage\"},\"thumbnailUrl\":\"https:\\\/\\\/dogsandfoods.com\\\/wp-content\\\/uploads\\\/2024\\\/10\\\/Qualifikationen.png\",\"datePublished\":\"2024-07-24T12:43:10+00:00\",\"dateModified\":\"2025-01-01T11:07:33+00:00\",\"description\":\"Erfahre mehr \u00fcber meine Qualifikationen: fundierte Expertise in Hundeern\u00e4hrung, Naturheilkunde und Unterst\u00fctzung f\u00fcr chronisch kranke Hunde.\",\"breadcrumb\":{\"@id\":\"https:\\\/\\\/dogsandfoods.com\\\/index.php\\\/meine-qualifikationen\\\/#breadcrumb\"},\"inLanguage\":\"de-CH\",\"potentialAction\":[{\"@type\":\"ReadAction\",\"target\":[\"https:\\\/\\\/dogsandfoods.com\\\/index.php\\\/meine-qualifikationen\\\/\"]}]},{\"@type\":\"ImageObject\",\"inLanguage\":\"de-CH\",\"@id\":\"https:\\\/\\\/dogsandfoods.com\\\/index.php\\\/meine-qualifikationen\\\/#primaryimage\",\"url\":\"https:\\\/\\\/dogsandfoods.com\\\/wp-content\\\/uploads\\\/2024\\\/10\\\/Qualifikationen.png\",\"contentUrl\":\"https:\\\/\\\/dogsandfoods.com\\\/wp-content\\\/uploads\\\/2024\\\/10\\\/Qualifikationen.png\",\"width\":1200,\"height\":628,\"caption\":\"Qualifikationen\"},{\"@type\":\"BreadcrumbList\",\"@id\":\"https:\\\/\\\/dogsandfoods.com\\\/index.php\\\/meine-qualifikationen\\\/#breadcrumb\",\"itemListElement\":[{\"@type\":\"ListItem\",\"position\":1,\"name\":\"Home\",\"item\":\"https:\\\/\\\/dogsandfoods.com\\\/\"},{\"@type\":\"ListItem\",\"position\":2,\"name\":\"Meine Qualifikationen\"}]},{\"@type\":\"WebSite\",\"@id\":\"https:\\\/\\\/dogsandfoods.com\\\/#website\",\"url\":\"https:\\\/\\\/dogsandfoods.com\\\/\",\"name\":\"dogsandfoods.com\",\"description\":\"Gesunde nat\u00fcrliche Hundeern\u00e4hrung\",\"publisher\":{\"@id\":\"https:\\\/\\\/dogsandfoods.com\\\/#organization\"},\"potentialAction\":[{\"@type\":\"SearchAction\",\"target\":{\"@type\":\"EntryPoint\",\"urlTemplate\":\"https:\\\/\\\/dogsandfoods.com\\\/?s={search_term_string}\"},\"query-input\":{\"@type\":\"PropertyValueSpecification\",\"valueRequired\":true,\"valueName\":\"search_term_string\"}}],\"inLanguage\":\"de-CH\"},{\"@type\":\"Organization\",\"@id\":\"https:\\\/\\\/dogsandfoods.com\\\/#organization\",\"name\":\"Dogs and Foods\",\"url\":\"https:\\\/\\\/dogsandfoods.com\\\/\",\"logo\":{\"@type\":\"ImageObject\",\"inLanguage\":\"de-CH\",\"@id\":\"https:\\\/\\\/dogsandfoods.com\\\/#\\\/schema\\\/logo\\\/image\\\/\",\"url\":\"\",\"contentUrl\":\"\",\"caption\":\"Dogs and Foods\"},\"image\":{\"@id\":\"https:\\\/\\\/dogsandfoods.com\\\/#\\\/schema\\\/logo\\\/image\\\/\"}}]}<\/script>\n<!-- \/ Yoast SEO plugin. -->","yoast_head_json":{"title":"Meine Qualifikationen - DOGS AND FOODS","description":"Erfahre mehr \u00fcber meine Qualifikationen: fundierte Expertise in Hundeern\u00e4hrung, Naturheilkunde und Unterst\u00fctzung f\u00fcr chronisch kranke Hunde.","robots":{"index":"index","follow":"follow","max-snippet":"max-snippet:-1","max-image-preview":"max-image-preview:large","max-video-preview":"max-video-preview:-1"},"canonical":"https:\/\/dogsandfoods.com\/index.php\/meine-qualifikationen\/","og_locale":"de_DE","og_type":"article","og_title":"Meine Qualifikationen - DOGS AND FOODS","og_description":"Erfahre mehr \u00fcber meine Qualifikationen: fundierte Expertise in Hundeern\u00e4hrung, Naturheilkunde und Unterst\u00fctzung f\u00fcr chronisch kranke Hunde.","og_url":"https:\/\/dogsandfoods.com\/index.php\/meine-qualifikationen\/","og_site_name":"DOGS AND FOODS","article_modified_time":"2025-01-01T11:07:33+00:00","og_image":[{"width":1200,"height":628,"url":"https:\/\/dogsandfoods.com\/wp-content\/uploads\/2024\/10\/Qualifikationen.png","type":"image\/png"}],"twitter_card":"summary_large_image","twitter_misc":{"Gesch\u00e4tzte Lesezeit":"2\u00a0Minuten"},"schema":{"@context":"https:\/\/schema.org","@graph":[{"@type":"WebPage","@id":"https:\/\/dogsandfoods.com\/index.php\/meine-qualifikationen\/","url":"https:\/\/dogsandfoods.com\/index.php\/meine-qualifikationen\/","name":"Meine Qualifikationen - DOGS AND FOODS","isPartOf":{"@id":"https:\/\/dogsandfoods.com\/#website"},"primaryImageOfPage":{"@id":"https:\/\/dogsandfoods.com\/index.php\/meine-qualifikationen\/#primaryimage"},"image":{"@id":"https:\/\/dogsandfoods.com\/index.php\/meine-qualifikationen\/#primaryimage"},"thumbnailUrl":"https:\/\/dogsandfoods.com\/wp-content\/uploads\/2024\/10\/Qualifikationen.png","datePublished":"2024-07-24T12:43:10+00:00","dateModified":"2025-01-01T11:07:33+00:00","description":"Erfahre mehr \u00fcber meine Qualifikationen: fundierte Expertise in Hundeern\u00e4hrung, Naturheilkunde und Unterst\u00fctzung f\u00fcr chronisch kranke Hunde.","breadcrumb":{"@id":"https:\/\/dogsandfoods.com\/index.php\/meine-qualifikationen\/#breadcrumb"},"inLanguage":"de-CH","potentialAction":[{"@type":"ReadAction","target":["https:\/\/dogsandfoods.com\/index.php\/meine-qualifikationen\/"]}]},{"@type":"ImageObject","inLanguage":"de-CH","@id":"https:\/\/dogsandfoods.com\/index.php\/meine-qualifikationen\/#primaryimage","url":"https:\/\/dogsandfoods.com\/wp-content\/uploads\/2024\/10\/Qualifikationen.png","contentUrl":"https:\/\/dogsandfoods.com\/wp-content\/uploads\/2024\/10\/Qualifikationen.png","width":1200,"height":628,"caption":"Qualifikationen"},{"@type":"BreadcrumbList","@id":"https:\/\/dogsandfoods.com\/index.php\/meine-qualifikationen\/#breadcrumb","itemListElement":[{"@type":"ListItem","position":1,"name":"Home","item":"https:\/\/dogsandfoods.com\/"},{"@type":"ListItem","position":2,"name":"Meine Qualifikationen"}]},{"@type":"WebSite","@id":"https:\/\/dogsandfoods.com\/#website","url":"https:\/\/dogsandfoods.com\/","name":"dogsandfoods.com","description":"Gesunde nat\u00fcrliche Hundeern\u00e4hrung","publisher":{"@id":"https:\/\/dogsandfoods.com\/#organization"},"potentialAction":[{"@type":"SearchAction","target":{"@type":"EntryPoint","urlTemplate":"https:\/\/dogsandfoods.com\/?s={search_term_string}"},"query-input":{"@type":"PropertyValueSpecification","valueRequired":true,"valueName":"search_term_string"}}],"inLanguage":"de-CH"},{"@type":"Organization","@id":"https:\/\/dogsandfoods.com\/#organization","name":"Dogs and Foods","url":"https:\/\/dogsandfoods.com\/","logo":{"@type":"ImageObject","inLanguage":"de-CH","@id":"https:\/\/dogsandfoods.com\/#\/schema\/logo\/image\/","url":"","contentUrl":"","caption":"Dogs and Foods"},"image":{"@id":"https:\/\/dogsandfoods.com\/#\/schema\/logo\/image\/"}}]}},"_links":{"self":[{"href":"https:\/\/dogsandfoods.com\/index.php\/wp-json\/wp\/v2\/pages\/1692","targetHints":{"allow":["GET"]}}],"collection":[{"href":"https:\/\/dogsandfoods.com\/index.php\/wp-json\/wp\/v2\/pages"}],"about":[{"href":"https:\/\/dogsandfoods.com\/index.php\/wp-json\/wp\/v2\/types\/page"}],"author":[{"embeddable":true,"href":"https:\/\/dogsandfoods.com\/index.php\/wp-json\/wp\/v2\/users\/2"}],"replies":[{"embeddable":true,"href":"https:\/\/dogsandfoods.com\/index.php\/wp-json\/wp\/v2\/comments?post=1692"}],"version-history":[{"count":1,"href":"https:\/\/dogsandfoods.com\/index.php\/wp-json\/wp\/v2\/pages\/1692\/revisions"}],"predecessor-version":[{"id":2708,"href":"https:\/\/dogsandfoods.com\/index.php\/wp-json\/wp\/v2\/pages\/1692\/revisions\/2708"}],"wp:featuredmedia":[{"embeddable":true,"href":"https:\/\/dogsandfoods.com\/index.php\/wp-json\/wp\/v2\/media\/2469"}],"wp:attachment":[{"href":"https:\/\/dogsandfoods.com\/index.php\/wp-json\/wp\/v2\/media?parent=1692"}],"curies":[{"name":"wp","href":"https:\/\/api.w.org\/{rel}","templated":true}]}}