{"id":1775,"date":"2024-07-26T12:31:10","date_gmt":"2024-07-26T12:31:10","guid":{"rendered":"https:\/\/dogsandfoods.com\/?page_id=1775"},"modified":"2024-07-26T12:37:53","modified_gmt":"2024-07-26T12:37:53","slug":"faqs","status":"publish","type":"page","link":"https:\/\/dogsandfoods.com\/index.php\/faqs\/","title":{"rendered":"FAQs"},"content":{"rendered":"\n<style>#sp-ea-1764 .spcollapsing { height: 0; overflow: hidden; transition-property: height;transition-duration: 300ms;}#sp-ea-1764.sp-easy-accordion>.sp-ea-single {margin-bottom: 10px; border: 1px solid #000000; }#sp-ea-1764.sp-easy-accordion>.sp-ea-single>.ea-header a {color: #4c4c4c;}#sp-ea-1764.sp-easy-accordion>.sp-ea-single>.sp-collapse>.ea-body {background: #fff; color: #444;}#sp-ea-1764.sp-easy-accordion>.sp-ea-single {background: #dddddd;}#sp-ea-1764.sp-easy-accordion>.sp-ea-single>.ea-header a .ea-expand-icon { float: left; color: #000000;font-size: 16px;}<\/style><div id=\"sp_easy_accordion-1721991398\"><div id=\"sp-ea-1764\" class=\"sp-ea-one sp-easy-accordion\" data-ea-active=\"ea-click\" data-ea-mode=\"vertical\" data-preloader=\"\" data-scroll-active-item=\"\" data-offset-to-scroll=\"0\"><div class=\"ea-card sp-ea-single\"><h3 class=\"ea-header\"><a class=\"collapsed\" id=\"ea-header-17640\" role=\"button\" data-sptoggle=\"spcollapse\" data-sptarget=\"#collapse17640\" aria-controls=\"collapse17640\" href=\"#\" aria-expanded=\"false\" tabindex=\"0\"><i aria-hidden=\"true\" role=\"presentation\" class=\"ea-expand-icon eap-icon-ea-expand-plus\"><\/i> Was unterscheidet \"DOGS AND FOODS\" von anderen Hundeern\u00e4hrungsberatungen?<\/a><\/h3><div class=\"sp-collapse spcollapse spcollapse\" id=\"collapse17640\" data-parent=\"#sp-ea-1764\" role=\"region\" aria-labelledby=\"ea-header-17640\"> <div class=\"ea-body\"><p>Bei \"DOGS AND FOODS\" lege ich besonderen Wert auf eine individuelle und artgerechte Ern\u00e4hrung, basierend auf Naturheilkunde und den spezifischen Bed\u00fcrfnissen deines Hundes. Mit<a href=\"https:\/\/dogsandfoods.com\/\"> Herz und Verstand<\/a>!<\/p><\/div><\/div><\/div><div class=\"ea-card sp-ea-single\"><h3 class=\"ea-header\"><a class=\"collapsed\" id=\"ea-header-17641\" role=\"button\" data-sptoggle=\"spcollapse\" data-sptarget=\"#collapse17641\" aria-controls=\"collapse17641\" href=\"#\" aria-expanded=\"false\" tabindex=\"0\"><i aria-hidden=\"true\" role=\"presentation\" class=\"ea-expand-icon eap-icon-ea-expand-plus\"><\/i> Warum ist eine individuelle Ern\u00e4hrungsberatung f\u00fcr meinen Hund wichtig?<\/a><\/h3><div class=\"sp-collapse spcollapse spcollapse\" id=\"collapse17641\" data-parent=\"#sp-ea-1764\" role=\"region\" aria-labelledby=\"ea-header-17641\"> <div class=\"ea-body\"><p>Jeder Hund ist einzigartig und hat unterschiedliche Bed\u00fcrfnisse: Alter, Vorerkrankungen, Aktivit\u00e4tslevel, Geschmack, Rasse, Lebensweise, Allergien ... all das macht deinen Hund <a href=\"https:\/\/dogsandfoods.com\/index.php\/2023\/10\/22\/beste-hundefutter\/\">einzigartig und anders<\/a>. Eine individuelle Ern\u00e4hrungsberatung stellt sicher, dass er genau die N\u00e4hrstoffe bekommt, die notwendig sind, um lange gesund, fit und gl\u00fccklich zu bleiben.<\/p><\/div><\/div><\/div><div class=\"ea-card sp-ea-single\"><h3 class=\"ea-header\"><a class=\"collapsed\" id=\"ea-header-17642\" role=\"button\" data-sptoggle=\"spcollapse\" data-sptarget=\"#collapse17642\" aria-controls=\"collapse17642\" href=\"#\" aria-expanded=\"false\" tabindex=\"0\"><i aria-hidden=\"true\" role=\"presentation\" class=\"ea-expand-icon eap-icon-ea-expand-plus\"><\/i> Wie lange begleitetst du mich und meinen Hund?<\/a><\/h3><div class=\"sp-collapse spcollapse spcollapse\" id=\"collapse17642\" data-parent=\"#sp-ea-1764\" role=\"region\" aria-labelledby=\"ea-header-17642\"> <div class=\"ea-body\"><p><strong>Du hast die Flexibilit\u00e4t, die Dauer der Begleitung selbst zu bestimmen.<\/strong><\/p><p>In der Regel begleite ich meine Kunden zwischen einem (leichtere F\u00e4lle oder gesunde Hunde) und sechs Monaten (kranke Hunde). Du kannst jederzeit entscheiden, die Begleitung zu verl\u00e4ngern. Falls du unsicher bist, kannst du zun\u00e4chst ein Probemonat buchen und dann nach Bedarf verl\u00e4ngern. Bitte bedenke, dass Hunde mit chronischen Erkrankungen oft eine l\u00e4ngere Begleitung ben\u00f6tigen, besonders wenn ihre Symptome schon l\u00e4nger bestehen.<\/p><p><strong>Zu Beginn erh\u00e4ltst du von mir ein ausf\u00fchrliches Formular, das du in Ruhe ausf\u00fcllen kannst.<\/strong><\/p><p>Dieses Formular ist wichtig, da es uns ein Gesamtbild vermittelt: Es enth\u00e4lt alle Symptome, W\u00fcnsche, Ziele und weitere relevante Informationen. Nachdem ich das Formular durchgesehen habe, vereinbaren wir ein Gespr\u00e4ch, um Unklarheiten zu kl\u00e4ren. Auf Grundlage all dieser Informationen erstelle ich dann einen individuellen Plan, der genau auf die Bed\u00fcrfnisse deines Hundes abgestimmt ist.<\/p><p>Die Dauer variiert je nach Art der Beratung. Eine erste Beratung dauert in der Regel zwischen 60 und 90 Minuten. <a href=\"https:\/\/dogsandfoods.com\/index.php\/beratung\/\">Hier<\/a> findest du mehr Infos dazu.<\/p><\/div><\/div><\/div><div class=\"ea-card sp-ea-single\"><h3 class=\"ea-header\"><a class=\"collapsed\" id=\"ea-header-17643\" role=\"button\" data-sptoggle=\"spcollapse\" data-sptarget=\"#collapse17643\" aria-controls=\"collapse17643\" href=\"#\" aria-expanded=\"false\" tabindex=\"0\"><i aria-hidden=\"true\" role=\"presentation\" class=\"ea-expand-icon eap-icon-ea-expand-plus\"><\/i> Dienstleistungen: Wo finde ich die Preisliste und dein Beratungsangebot?<\/a><\/h3><div class=\"sp-collapse spcollapse spcollapse\" id=\"collapse17643\" data-parent=\"#sp-ea-1764\" role=\"region\" aria-labelledby=\"ea-header-17643\"> <div class=\"ea-body\"><p><a href=\"https:\/\/dogsandfoods.com\/index.php\/beratung\/\">Hier<\/a> findest du sowohl die Preisliste als auch die Dienstleistungen, die ich anbiete.<\/p><\/div><\/div><\/div><div class=\"ea-card sp-ea-single\"><h3 class=\"ea-header\"><a class=\"collapsed\" id=\"ea-header-17644\" role=\"button\" data-sptoggle=\"spcollapse\" data-sptarget=\"#collapse17644\" aria-controls=\"collapse17644\" href=\"#\" aria-expanded=\"false\" tabindex=\"0\"><i aria-hidden=\"true\" role=\"presentation\" class=\"ea-expand-icon eap-icon-ea-expand-plus\"><\/i> Dienstleistungen: Bietest du auch Online-Beratungen an?<\/a><\/h3><div class=\"sp-collapse spcollapse spcollapse\" id=\"collapse17644\" data-parent=\"#sp-ea-1764\" role=\"region\" aria-labelledby=\"ea-header-17644\"> <div class=\"ea-body\"><p>Klar! Zum Gl\u00fcck mach es die Technik m\u00f6glich :-)!<\/p><p>Ich biete sowohl pers\u00f6nliche als auch Online-Beratungen an, um flexibel auf deine Bed\u00fcrfnisse eingehen zu k\u00f6nnen.<\/p><p><a href=\"https:\/\/dogsandfoods.com\/index.php\/beratung\/\">Hier<\/a> kannst du mehr erfahren.<\/p><\/div><\/div><\/div><div class=\"ea-card sp-ea-single\"><h3 class=\"ea-header\"><a class=\"collapsed\" id=\"ea-header-17645\" role=\"button\" data-sptoggle=\"spcollapse\" data-sptarget=\"#collapse17645\" aria-controls=\"collapse17645\" href=\"#\" aria-expanded=\"false\" tabindex=\"0\"><i aria-hidden=\"true\" role=\"presentation\" class=\"ea-expand-icon eap-icon-ea-expand-plus\"><\/i> Dienstleistungen: Wie bereite ich mich auf eine Ern\u00e4hrungsberatung vor?<\/a><\/h3><div class=\"sp-collapse spcollapse spcollapse\" id=\"collapse17645\" data-parent=\"#sp-ea-1764\" role=\"region\" aria-labelledby=\"ea-header-17645\"> <div class=\"ea-body\"><p>Es ist hilfreich, wenn du vorab Informationen \u00fcber die aktuelle Ern\u00e4hrung deines Hundes, gesundheitliche Probleme und deine Erwartungen an die Beratung zusammenstellst. Daf\u00fcr erh\u00e4ltst du von mir ein Formular, das du in Ruhe zu Hause ausf\u00fcllen kannst.<\/p><p>F\u00fcr Reiseberatungen brauche ich Informationen zum Reiseland und Reisezeit. Ich sende dir vorab ein Formular zum Ausf\u00fcllen. So k\u00f6nnen wir unser Gespr\u00e4ch besser strukturieren und verlieren keine unn\u00f6tige Zeit.<\/p><\/div><\/div><\/div><div class=\"ea-card sp-ea-single\"><h3 class=\"ea-header\"><a class=\"collapsed\" id=\"ea-header-17646\" role=\"button\" data-sptoggle=\"spcollapse\" data-sptarget=\"#collapse17646\" aria-controls=\"collapse17646\" href=\"#\" aria-expanded=\"false\" tabindex=\"0\"><i aria-hidden=\"true\" role=\"presentation\" class=\"ea-expand-icon eap-icon-ea-expand-plus\"><\/i> Ern\u00e4hrung und Gesundheit: Welche Vorteile hat eine frische, selbsgemachte Di\u00e4t f\u00fcr meinen Hund?<\/a><\/h3><div class=\"sp-collapse spcollapse spcollapse\" id=\"collapse17646\" data-parent=\"#sp-ea-1764\" role=\"region\" aria-labelledby=\"ea-header-17646\"> <div class=\"ea-body\"><p>Eine frische Di\u00e4t kann die Vitalit\u00e4t, die Magen-Darm-Gesundheit, das Fell, die Beweglichkeit und das allgemeine Wohlbefinden deines Hundes verbessern und Allergien oder Unvertr\u00e4glichkeiten verringern.<\/p><p>1. Du hast die <strong>Kontrolle \u00fcber die Zutaten <\/strong>und kannst m\u00f6gliche allergieausl\u00f6sende Komponenten sofort weglassen.<\/p><p>2. Du kannst die Di\u00e4t sehr<strong> schnell anpassen<\/strong>: falls etwas nicht angenommen wird, nicht schmeckt oder eine negative Reaktion hervorruft, kannst du es sofort ersetzen.<\/p><p>3. Das selbstgemachte Futter ist frisch - und dadurch ist die N\u00e4hrstoffversorgung besser: es enth\u00e4lt <strong>keine k\u00fcnstlichen Zusatzstoffe, Konservierungsmittel und Farbstoffe<\/strong>.<\/p><p>4. Die<strong> Darmgesundheit<\/strong> und das<strong> Immunsystem<\/strong> werden dank unverarbeiteten oder leicht erw\u00e4rmten Lebensmittel verbessert - diese Ern\u00e4hrungsweise entspricht einfach der \"h\u00fcndischen\" Natur.<\/p><p>5. Die hausgemachte Kost schmeckt den Hunden besser (was vor allem bei kranken und m\u00e4keligen Hunden ein wichtiger Punkt ist). Ausserdem kannst du die Mahlzeiten abwechslungsreich gestalten und so f\u00fcr eine optimale, abwechslungsreiche Ern\u00e4hrung Sorgen.<\/p><p>6. Du kannst f\u00fcr dich und deinen Hund dieselben leckeren Mahlzeiten zubereiten. Damit sparst du Zeit und tust beiden Gutes.<\/p><\/div><\/div><\/div><div class=\"ea-card sp-ea-single\"><h3 class=\"ea-header\"><a class=\"collapsed\" id=\"ea-header-17647\" role=\"button\" data-sptoggle=\"spcollapse\" data-sptarget=\"#collapse17647\" aria-controls=\"collapse17647\" href=\"#\" aria-expanded=\"false\" tabindex=\"0\"><i aria-hidden=\"true\" role=\"presentation\" class=\"ea-expand-icon eap-icon-ea-expand-plus\"><\/i> Ern\u00e4hrung und Gesundheit: Wie erkenne ich, ob mein Hund eine Nahrungsmittelunvertr\u00e4glichkeit hat?<\/a><\/h3><div class=\"sp-collapse spcollapse spcollapse\" id=\"collapse17647\" data-parent=\"#sp-ea-1764\" role=\"region\" aria-labelledby=\"ea-header-17647\"> <div class=\"ea-body\"><p>Anzeichen k\u00f6nnen unter anderem Verdauungsprobleme, Hautirritationen, Ohrenentz\u00fcndungen, Analdr\u00fcsenprobleme, Unlust oder Aggression, vermehrter Harndrang und viele mehr.<\/p><p>Eine genaue Diagnose kann durch eine Ern\u00e4hrungsberatung unterst\u00fctzt werden.<\/p><p>Ich arbeite gerne auch mit deinem Tierarzt zusammen und kann mich mit ihm regelm\u00e4ssig austauschen (wenn du das m\u00f6chtest, selbstverst\u00e4ndlich).<\/p><\/div><\/div><\/div><div class=\"ea-card sp-ea-single\"><h3 class=\"ea-header\"><a class=\"collapsed\" id=\"ea-header-17648\" role=\"button\" data-sptoggle=\"spcollapse\" data-sptarget=\"#collapse17648\" aria-controls=\"collapse17648\" href=\"#\" aria-expanded=\"false\" tabindex=\"0\"><i aria-hidden=\"true\" role=\"presentation\" class=\"ea-expand-icon eap-icon-ea-expand-plus\"><\/i> Termine und Preise: Wie kurzfristig kann ich einen Beratungstermin bekommen?<\/a><\/h3><div class=\"sp-collapse spcollapse spcollapse\" id=\"collapse17648\" data-parent=\"#sp-ea-1764\" role=\"region\" aria-labelledby=\"ea-header-17648\"> <div class=\"ea-body\"><p>Termine sind in der Regel innerhalb von zwei Wochen verf\u00fcgbar, abh\u00e4ngig von der aktuellen Auslastung.<\/p><p><a href=\"https:\/\/dogsandfoods.com\/index.php\/contact\/\">Kontaktiere mich,<\/a> um mehr zu erfahren.<\/p><\/div><\/div><\/div><div class=\"ea-card sp-ea-single\"><h3 class=\"ea-header\"><a class=\"collapsed\" id=\"ea-header-17649\" role=\"button\" data-sptoggle=\"spcollapse\" data-sptarget=\"#collapse17649\" aria-controls=\"collapse17649\" href=\"#\" aria-expanded=\"false\" tabindex=\"0\"><i aria-hidden=\"true\" role=\"presentation\" class=\"ea-expand-icon eap-icon-ea-expand-plus\"><\/i> Termine und Preise: Kann ich einen Termin verschieben oder absagen?<\/a><\/h3><div class=\"sp-collapse spcollapse spcollapse\" id=\"collapse17649\" data-parent=\"#sp-ea-1764\" role=\"region\" aria-labelledby=\"ea-header-17649\"> <div class=\"ea-body\"><p>Ja, du kannst einen Termin bis zu 24 Stunden vorher verschieben oder absagen. Bitte <a href=\"https:\/\/dogsandfoods.com\/index.php\/contact\/\">kontaktiere<\/a> mich rechtzeitig.<\/p><\/div><\/div><\/div><div class=\"ea-card sp-ea-single\"><h3 class=\"ea-header\"><a class=\"collapsed\" id=\"ea-header-176410\" role=\"button\" data-sptoggle=\"spcollapse\" data-sptarget=\"#collapse176410\" aria-controls=\"collapse176410\" href=\"#\" aria-expanded=\"false\" tabindex=\"0\"><i aria-hidden=\"true\" role=\"presentation\" class=\"ea-expand-icon eap-icon-ea-expand-plus\"><\/i> Reisen mit Hund: Wie kann ich meinen Hund vor Parasiten und Krankheiten auf Reisen sch\u00fctzen?<\/a><\/h3><div class=\"sp-collapse spcollapse spcollapse\" id=\"collapse176410\" data-parent=\"#sp-ea-1764\" role=\"region\" aria-labelledby=\"ea-header-176410\"> <div class=\"ea-body\"><p>Ich berate dich zu nat\u00fcrlichen und effektiven Methoden, um deinen Hund w\u00e4hrend der Reise vor Parasiten zu sch\u00fctzen. <a href=\"https:\/\/dogsandfoods.com\/index.php\/reisen-mit-hund\/\">Hier<\/a> kannst du mehr \u00fcber diese Beratung erfahren.<\/p><\/div><\/div><\/div><div class=\"ea-card sp-ea-single\"><h3 class=\"ea-header\"><a class=\"collapsed\" id=\"ea-header-176411\" role=\"button\" data-sptoggle=\"spcollapse\" data-sptarget=\"#collapse176411\" aria-controls=\"collapse176411\" href=\"#\" aria-expanded=\"false\" tabindex=\"0\"><i aria-hidden=\"true\" role=\"presentation\" class=\"ea-expand-icon eap-icon-ea-expand-plus\"><\/i> Weitere Unterst\u00fctzung: Bietest du Unterst\u00fctzung bei der Zubereitung von Hundefutter an?<\/a><\/h3><div class=\"sp-collapse spcollapse spcollapse\" id=\"collapse176411\" data-parent=\"#sp-ea-1764\" role=\"region\" aria-labelledby=\"ea-header-176411\"> <div class=\"ea-body\"><p>Ja! Du erh\u00e4ltst ein kleines e-Book mit\u00a0 genauen Anleitungen und Rezepte zur Zubereitung von gesundem Hundefutter an - die Rezepte kannst du auch f\u00fcr dich zubereiten :-).<\/p><\/div><\/div><\/div><div class=\"ea-card sp-ea-single\"><h3 class=\"ea-header\"><a class=\"collapsed\" id=\"ea-header-176412\" role=\"button\" data-sptoggle=\"spcollapse\" data-sptarget=\"#collapse176412\" aria-controls=\"collapse176412\" href=\"#\" aria-expanded=\"false\" tabindex=\"0\"><i aria-hidden=\"true\" role=\"presentation\" class=\"ea-expand-icon eap-icon-ea-expand-plus\"><\/i> Weitere Unterst\u00fctzung: Kann ich dir auch nach dem Ablauf der Beratung Fragen stellen?<\/a><\/h3><div class=\"sp-collapse spcollapse spcollapse\" id=\"collapse176412\" data-parent=\"#sp-ea-1764\" role=\"region\" aria-labelledby=\"ea-header-176412\"> <div class=\"ea-body\"><p>Nat\u00fcrlich! Ich bin auch nach der Beratung f\u00fcr dich und deinen Hund da, um Fragen zu beantworten und dich weiter zu unterst\u00fctzen.<\/p><\/div><\/div><\/div><\/div><\/div>\n","protected":false},"excerpt":{"rendered":"","protected":false},"author":2,"featured_media":0,"parent":0,"menu_order":0,"comment_status":"closed","ping_status":"closed","template":"","meta":{"_glsr_average":0,"_glsr_ranking":0,"_glsr_reviews":0,"footnotes":""},"class_list":["post-1775","page","type-page","status-publish","hentry"],"acf":[],"yoast_head":"<!-- This site is optimized with the Yoast SEO plugin v27.5 - https:\/\/yoast.com\/product\/yoast-seo-wordpress\/ -->\n<title>FAQs - DOGS AND FOODS<\/title>\n<meta name=\"robots\" content=\"index, follow, max-snippet:-1, max-image-preview:large, max-video-preview:-1\" \/>\n<link rel=\"canonical\" href=\"https:\/\/dogsandfoods.com\/index.php\/faqs\/\" \/>\n<meta property=\"og:locale\" content=\"de_DE\" \/>\n<meta property=\"og:type\" content=\"article\" \/>\n<meta property=\"og:title\" content=\"FAQs - DOGS AND FOODS\" \/>\n<meta property=\"og:url\" content=\"https:\/\/dogsandfoods.com\/index.php\/faqs\/\" \/>\n<meta property=\"og:site_name\" content=\"DOGS AND FOODS\" \/>\n<meta property=\"article:modified_time\" content=\"2024-07-26T12:37:53+00:00\" \/>\n<meta name=\"twitter:card\" content=\"summary_large_image\" \/>\n<meta name=\"twitter:label1\" content=\"Gesch\u00e4tzte Lesezeit\" \/>\n\t<meta name=\"twitter:data1\" content=\"1\u00a0Minute\" \/>\n<script type=\"application\/ld+json\" class=\"yoast-schema-graph\">{\"@context\":\"https:\\\/\\\/schema.org\",\"@graph\":[{\"@type\":\"WebPage\",\"@id\":\"https:\\\/\\\/dogsandfoods.com\\\/index.php\\\/faqs\\\/\",\"url\":\"https:\\\/\\\/dogsandfoods.com\\\/index.php\\\/faqs\\\/\",\"name\":\"FAQs - DOGS AND FOODS\",\"isPartOf\":{\"@id\":\"https:\\\/\\\/dogsandfoods.com\\\/#website\"},\"datePublished\":\"2024-07-26T12:31:10+00:00\",\"dateModified\":\"2024-07-26T12:37:53+00:00\",\"breadcrumb\":{\"@id\":\"https:\\\/\\\/dogsandfoods.com\\\/index.php\\\/faqs\\\/#breadcrumb\"},\"inLanguage\":\"de-CH\",\"potentialAction\":[{\"@type\":\"ReadAction\",\"target\":[\"https:\\\/\\\/dogsandfoods.com\\\/index.php\\\/faqs\\\/\"]}]},{\"@type\":\"BreadcrumbList\",\"@id\":\"https:\\\/\\\/dogsandfoods.com\\\/index.php\\\/faqs\\\/#breadcrumb\",\"itemListElement\":[{\"@type\":\"ListItem\",\"position\":1,\"name\":\"Home\",\"item\":\"https:\\\/\\\/dogsandfoods.com\\\/\"},{\"@type\":\"ListItem\",\"position\":2,\"name\":\"FAQs\"}]},{\"@type\":\"WebSite\",\"@id\":\"https:\\\/\\\/dogsandfoods.com\\\/#website\",\"url\":\"https:\\\/\\\/dogsandfoods.com\\\/\",\"name\":\"dogsandfoods.com\",\"description\":\"Gesunde nat\u00fcrliche Hundeern\u00e4hrung\",\"publisher\":{\"@id\":\"https:\\\/\\\/dogsandfoods.com\\\/#organization\"},\"potentialAction\":[{\"@type\":\"SearchAction\",\"target\":{\"@type\":\"EntryPoint\",\"urlTemplate\":\"https:\\\/\\\/dogsandfoods.com\\\/?s={search_term_string}\"},\"query-input\":{\"@type\":\"PropertyValueSpecification\",\"valueRequired\":true,\"valueName\":\"search_term_string\"}}],\"inLanguage\":\"de-CH\"},{\"@type\":\"Organization\",\"@id\":\"https:\\\/\\\/dogsandfoods.com\\\/#organization\",\"name\":\"Dogs and Foods\",\"url\":\"https:\\\/\\\/dogsandfoods.com\\\/\",\"logo\":{\"@type\":\"ImageObject\",\"inLanguage\":\"de-CH\",\"@id\":\"https:\\\/\\\/dogsandfoods.com\\\/#\\\/schema\\\/logo\\\/image\\\/\",\"url\":\"\",\"contentUrl\":\"\",\"caption\":\"Dogs and Foods\"},\"image\":{\"@id\":\"https:\\\/\\\/dogsandfoods.com\\\/#\\\/schema\\\/logo\\\/image\\\/\"}}]}<\/script>\n<!-- \/ Yoast SEO plugin. -->","yoast_head_json":{"title":"FAQs - DOGS AND FOODS","robots":{"index":"index","follow":"follow","max-snippet":"max-snippet:-1","max-image-preview":"max-image-preview:large","max-video-preview":"max-video-preview:-1"},"canonical":"https:\/\/dogsandfoods.com\/index.php\/faqs\/","og_locale":"de_DE","og_type":"article","og_title":"FAQs - DOGS AND FOODS","og_url":"https:\/\/dogsandfoods.com\/index.php\/faqs\/","og_site_name":"DOGS AND FOODS","article_modified_time":"2024-07-26T12:37:53+00:00","twitter_card":"summary_large_image","twitter_misc":{"Gesch\u00e4tzte Lesezeit":"1\u00a0Minute"},"schema":{"@context":"https:\/\/schema.org","@graph":[{"@type":"WebPage","@id":"https:\/\/dogsandfoods.com\/index.php\/faqs\/","url":"https:\/\/dogsandfoods.com\/index.php\/faqs\/","name":"FAQs - DOGS AND FOODS","isPartOf":{"@id":"https:\/\/dogsandfoods.com\/#website"},"datePublished":"2024-07-26T12:31:10+00:00","dateModified":"2024-07-26T12:37:53+00:00","breadcrumb":{"@id":"https:\/\/dogsandfoods.com\/index.php\/faqs\/#breadcrumb"},"inLanguage":"de-CH","potentialAction":[{"@type":"ReadAction","target":["https:\/\/dogsandfoods.com\/index.php\/faqs\/"]}]},{"@type":"BreadcrumbList","@id":"https:\/\/dogsandfoods.com\/index.php\/faqs\/#breadcrumb","itemListElement":[{"@type":"ListItem","position":1,"name":"Home","item":"https:\/\/dogsandfoods.com\/"},{"@type":"ListItem","position":2,"name":"FAQs"}]},{"@type":"WebSite","@id":"https:\/\/dogsandfoods.com\/#website","url":"https:\/\/dogsandfoods.com\/","name":"dogsandfoods.com","description":"Gesunde nat\u00fcrliche Hundeern\u00e4hrung","publisher":{"@id":"https:\/\/dogsandfoods.com\/#organization"},"potentialAction":[{"@type":"SearchAction","target":{"@type":"EntryPoint","urlTemplate":"https:\/\/dogsandfoods.com\/?s={search_term_string}"},"query-input":{"@type":"PropertyValueSpecification","valueRequired":true,"valueName":"search_term_string"}}],"inLanguage":"de-CH"},{"@type":"Organization","@id":"https:\/\/dogsandfoods.com\/#organization","name":"Dogs and Foods","url":"https:\/\/dogsandfoods.com\/","logo":{"@type":"ImageObject","inLanguage":"de-CH","@id":"https:\/\/dogsandfoods.com\/#\/schema\/logo\/image\/","url":"","contentUrl":"","caption":"Dogs and Foods"},"image":{"@id":"https:\/\/dogsandfoods.com\/#\/schema\/logo\/image\/"}}]}},"_links":{"self":[{"href":"https:\/\/dogsandfoods.com\/index.php\/wp-json\/wp\/v2\/pages\/1775","targetHints":{"allow":["GET"]}}],"collection":[{"href":"https:\/\/dogsandfoods.com\/index.php\/wp-json\/wp\/v2\/pages"}],"about":[{"href":"https:\/\/dogsandfoods.com\/index.php\/wp-json\/wp\/v2\/types\/page"}],"author":[{"embeddable":true,"href":"https:\/\/dogsandfoods.com\/index.php\/wp-json\/wp\/v2\/users\/2"}],"replies":[{"embeddable":true,"href":"https:\/\/dogsandfoods.com\/index.php\/wp-json\/wp\/v2\/comments?post=1775"}],"version-history":[{"count":0,"href":"https:\/\/dogsandfoods.com\/index.php\/wp-json\/wp\/v2\/pages\/1775\/revisions"}],"wp:attachment":[{"href":"https:\/\/dogsandfoods.com\/index.php\/wp-json\/wp\/v2\/media?parent=1775"}],"curies":[{"name":"wp","href":"https:\/\/api.w.org\/{rel}","templated":true}]}}