{"id":1957,"date":"2024-08-09T13:16:06","date_gmt":"2024-08-09T13:16:06","guid":{"rendered":"https:\/\/dogsandfoods.com\/?page_id=1957"},"modified":"2024-08-09T13:39:57","modified_gmt":"2024-08-09T13:39:57","slug":"naturliche-ernahrung-fur-ein-gesundes-hundeleben","status":"publish","type":"page","link":"https:\/\/dogsandfoods.com\/index.php\/naturliche-ernahrung-fur-ein-gesundes-hundeleben\/","title":{"rendered":"Nat\u00fcrliche Ern\u00e4hrung f\u00fcr ein gesundes Hundeleben"},"content":{"rendered":"\n<p class=\"has-medium-font-size\">Bei DOGS AND FOODS setzen wir uns leidenschaftlich f\u00fcr eine gesunde, ausgewogene und nat\u00fcrliche Ern\u00e4hrung ein. Unser Ziel ist es, das Leben unserer Hunde zu verl\u00e4ngern und ihre Lebensqualit\u00e4t zu verbessern. Denn Hunde sind mehr als nur Haustiere \u2013 sie sind Familienmitglieder.<\/p>\n\n\n\n<p class=\"has-medium-font-size\">Egal, ob dein Hund gesund ist oder mit chronischen Erkrankungen zu k\u00e4mpfen hat \u2013 wir haben das Wissen und die Erfahrung, um ihn optimal zu unterst\u00fctzen.<\/p>\n\n\n\n<div class=\"wp-block-media-text is-stacked-on-mobile\" style=\"grid-template-columns:52% auto\"><figure class=\"wp-block-media-text__media\"><img loading=\"lazy\" decoding=\"async\" width=\"1920\" height=\"1080\" src=\"https:\/\/dogsandfoods.com\/wp-content\/uploads\/2024\/07\/glow-3.png\" alt=\"nat\u00fcrliche Ern\u00e4hrung\" class=\"wp-image-1806 size-full\" srcset=\"https:\/\/dogsandfoods.com\/wp-content\/uploads\/2024\/07\/glow-3.png 1920w, https:\/\/dogsandfoods.com\/wp-content\/uploads\/2024\/07\/glow-3-300x169.png 300w, https:\/\/dogsandfoods.com\/wp-content\/uploads\/2024\/07\/glow-3-1024x576.png 1024w, https:\/\/dogsandfoods.com\/wp-content\/uploads\/2024\/07\/glow-3-768x432.png 768w, https:\/\/dogsandfoods.com\/wp-content\/uploads\/2024\/07\/glow-3-1536x864.png 1536w\" sizes=\"auto, (max-width: 1920px) 100vw, 1920px\" \/><\/figure><div class=\"wp-block-media-text__content\">\n<p class=\"has-medium-font-size\"><strong>Warum nat\u00fcrliche Ern\u00e4hrung?<\/strong><\/p>\n\n\n\n<p class=\"has-medium-font-size\">Ich bin \u00fcberzeugt, dass eine artgerechte, nat\u00fcrliche  Ern\u00e4hrung der Schl\u00fcssel zu einem langen, gesunden und gl\u00fccklichen Leben f\u00fcr deinen Hund ist. Wir setzen auf <strong><mark style=\"background-color:rgba(0, 0, 0, 0)\" class=\"has-inline-color has-mine-shaft-color\">frische, biologische und lokale Lebensmittel<\/mark><\/strong>, um sicherzustellen, dass dein Hund die besten N\u00e4hrstoffe erh\u00e4lt \u2013 ganz<mark style=\"background-color:rgba(0, 0, 0, 0)\" class=\"has-inline-color has-black-color\"> <\/mark><mark style=\"background-color:rgba(0, 0, 0, 0)\" class=\"has-inline-color has-mine-shaft-color\"><strong>ohne k\u00fcnstliche Zusatzstoffe oder F\u00fcllstoffe<\/strong>.<\/mark><\/p>\n<\/div><\/div>\n\n\n\n<div class=\"wp-block-media-text has-media-on-the-right is-stacked-on-mobile\" style=\"grid-template-columns:auto 39%\"><div class=\"wp-block-media-text__content\">\n<p class=\"has-medium-font-size\"><strong>Unterst\u00fctzung f\u00fcr chronisch kranke Hunde<\/strong><\/p>\n\n\n\n<p class=\"has-medium-font-size\">Chronische Erkrankungen wie Magen-Darm-Probleme, Hauterkrankungen oder Nierenleiden k\u00f6nnen das Leben unserer Hunde stark beeintr\u00e4chtigen. Doch die richtige Ern\u00e4hrung kann viel bewirken. Mit meiner langj\u00e4hrigen Erfahrung und fundierten Kenntnis der neuesten wissenschaftlichen Erkenntnisse erstelle ich massgeschneiderte Ern\u00e4hrungspl\u00e4ne und setze Naturheilmittel ein, um die Symptome zu lindern und das Wohlbefinden der Hunde zu f\u00f6rdern.<\/p>\n<\/div><figure class=\"wp-block-media-text__media\"><img loading=\"lazy\" decoding=\"async\" width=\"576\" height=\"1024\" src=\"https:\/\/dogsandfoods.com\/wp-content\/uploads\/2024\/08\/slatki-mops-576x1024.png\" alt=\"\" class=\"wp-image-1958 size-full\" srcset=\"https:\/\/dogsandfoods.com\/wp-content\/uploads\/2024\/08\/slatki-mops-576x1024.png 576w, https:\/\/dogsandfoods.com\/wp-content\/uploads\/2024\/08\/slatki-mops-169x300.png 169w, https:\/\/dogsandfoods.com\/wp-content\/uploads\/2024\/08\/slatki-mops-768x1365.png 768w, https:\/\/dogsandfoods.com\/wp-content\/uploads\/2024\/08\/slatki-mops-864x1536.png 864w, https:\/\/dogsandfoods.com\/wp-content\/uploads\/2024\/08\/slatki-mops.png 1080w\" sizes=\"auto, (max-width: 576px) 100vw, 576px\" \/><\/figure><\/div>\n\n\n\n<h4 class=\"wp-block-heading\"><strong>Unser Angebot<\/strong><\/h4>\n\n\n\n<p class=\"has-medium-font-size\"><strong>1. Wissenschaftlich fundierter Blog:<\/strong> Entdecke zahlreiche Tipps, Rezepte und wissenschaftlich fundierte Informationen zur Hundeern\u00e4hrung. Wir lesen die neuesten Studien und bereiten sie so auf, dass sie leicht verst\u00e4ndlich und praktisch umsetzbar sind.<\/p>\n\n\n\n<p class=\"has-medium-font-size\"><strong>2. Beratungspakete:<\/strong> Von der allgemeinen Ern\u00e4hrungsberatung \u00fcber spezielle Di\u00e4ten f\u00fcr chronisch kranke Hunde bis hin zur Reiseberatung und Naturheilmitteln \u2013 bei DOGS AND FOODS findest du das passende Beratungspaket.<\/p>\n\n\n\n<p class=\"has-medium-font-size\"><strong>3. Individuelle Rations\u00fcberpr\u00fcfung:<\/strong> Bist du dir unsicher, ob dein Hund alle notwendigen N\u00e4hrstoffe erh\u00e4lt? Lass uns die Ern\u00e4hrung deines Hundes \u00fcberpr\u00fcfen und gegebenenfalls optimieren.<\/p>\n\n\n\n<div class=\"wp-block-media-text is-stacked-on-mobile\" style=\"grid-template-columns:31% auto\"><figure class=\"wp-block-media-text__media\"><img loading=\"lazy\" decoding=\"async\" width=\"500\" height=\"500\" src=\"https:\/\/dogsandfoods.com\/wp-content\/uploads\/2024\/07\/logo-varijanta-3-1-1.png\" alt=\"Hundeern\u00e4hrung\" class=\"wp-image-1805 size-full\" srcset=\"https:\/\/dogsandfoods.com\/wp-content\/uploads\/2024\/07\/logo-varijanta-3-1-1.png 500w, https:\/\/dogsandfoods.com\/wp-content\/uploads\/2024\/07\/logo-varijanta-3-1-1-300x300.png 300w, https:\/\/dogsandfoods.com\/wp-content\/uploads\/2024\/07\/logo-varijanta-3-1-1-150x150.png 150w\" sizes=\"auto, (max-width: 500px) 100vw, 500px\" \/><\/figure><div class=\"wp-block-media-text__content\">\n<p class=\"has-medium-font-size\"><strong>Warum DOGS AND FOODS?<\/strong><\/p>\n\n\n\n<p class=\"has-medium-font-size\"><strong>Pers\u00f6nliche Beratung:<\/strong> Jede Beratung ist individuell auf dich und die Bed\u00fcrfnisse deines Hundes zugeschnitten.<\/p>\n\n\n\n<p class=\"has-medium-font-size\"><strong>Expertise in der Ern\u00e4hrung chronisch kranker Hunde:<\/strong> ich weiss aus eigener Erfahrung, was es bedeutet, einen Hund mit chronischen Erkrankungen zu betreuen, und wie wichtig die richtige Ern\u00e4hrung ist.<\/p>\n\n\n\n<p class=\"has-medium-font-size\"><strong>Nat\u00fcrliche und biologische Zutaten:<\/strong> ich setze auf Qualit\u00e4t und Nachhaltigkeit, um das Beste f\u00fcr den Hund und die Umwelt zu tun.<\/p>\n<\/div><\/div>\n\n\n\n<h4 class=\"wp-block-heading\"><strong>Starte jetzt \u2013 f\u00fcr ein gesundes Hundeleben!<\/strong><\/h4>\n\n\n\n<p class=\"has-medium-font-size\">Entdecke, wie du durch die richtige Ern\u00e4hrung das Leben deines Hundes verbessern kannst. St\u00f6bere in meinem Blog, buche eine Beratung oder lass uns gemeinsam den perfekten Ern\u00e4hrungsplan f\u00fcr deinen Hund erstellen.<\/p>\n\n\n\n<div class=\"wp-block-buttons is-layout-flex wp-block-buttons-is-layout-flex\">\n<div class=\"wp-block-button\"><a class=\"wp-block-button__link wp-element-button\" href=\"https:\/\/dogsandfoods.com\/index.php\/dienstleistungen\/\"><strong>Jetzt Beratung buchen!<\/strong><\/a><\/div>\n<\/div>\n","protected":false},"excerpt":{"rendered":"<p>Bei DOGS AND FOODS setzen wir uns leidenschaftlich f\u00fcr eine gesunde, ausgewogene und nat\u00fcrliche Ern\u00e4hrung ein. Unser Ziel ist es, das Leben unserer Hunde zu verl\u00e4ngern und ihre Lebensqualit\u00e4t zu verbessern. Denn Hunde sind mehr als nur Haustiere \u2013 sie sind Familienmitglieder. Egal, ob dein Hund gesund ist oder mit chronischen Erkrankungen zu k\u00e4mpfen hat \u2013 wir haben das Wissen und die Erfahrung, um ihn optimal zu unterst\u00fctzen. Warum nat\u00fcrliche Ern\u00e4hrung? Ich bin \u00fcberzeugt, dass eine artgerechte, nat\u00fcrliche Ern\u00e4hrung der Schl\u00fcssel zu einem langen, gesunden und gl\u00fccklichen Leben f\u00fcr deinen Hund ist. Wir setzen auf frische, biologische und lokale Lebensmittel, um sicherzustellen, dass dein Hund die besten N\u00e4hrstoffe erh\u00e4lt \u2013 ganz ohne k\u00fcnstliche Zusatzstoffe oder F\u00fcllstoffe. Unterst\u00fctzung f\u00fcr chronisch kranke Hunde Chronische Erkrankungen wie Magen-Darm-Probleme, Hauterkrankungen oder Nierenleiden k\u00f6nnen das Leben unserer Hunde stark beeintr\u00e4chtigen. Doch die richtige Ern\u00e4hrung kann viel bewirken. Mit meiner langj\u00e4hrigen Erfahrung und fundierten Kenntnis der neuesten wissenschaftlichen Erkenntnisse erstelle ich massgeschneiderte Ern\u00e4hrungspl\u00e4ne und setze Naturheilmittel ein, um die Symptome zu lindern und das Wohlbefinden der Hunde zu f\u00f6rdern. Unser Angebot 1. Wissenschaftlich fundierter Blog: Entdecke zahlreiche Tipps, Rezepte und wissenschaftlich fundierte Informationen zur Hundeern\u00e4hrung. Wir lesen die neuesten Studien und bereiten sie so auf, dass sie leicht verst\u00e4ndlich und praktisch umsetzbar sind. 2. Beratungspakete: Von der allgemeinen Ern\u00e4hrungsberatung \u00fcber spezielle Di\u00e4ten f\u00fcr chronisch kranke Hunde bis hin zur Reiseberatung und Naturheilmitteln \u2013 bei DOGS AND FOODS findest du das passende Beratungspaket. 3. Individuelle Rations\u00fcberpr\u00fcfung: Bist du dir unsicher, ob dein Hund alle notwendigen N\u00e4hrstoffe erh\u00e4lt? Lass uns die Ern\u00e4hrung deines Hundes \u00fcberpr\u00fcfen und gegebenenfalls optimieren. Warum DOGS AND FOODS? Pers\u00f6nliche Beratung: Jede Beratung ist individuell auf dich und die Bed\u00fcrfnisse deines Hundes zugeschnitten. Expertise in der Ern\u00e4hrung chronisch kranker Hunde: ich weiss aus eigener Erfahrung, was es bedeutet, einen Hund mit chronischen Erkrankungen zu betreuen, und wie wichtig die richtige Ern\u00e4hrung ist. Nat\u00fcrliche und biologische Zutaten: ich setze auf Qualit\u00e4t und Nachhaltigkeit, um das Beste f\u00fcr den Hund und die Umwelt zu tun. Starte jetzt \u2013 f\u00fcr ein gesundes Hundeleben! Entdecke, wie du durch die richtige Ern\u00e4hrung das Leben deines Hundes verbessern kannst. St\u00f6bere in meinem Blog, buche eine Beratung oder lass uns gemeinsam den perfekten Ern\u00e4hrungsplan f\u00fcr deinen Hund erstellen.<\/p>\n","protected":false},"author":2,"featured_media":1857,"parent":0,"menu_order":0,"comment_status":"closed","ping_status":"closed","template":"","meta":{"_glsr_average":0,"_glsr_ranking":0,"_glsr_reviews":0,"footnotes":""},"class_list":["post-1957","page","type-page","status-publish","has-post-thumbnail","hentry"],"acf":[],"yoast_head":"<!-- This site is optimized with the Yoast SEO plugin v27.5 - https:\/\/yoast.com\/product\/yoast-seo-wordpress\/ -->\n<title>nat\u00fcrliche Ern\u00e4hrung<\/title>\n<meta name=\"description\" content=\"Die nat\u00fcrliche Ern\u00e4hrung ist der Schl\u00fcssel f\u00fcr ein gutes, gesundes und langes Hundeleben. Bei mir lernst du, wie das geht.\" \/>\n<meta name=\"robots\" content=\"index, follow, max-snippet:-1, max-image-preview:large, max-video-preview:-1\" \/>\n<link rel=\"canonical\" href=\"https:\/\/dogsandfoods.com\/index.php\/naturliche-ernahrung-fur-ein-gesundes-hundeleben\/\" \/>\n<meta property=\"og:locale\" content=\"de_DE\" \/>\n<meta property=\"og:type\" content=\"article\" \/>\n<meta property=\"og:title\" content=\"nat\u00fcrliche Ern\u00e4hrung\" \/>\n<meta property=\"og:description\" content=\"Die nat\u00fcrliche Ern\u00e4hrung ist der Schl\u00fcssel f\u00fcr ein gutes, gesundes und langes Hundeleben. Bei mir lernst du, wie das geht.\" \/>\n<meta property=\"og:url\" content=\"https:\/\/dogsandfoods.com\/index.php\/naturliche-ernahrung-fur-ein-gesundes-hundeleben\/\" \/>\n<meta property=\"og:site_name\" content=\"DOGS AND FOODS\" \/>\n<meta property=\"article:modified_time\" content=\"2024-08-09T13:39:57+00:00\" \/>\n<meta property=\"og:image\" content=\"https:\/\/dogsandfoods.com\/wp-content\/uploads\/2024\/08\/IMG_5895.jpeg\" \/>\n\t<meta property=\"og:image:width\" content=\"1920\" \/>\n\t<meta property=\"og:image:height\" content=\"1280\" \/>\n\t<meta property=\"og:image:type\" content=\"image\/jpeg\" \/>\n<meta name=\"twitter:card\" content=\"summary_large_image\" \/>\n<meta name=\"twitter:label1\" content=\"Gesch\u00e4tzte Lesezeit\" \/>\n\t<meta name=\"twitter:data1\" content=\"3\u00a0Minuten\" \/>\n<script type=\"application\/ld+json\" class=\"yoast-schema-graph\">{\"@context\":\"https:\\\/\\\/schema.org\",\"@graph\":[{\"@type\":\"WebPage\",\"@id\":\"https:\\\/\\\/dogsandfoods.com\\\/index.php\\\/naturliche-ernahrung-fur-ein-gesundes-hundeleben\\\/\",\"url\":\"https:\\\/\\\/dogsandfoods.com\\\/index.php\\\/naturliche-ernahrung-fur-ein-gesundes-hundeleben\\\/\",\"name\":\"nat\u00fcrliche Ern\u00e4hrung\",\"isPartOf\":{\"@id\":\"https:\\\/\\\/dogsandfoods.com\\\/#website\"},\"primaryImageOfPage\":{\"@id\":\"https:\\\/\\\/dogsandfoods.com\\\/index.php\\\/naturliche-ernahrung-fur-ein-gesundes-hundeleben\\\/#primaryimage\"},\"image\":{\"@id\":\"https:\\\/\\\/dogsandfoods.com\\\/index.php\\\/naturliche-ernahrung-fur-ein-gesundes-hundeleben\\\/#primaryimage\"},\"thumbnailUrl\":\"https:\\\/\\\/dogsandfoods.com\\\/wp-content\\\/uploads\\\/2024\\\/08\\\/IMG_5895.jpeg\",\"datePublished\":\"2024-08-09T13:16:06+00:00\",\"dateModified\":\"2024-08-09T13:39:57+00:00\",\"description\":\"Die nat\u00fcrliche Ern\u00e4hrung ist der Schl\u00fcssel f\u00fcr ein gutes, gesundes und langes Hundeleben. Bei mir lernst du, wie das geht.\",\"breadcrumb\":{\"@id\":\"https:\\\/\\\/dogsandfoods.com\\\/index.php\\\/naturliche-ernahrung-fur-ein-gesundes-hundeleben\\\/#breadcrumb\"},\"inLanguage\":\"de-CH\",\"potentialAction\":[{\"@type\":\"ReadAction\",\"target\":[\"https:\\\/\\\/dogsandfoods.com\\\/index.php\\\/naturliche-ernahrung-fur-ein-gesundes-hundeleben\\\/\"]}]},{\"@type\":\"ImageObject\",\"inLanguage\":\"de-CH\",\"@id\":\"https:\\\/\\\/dogsandfoods.com\\\/index.php\\\/naturliche-ernahrung-fur-ein-gesundes-hundeleben\\\/#primaryimage\",\"url\":\"https:\\\/\\\/dogsandfoods.com\\\/wp-content\\\/uploads\\\/2024\\\/08\\\/IMG_5895.jpeg\",\"contentUrl\":\"https:\\\/\\\/dogsandfoods.com\\\/wp-content\\\/uploads\\\/2024\\\/08\\\/IMG_5895.jpeg\",\"width\":1920,\"height\":1280,\"caption\":\"nat\u00fcrliche Ern\u00e4hrung\"},{\"@type\":\"BreadcrumbList\",\"@id\":\"https:\\\/\\\/dogsandfoods.com\\\/index.php\\\/naturliche-ernahrung-fur-ein-gesundes-hundeleben\\\/#breadcrumb\",\"itemListElement\":[{\"@type\":\"ListItem\",\"position\":1,\"name\":\"Home\",\"item\":\"https:\\\/\\\/dogsandfoods.com\\\/\"},{\"@type\":\"ListItem\",\"position\":2,\"name\":\"Nat\u00fcrliche Ern\u00e4hrung f\u00fcr ein gesundes Hundeleben\"}]},{\"@type\":\"WebSite\",\"@id\":\"https:\\\/\\\/dogsandfoods.com\\\/#website\",\"url\":\"https:\\\/\\\/dogsandfoods.com\\\/\",\"name\":\"dogsandfoods.com\",\"description\":\"Gesunde nat\u00fcrliche Hundeern\u00e4hrung\",\"publisher\":{\"@id\":\"https:\\\/\\\/dogsandfoods.com\\\/#organization\"},\"potentialAction\":[{\"@type\":\"SearchAction\",\"target\":{\"@type\":\"EntryPoint\",\"urlTemplate\":\"https:\\\/\\\/dogsandfoods.com\\\/?s={search_term_string}\"},\"query-input\":{\"@type\":\"PropertyValueSpecification\",\"valueRequired\":true,\"valueName\":\"search_term_string\"}}],\"inLanguage\":\"de-CH\"},{\"@type\":\"Organization\",\"@id\":\"https:\\\/\\\/dogsandfoods.com\\\/#organization\",\"name\":\"Dogs and Foods\",\"url\":\"https:\\\/\\\/dogsandfoods.com\\\/\",\"logo\":{\"@type\":\"ImageObject\",\"inLanguage\":\"de-CH\",\"@id\":\"https:\\\/\\\/dogsandfoods.com\\\/#\\\/schema\\\/logo\\\/image\\\/\",\"url\":\"\",\"contentUrl\":\"\",\"caption\":\"Dogs and Foods\"},\"image\":{\"@id\":\"https:\\\/\\\/dogsandfoods.com\\\/#\\\/schema\\\/logo\\\/image\\\/\"}}]}<\/script>\n<!-- \/ Yoast SEO plugin. -->","yoast_head_json":{"title":"nat\u00fcrliche Ern\u00e4hrung","description":"Die nat\u00fcrliche Ern\u00e4hrung ist der Schl\u00fcssel f\u00fcr ein gutes, gesundes und langes Hundeleben. Bei mir lernst du, wie das geht.","robots":{"index":"index","follow":"follow","max-snippet":"max-snippet:-1","max-image-preview":"max-image-preview:large","max-video-preview":"max-video-preview:-1"},"canonical":"https:\/\/dogsandfoods.com\/index.php\/naturliche-ernahrung-fur-ein-gesundes-hundeleben\/","og_locale":"de_DE","og_type":"article","og_title":"nat\u00fcrliche Ern\u00e4hrung","og_description":"Die nat\u00fcrliche Ern\u00e4hrung ist der Schl\u00fcssel f\u00fcr ein gutes, gesundes und langes Hundeleben. Bei mir lernst du, wie das geht.","og_url":"https:\/\/dogsandfoods.com\/index.php\/naturliche-ernahrung-fur-ein-gesundes-hundeleben\/","og_site_name":"DOGS AND FOODS","article_modified_time":"2024-08-09T13:39:57+00:00","og_image":[{"width":1920,"height":1280,"url":"https:\/\/dogsandfoods.com\/wp-content\/uploads\/2024\/08\/IMG_5895.jpeg","type":"image\/jpeg"}],"twitter_card":"summary_large_image","twitter_misc":{"Gesch\u00e4tzte Lesezeit":"3\u00a0Minuten"},"schema":{"@context":"https:\/\/schema.org","@graph":[{"@type":"WebPage","@id":"https:\/\/dogsandfoods.com\/index.php\/naturliche-ernahrung-fur-ein-gesundes-hundeleben\/","url":"https:\/\/dogsandfoods.com\/index.php\/naturliche-ernahrung-fur-ein-gesundes-hundeleben\/","name":"nat\u00fcrliche Ern\u00e4hrung","isPartOf":{"@id":"https:\/\/dogsandfoods.com\/#website"},"primaryImageOfPage":{"@id":"https:\/\/dogsandfoods.com\/index.php\/naturliche-ernahrung-fur-ein-gesundes-hundeleben\/#primaryimage"},"image":{"@id":"https:\/\/dogsandfoods.com\/index.php\/naturliche-ernahrung-fur-ein-gesundes-hundeleben\/#primaryimage"},"thumbnailUrl":"https:\/\/dogsandfoods.com\/wp-content\/uploads\/2024\/08\/IMG_5895.jpeg","datePublished":"2024-08-09T13:16:06+00:00","dateModified":"2024-08-09T13:39:57+00:00","description":"Die nat\u00fcrliche Ern\u00e4hrung ist der Schl\u00fcssel f\u00fcr ein gutes, gesundes und langes Hundeleben. Bei mir lernst du, wie das geht.","breadcrumb":{"@id":"https:\/\/dogsandfoods.com\/index.php\/naturliche-ernahrung-fur-ein-gesundes-hundeleben\/#breadcrumb"},"inLanguage":"de-CH","potentialAction":[{"@type":"ReadAction","target":["https:\/\/dogsandfoods.com\/index.php\/naturliche-ernahrung-fur-ein-gesundes-hundeleben\/"]}]},{"@type":"ImageObject","inLanguage":"de-CH","@id":"https:\/\/dogsandfoods.com\/index.php\/naturliche-ernahrung-fur-ein-gesundes-hundeleben\/#primaryimage","url":"https:\/\/dogsandfoods.com\/wp-content\/uploads\/2024\/08\/IMG_5895.jpeg","contentUrl":"https:\/\/dogsandfoods.com\/wp-content\/uploads\/2024\/08\/IMG_5895.jpeg","width":1920,"height":1280,"caption":"nat\u00fcrliche Ern\u00e4hrung"},{"@type":"BreadcrumbList","@id":"https:\/\/dogsandfoods.com\/index.php\/naturliche-ernahrung-fur-ein-gesundes-hundeleben\/#breadcrumb","itemListElement":[{"@type":"ListItem","position":1,"name":"Home","item":"https:\/\/dogsandfoods.com\/"},{"@type":"ListItem","position":2,"name":"Nat\u00fcrliche Ern\u00e4hrung f\u00fcr ein gesundes Hundeleben"}]},{"@type":"WebSite","@id":"https:\/\/dogsandfoods.com\/#website","url":"https:\/\/dogsandfoods.com\/","name":"dogsandfoods.com","description":"Gesunde nat\u00fcrliche Hundeern\u00e4hrung","publisher":{"@id":"https:\/\/dogsandfoods.com\/#organization"},"potentialAction":[{"@type":"SearchAction","target":{"@type":"EntryPoint","urlTemplate":"https:\/\/dogsandfoods.com\/?s={search_term_string}"},"query-input":{"@type":"PropertyValueSpecification","valueRequired":true,"valueName":"search_term_string"}}],"inLanguage":"de-CH"},{"@type":"Organization","@id":"https:\/\/dogsandfoods.com\/#organization","name":"Dogs and Foods","url":"https:\/\/dogsandfoods.com\/","logo":{"@type":"ImageObject","inLanguage":"de-CH","@id":"https:\/\/dogsandfoods.com\/#\/schema\/logo\/image\/","url":"","contentUrl":"","caption":"Dogs and Foods"},"image":{"@id":"https:\/\/dogsandfoods.com\/#\/schema\/logo\/image\/"}}]}},"_links":{"self":[{"href":"https:\/\/dogsandfoods.com\/index.php\/wp-json\/wp\/v2\/pages\/1957","targetHints":{"allow":["GET"]}}],"collection":[{"href":"https:\/\/dogsandfoods.com\/index.php\/wp-json\/wp\/v2\/pages"}],"about":[{"href":"https:\/\/dogsandfoods.com\/index.php\/wp-json\/wp\/v2\/types\/page"}],"author":[{"embeddable":true,"href":"https:\/\/dogsandfoods.com\/index.php\/wp-json\/wp\/v2\/users\/2"}],"replies":[{"embeddable":true,"href":"https:\/\/dogsandfoods.com\/index.php\/wp-json\/wp\/v2\/comments?post=1957"}],"version-history":[{"count":0,"href":"https:\/\/dogsandfoods.com\/index.php\/wp-json\/wp\/v2\/pages\/1957\/revisions"}],"wp:featuredmedia":[{"embeddable":true,"href":"https:\/\/dogsandfoods.com\/index.php\/wp-json\/wp\/v2\/media\/1857"}],"wp:attachment":[{"href":"https:\/\/dogsandfoods.com\/index.php\/wp-json\/wp\/v2\/media?parent=1957"}],"curies":[{"name":"wp","href":"https:\/\/api.w.org\/{rel}","templated":true}]}}