{"id":2347,"date":"2024-09-24T11:08:54","date_gmt":"2024-09-24T11:08:54","guid":{"rendered":"https:\/\/dogsandfoods.com\/?page_id=2347"},"modified":"2024-11-08T18:20:01","modified_gmt":"2024-11-08T18:20:01","slug":"ringelblutensalbe-zum-selber-machen","status":"publish","type":"page","link":"https:\/\/dogsandfoods.com\/index.php\/ringelblutensalbe-zum-selber-machen\/","title":{"rendered":"Ringelbl\u00fctensalbe"},"content":{"rendered":"\n<p>Entdecke hier ein einfaches Rezept f\u00fcr selbstgemachte <strong>Ringelbl\u00fctensalbe<\/strong>, die sowohl bei Wunden von Hunden als auch Menschen, sogar bei Kindern, angewendet werden kann. Sie eignet sich zudem hervorragend zur sanften Pflege der <a href=\"https:\/\/dogsandfoods.com\/index.php\/2024\/09\/23\/analdrusen-probleme-ursachen-losungen-und-vorbeugung\/\">Analdr\u00fcsen<\/a> deines Hundes \u2013 einfach d\u00fcnn auftragen und mit leichtem Druck ganz behutsam einmassieren. Die Ringelbl\u00fctensalbe ist eine nat\u00fcrliche L\u00f6sung f\u00fcr empfindliche Haut und gereizte Stellen!<\/p>\n\n\n\n<div class=\"wp-block-media-text has-media-on-the-right is-stacked-on-mobile\" style=\"grid-template-columns:auto 35%\"><div class=\"wp-block-media-text__content\">\n<h2 class=\"wp-block-heading\">Zutaten:<\/h2>\n\n\n\n<ul class=\"wp-block-list\">\n<li>80 Gramm Kokos\u00f6l (oder ein anderes \u00d6l wie Oliven\u00f6l)<\/li>\n\n\n\n<li>3 Essl\u00f6ffel getrocknete Ringelbl\u00fcten (<a href=\"https:\/\/www.stpeter-apotheke.com\/\" target=\"_blank\" rel=\"noreferrer noopener\">Apotheke<\/a> oder Reformhaus)<\/li>\n\n\n\n<li>5-6 Gramm Bienenwachs (in Pastillenform oder geraspelt)<\/li>\n<\/ul>\n\n\n\n<h2 class=\"wp-block-heading\">Ben\u00f6tigte Utensilien:<\/h2>\n\n\n\n<ul id=\"block-927f0ed4-5bc1-407a-951c-4850953768d3\" class=\"wp-block-list\">\n<li>Kleine Pfanne (kein direkter Kontakt mit Lebensmitteln)<\/li>\n\n\n\n<li>Glas (hitzebest\u00e4ndig, z.B. Einmachglas)<\/li>\n\n\n\n<li>Kaffeefilter (Papier oder feines Sieb)<\/li>\n\n\n\n<li>Glasbeh\u00e4lter f\u00fcr die fertige Salbe (z.B. kleines Marmeladenglas oder Salbentiegel)<\/li>\n<\/ul>\n<\/div><figure class=\"wp-block-media-text__media\"><img decoding=\"async\" src=\"https:\/\/dogsandfoods.com\/wp-content\/uploads\/2024\/09\/Ringelbluten-Salbe-1-410x1024.jpg\" alt=\"\" class=\"wp-image-2348 size-full\"\/><\/figure><\/div>\n\n\n\n<h3 class=\"wp-block-heading has-white-background-color has-background\">Schritt-f\u00fcr-Schritt-Anleitung f\u00fcr die Ringelbl\u00fctensalbe<\/h3>\n\n\n\n<h4 class=\"wp-block-heading\"><strong>Vorbereitung der Zutaten<\/strong><\/h4>\n\n\n\n<ul class=\"wp-block-list\">\n<li>Messe und wiege alle Zutaten ab.<\/li>\n<\/ul>\n\n\n\n<h4 class=\"wp-block-heading\"><strong>Schritt 1: Vermische die Zutaten<\/strong> <strong>f\u00fcr die Ringelbl\u00fctensalbe<\/strong><\/h4>\n\n\n\n<p>Lege die Ringelbl\u00fcten in das Glas und gie\u00dfe das Kokos\u00f6l dar\u00fcber, bis die Bl\u00fcten vollst\u00e4ndig bedeckt sind. Keine Sorge, es muss nicht exakt abgemessen werden \u2013 einfach so viel \u00d6l verwenden, dass die Bl\u00fcten im Glas schwimmen.<\/p>\n\n\n\n<h4 class=\"wp-block-heading\"><strong>Schritt 2: Das Wasserbad einrichten<\/strong><\/h4>\n\n\n\n<ul class=\"wp-block-list\">\n<li>F\u00fclle die Pfanne etwa zur H\u00e4lfte mit Wasser.<\/li>\n\n\n\n<li>Stelle das Glas mit dem \u00d6l und den Bl\u00fcten in die Pfanne. Achte darauf, dass kein Wasser ins Glas kommt!<\/li>\n\n\n\n<li>Erhitze das Wasserbad vorsichtig auf eine mittlere Temperatur. Die Temperatur sollte zwischen 40-50\u00b0C bleiben (etwa wie Badewasser, es darf nicht sprudeln oder kochen).<\/li>\n\n\n\n<li>Lass das Glas f\u00fcr etwa <strong>90 Minuten<\/strong> im Wasserbad stehen. R\u00fchre gelegentlich vorsichtig um (z.B. mit einem sauberen L\u00f6ffel oder St\u00e4bchen).<\/li>\n<\/ul>\n\n\n\n<h4 class=\"wp-block-heading\">Schritt 3: <strong>Abk\u00fchlen und Abseihen<\/strong><\/h4>\n\n\n\n<ul class=\"wp-block-list\">\n<li>Nachdem die 90 Minuten vorbei sind, nimm das Glas vorsichtig aus der Pfanne (Achtung, es kann hei\u00df sein \u2013 benutze einen Ofenhandschuh oder ein Handtuch).<\/li>\n\n\n\n<li>Lasse die Mischung etwa <strong>20 Minuten<\/strong> abk\u00fchlen.<\/li>\n\n\n\n<li>Nun stelle den Kaffeefilter \u00fcber ein anderes, sauberes Glas und gie\u00dfe die \u00d6lmischung vorsichtig durch den Filter, um die Bl\u00fcten zu entfernen.<\/li>\n\n\n\n<li>Gib das Bienenwachs zu dem gefilterten \u00d6l.<\/li>\n\n\n\n<li>Stelle das Glas mit der Mischung wieder in das Wasserbad, bis das Bienenwachs vollst\u00e4ndig geschmolzen ist. Dies dauert in der Regel 5-10 Minuten. R\u00fchre erneut sanft um, damit sich das Wachs gleichm\u00e4\u00dfig verteilt.<\/li>\n<\/ul>\n\n\n\n<h4 class=\"wp-block-heading\">Schritt 4: <strong>Ringelbl\u00fctensalbe abf\u00fcllen<\/strong><\/h4>\n\n\n\n<ul class=\"wp-block-list\">\n<li>Sobald das Bienenwachs geschmolzen ist, gie\u00dfe die fertige Mischung in den Glasbeh\u00e4lter (z.B. einen kleinen Tiegel oder Marmeladenglas).<\/li>\n\n\n\n<li>Lasse die Salbe vollst\u00e4ndig abk\u00fchlen \u2013 das dauert etwa 1-2 Stunden.<\/li>\n<\/ul>\n\n\n\n<h4 class=\"wp-block-heading\"><strong>Aufbewahrung<\/strong> <strong>der Ringelbl\u00fctensalbe<\/strong><\/h4>\n\n\n\n<ul class=\"wp-block-list\">\n<li>Sobald die Salbe fest geworden ist, kannst du den Deckel aufschrauben. Bewahre sie an einem k\u00fchlen, trockenen Ort auf. Sie h\u00e4lt mehrere Monate!<\/li>\n<\/ul>\n\n\n\n<h3 class=\"wp-block-heading\">Noch Fragen?<\/h3>\n\n\n\n<p>Wenn du w\u00e4hrend der Herstellung der Ringelbl\u00fctensalbe Hilfe brauchst oder unsicher bist, <strong><a href=\"https:\/\/dogsandfoods.com\/index.php\/contact\/\">kontaktiere mich jederzeit<\/a>!<\/strong> Ich stehe dir gerne zur Verf\u00fcgung.<\/p>\n","protected":false},"excerpt":{"rendered":"<p>Entdecke hier ein einfaches Rezept f\u00fcr selbstgemachte Ringelbl\u00fctensalbe, die sowohl bei Wunden von Hunden als auch Menschen, sogar bei Kindern, angewendet werden kann. Sie eignet sich zudem hervorragend zur sanften Pflege der Analdr\u00fcsen deines Hundes \u2013 einfach d\u00fcnn auftragen und mit leichtem Druck ganz behutsam einmassieren. Die Ringelbl\u00fctensalbe ist eine nat\u00fcrliche L\u00f6sung f\u00fcr empfindliche Haut und gereizte Stellen! Schritt-f\u00fcr-Schritt-Anleitung f\u00fcr die Ringelbl\u00fctensalbe Vorbereitung der Zutaten Schritt 1: Vermische die Zutaten f\u00fcr die Ringelbl\u00fctensalbe Lege die Ringelbl\u00fcten in das Glas und gie\u00dfe das Kokos\u00f6l dar\u00fcber, bis die Bl\u00fcten vollst\u00e4ndig bedeckt sind. Keine Sorge, es muss nicht exakt abgemessen werden \u2013 einfach so viel \u00d6l verwenden, dass die Bl\u00fcten im Glas schwimmen. Schritt 2: Das Wasserbad einrichten Schritt 3: Abk\u00fchlen und Abseihen Schritt 4: Ringelbl\u00fctensalbe abf\u00fcllen Aufbewahrung der Ringelbl\u00fctensalbe Noch Fragen? Wenn du w\u00e4hrend der Herstellung der Ringelbl\u00fctensalbe Hilfe brauchst oder unsicher bist, kontaktiere mich jederzeit! Ich stehe dir gerne zur Verf\u00fcgung.<\/p>\n","protected":false},"author":2,"featured_media":2655,"parent":0,"menu_order":0,"comment_status":"closed","ping_status":"closed","template":"","meta":{"_glsr_average":0,"_glsr_ranking":0,"_glsr_reviews":0,"footnotes":""},"class_list":["post-2347","page","type-page","status-publish","has-post-thumbnail","hentry"],"acf":[],"yoast_head":"<!-- This site is optimized with the Yoast SEO plugin v27.5 - https:\/\/yoast.com\/product\/yoast-seo-wordpress\/ -->\n<title>Ringelbl\u00fctensalbe - DOGS AND FOODS<\/title>\n<meta name=\"description\" content=\"Ringelbl\u00fctensalbe zum selber machen: Einfache Anleitung zur nat\u00fcrlichen Wundpflege f\u00fcr Hunde, Menschen und Kinder.\" \/>\n<meta name=\"robots\" content=\"index, follow, max-snippet:-1, max-image-preview:large, max-video-preview:-1\" \/>\n<link rel=\"canonical\" href=\"https:\/\/dogsandfoods.com\/index.php\/ringelblutensalbe-zum-selber-machen\/\" \/>\n<meta property=\"og:locale\" content=\"de_DE\" \/>\n<meta property=\"og:type\" content=\"article\" \/>\n<meta property=\"og:title\" content=\"Ringelbl\u00fctensalbe - DOGS AND FOODS\" \/>\n<meta property=\"og:description\" content=\"Ringelbl\u00fctensalbe zum selber machen: Einfache Anleitung zur nat\u00fcrlichen Wundpflege f\u00fcr Hunde, Menschen und Kinder.\" \/>\n<meta property=\"og:url\" content=\"https:\/\/dogsandfoods.com\/index.php\/ringelblutensalbe-zum-selber-machen\/\" \/>\n<meta property=\"og:site_name\" content=\"DOGS AND FOODS\" \/>\n<meta property=\"article:modified_time\" content=\"2024-11-08T18:20:01+00:00\" \/>\n<meta property=\"og:image\" content=\"https:\/\/dogsandfoods.com\/wp-content\/uploads\/2024\/11\/Instapost-Ringelblutensalbe.png\" \/>\n\t<meta property=\"og:image:width\" content=\"1080\" \/>\n\t<meta property=\"og:image:height\" content=\"1350\" \/>\n\t<meta property=\"og:image:type\" content=\"image\/png\" \/>\n<meta name=\"twitter:card\" content=\"summary_large_image\" \/>\n<meta name=\"twitter:label1\" content=\"Gesch\u00e4tzte Lesezeit\" \/>\n\t<meta name=\"twitter:data1\" content=\"3\u00a0Minuten\" \/>\n<script type=\"application\/ld+json\" class=\"yoast-schema-graph\">{\"@context\":\"https:\\\/\\\/schema.org\",\"@graph\":[{\"@type\":\"WebPage\",\"@id\":\"https:\\\/\\\/dogsandfoods.com\\\/index.php\\\/ringelblutensalbe-zum-selber-machen\\\/\",\"url\":\"https:\\\/\\\/dogsandfoods.com\\\/index.php\\\/ringelblutensalbe-zum-selber-machen\\\/\",\"name\":\"Ringelbl\u00fctensalbe - DOGS AND FOODS\",\"isPartOf\":{\"@id\":\"https:\\\/\\\/dogsandfoods.com\\\/#website\"},\"primaryImageOfPage\":{\"@id\":\"https:\\\/\\\/dogsandfoods.com\\\/index.php\\\/ringelblutensalbe-zum-selber-machen\\\/#primaryimage\"},\"image\":{\"@id\":\"https:\\\/\\\/dogsandfoods.com\\\/index.php\\\/ringelblutensalbe-zum-selber-machen\\\/#primaryimage\"},\"thumbnailUrl\":\"https:\\\/\\\/dogsandfoods.com\\\/wp-content\\\/uploads\\\/2024\\\/11\\\/Instapost-Ringelblutensalbe.png\",\"datePublished\":\"2024-09-24T11:08:54+00:00\",\"dateModified\":\"2024-11-08T18:20:01+00:00\",\"description\":\"Ringelbl\u00fctensalbe zum selber machen: Einfache Anleitung zur nat\u00fcrlichen Wundpflege f\u00fcr Hunde, Menschen und Kinder.\",\"breadcrumb\":{\"@id\":\"https:\\\/\\\/dogsandfoods.com\\\/index.php\\\/ringelblutensalbe-zum-selber-machen\\\/#breadcrumb\"},\"inLanguage\":\"de-CH\",\"potentialAction\":[{\"@type\":\"ReadAction\",\"target\":[\"https:\\\/\\\/dogsandfoods.com\\\/index.php\\\/ringelblutensalbe-zum-selber-machen\\\/\"]}]},{\"@type\":\"ImageObject\",\"inLanguage\":\"de-CH\",\"@id\":\"https:\\\/\\\/dogsandfoods.com\\\/index.php\\\/ringelblutensalbe-zum-selber-machen\\\/#primaryimage\",\"url\":\"https:\\\/\\\/dogsandfoods.com\\\/wp-content\\\/uploads\\\/2024\\\/11\\\/Instapost-Ringelblutensalbe.png\",\"contentUrl\":\"https:\\\/\\\/dogsandfoods.com\\\/wp-content\\\/uploads\\\/2024\\\/11\\\/Instapost-Ringelblutensalbe.png\",\"width\":1080,\"height\":1350,\"caption\":\"Ringelbl\u00fctensalbe selber machen\"},{\"@type\":\"BreadcrumbList\",\"@id\":\"https:\\\/\\\/dogsandfoods.com\\\/index.php\\\/ringelblutensalbe-zum-selber-machen\\\/#breadcrumb\",\"itemListElement\":[{\"@type\":\"ListItem\",\"position\":1,\"name\":\"Home\",\"item\":\"https:\\\/\\\/dogsandfoods.com\\\/\"},{\"@type\":\"ListItem\",\"position\":2,\"name\":\"Ringelbl\u00fctensalbe\"}]},{\"@type\":\"WebSite\",\"@id\":\"https:\\\/\\\/dogsandfoods.com\\\/#website\",\"url\":\"https:\\\/\\\/dogsandfoods.com\\\/\",\"name\":\"dogsandfoods.com\",\"description\":\"Gesunde nat\u00fcrliche Hundeern\u00e4hrung\",\"publisher\":{\"@id\":\"https:\\\/\\\/dogsandfoods.com\\\/#organization\"},\"potentialAction\":[{\"@type\":\"SearchAction\",\"target\":{\"@type\":\"EntryPoint\",\"urlTemplate\":\"https:\\\/\\\/dogsandfoods.com\\\/?s={search_term_string}\"},\"query-input\":{\"@type\":\"PropertyValueSpecification\",\"valueRequired\":true,\"valueName\":\"search_term_string\"}}],\"inLanguage\":\"de-CH\"},{\"@type\":\"Organization\",\"@id\":\"https:\\\/\\\/dogsandfoods.com\\\/#organization\",\"name\":\"Dogs and Foods\",\"url\":\"https:\\\/\\\/dogsandfoods.com\\\/\",\"logo\":{\"@type\":\"ImageObject\",\"inLanguage\":\"de-CH\",\"@id\":\"https:\\\/\\\/dogsandfoods.com\\\/#\\\/schema\\\/logo\\\/image\\\/\",\"url\":\"\",\"contentUrl\":\"\",\"caption\":\"Dogs and Foods\"},\"image\":{\"@id\":\"https:\\\/\\\/dogsandfoods.com\\\/#\\\/schema\\\/logo\\\/image\\\/\"}}]}<\/script>\n<!-- \/ Yoast SEO plugin. -->","yoast_head_json":{"title":"Ringelbl\u00fctensalbe - DOGS AND FOODS","description":"Ringelbl\u00fctensalbe zum selber machen: Einfache Anleitung zur nat\u00fcrlichen Wundpflege f\u00fcr Hunde, Menschen und Kinder.","robots":{"index":"index","follow":"follow","max-snippet":"max-snippet:-1","max-image-preview":"max-image-preview:large","max-video-preview":"max-video-preview:-1"},"canonical":"https:\/\/dogsandfoods.com\/index.php\/ringelblutensalbe-zum-selber-machen\/","og_locale":"de_DE","og_type":"article","og_title":"Ringelbl\u00fctensalbe - DOGS AND FOODS","og_description":"Ringelbl\u00fctensalbe zum selber machen: Einfache Anleitung zur nat\u00fcrlichen Wundpflege f\u00fcr Hunde, Menschen und Kinder.","og_url":"https:\/\/dogsandfoods.com\/index.php\/ringelblutensalbe-zum-selber-machen\/","og_site_name":"DOGS AND FOODS","article_modified_time":"2024-11-08T18:20:01+00:00","og_image":[{"width":1080,"height":1350,"url":"https:\/\/dogsandfoods.com\/wp-content\/uploads\/2024\/11\/Instapost-Ringelblutensalbe.png","type":"image\/png"}],"twitter_card":"summary_large_image","twitter_misc":{"Gesch\u00e4tzte Lesezeit":"3\u00a0Minuten"},"schema":{"@context":"https:\/\/schema.org","@graph":[{"@type":"WebPage","@id":"https:\/\/dogsandfoods.com\/index.php\/ringelblutensalbe-zum-selber-machen\/","url":"https:\/\/dogsandfoods.com\/index.php\/ringelblutensalbe-zum-selber-machen\/","name":"Ringelbl\u00fctensalbe - DOGS AND FOODS","isPartOf":{"@id":"https:\/\/dogsandfoods.com\/#website"},"primaryImageOfPage":{"@id":"https:\/\/dogsandfoods.com\/index.php\/ringelblutensalbe-zum-selber-machen\/#primaryimage"},"image":{"@id":"https:\/\/dogsandfoods.com\/index.php\/ringelblutensalbe-zum-selber-machen\/#primaryimage"},"thumbnailUrl":"https:\/\/dogsandfoods.com\/wp-content\/uploads\/2024\/11\/Instapost-Ringelblutensalbe.png","datePublished":"2024-09-24T11:08:54+00:00","dateModified":"2024-11-08T18:20:01+00:00","description":"Ringelbl\u00fctensalbe zum selber machen: Einfache Anleitung zur nat\u00fcrlichen Wundpflege f\u00fcr Hunde, Menschen und Kinder.","breadcrumb":{"@id":"https:\/\/dogsandfoods.com\/index.php\/ringelblutensalbe-zum-selber-machen\/#breadcrumb"},"inLanguage":"de-CH","potentialAction":[{"@type":"ReadAction","target":["https:\/\/dogsandfoods.com\/index.php\/ringelblutensalbe-zum-selber-machen\/"]}]},{"@type":"ImageObject","inLanguage":"de-CH","@id":"https:\/\/dogsandfoods.com\/index.php\/ringelblutensalbe-zum-selber-machen\/#primaryimage","url":"https:\/\/dogsandfoods.com\/wp-content\/uploads\/2024\/11\/Instapost-Ringelblutensalbe.png","contentUrl":"https:\/\/dogsandfoods.com\/wp-content\/uploads\/2024\/11\/Instapost-Ringelblutensalbe.png","width":1080,"height":1350,"caption":"Ringelbl\u00fctensalbe selber machen"},{"@type":"BreadcrumbList","@id":"https:\/\/dogsandfoods.com\/index.php\/ringelblutensalbe-zum-selber-machen\/#breadcrumb","itemListElement":[{"@type":"ListItem","position":1,"name":"Home","item":"https:\/\/dogsandfoods.com\/"},{"@type":"ListItem","position":2,"name":"Ringelbl\u00fctensalbe"}]},{"@type":"WebSite","@id":"https:\/\/dogsandfoods.com\/#website","url":"https:\/\/dogsandfoods.com\/","name":"dogsandfoods.com","description":"Gesunde nat\u00fcrliche Hundeern\u00e4hrung","publisher":{"@id":"https:\/\/dogsandfoods.com\/#organization"},"potentialAction":[{"@type":"SearchAction","target":{"@type":"EntryPoint","urlTemplate":"https:\/\/dogsandfoods.com\/?s={search_term_string}"},"query-input":{"@type":"PropertyValueSpecification","valueRequired":true,"valueName":"search_term_string"}}],"inLanguage":"de-CH"},{"@type":"Organization","@id":"https:\/\/dogsandfoods.com\/#organization","name":"Dogs and Foods","url":"https:\/\/dogsandfoods.com\/","logo":{"@type":"ImageObject","inLanguage":"de-CH","@id":"https:\/\/dogsandfoods.com\/#\/schema\/logo\/image\/","url":"","contentUrl":"","caption":"Dogs and Foods"},"image":{"@id":"https:\/\/dogsandfoods.com\/#\/schema\/logo\/image\/"}}]}},"_links":{"self":[{"href":"https:\/\/dogsandfoods.com\/index.php\/wp-json\/wp\/v2\/pages\/2347","targetHints":{"allow":["GET"]}}],"collection":[{"href":"https:\/\/dogsandfoods.com\/index.php\/wp-json\/wp\/v2\/pages"}],"about":[{"href":"https:\/\/dogsandfoods.com\/index.php\/wp-json\/wp\/v2\/types\/page"}],"author":[{"embeddable":true,"href":"https:\/\/dogsandfoods.com\/index.php\/wp-json\/wp\/v2\/users\/2"}],"replies":[{"embeddable":true,"href":"https:\/\/dogsandfoods.com\/index.php\/wp-json\/wp\/v2\/comments?post=2347"}],"version-history":[{"count":1,"href":"https:\/\/dogsandfoods.com\/index.php\/wp-json\/wp\/v2\/pages\/2347\/revisions"}],"predecessor-version":[{"id":2714,"href":"https:\/\/dogsandfoods.com\/index.php\/wp-json\/wp\/v2\/pages\/2347\/revisions\/2714"}],"wp:featuredmedia":[{"embeddable":true,"href":"https:\/\/dogsandfoods.com\/index.php\/wp-json\/wp\/v2\/media\/2655"}],"wp:attachment":[{"href":"https:\/\/dogsandfoods.com\/index.php\/wp-json\/wp\/v2\/media?parent=2347"}],"curies":[{"name":"wp","href":"https:\/\/api.w.org\/{rel}","templated":true}]}}