{"id":323,"date":"2024-06-03T10:54:37","date_gmt":"2024-06-03T10:54:37","guid":{"rendered":"https:\/\/dogsandfoods.com\/?page_id=323"},"modified":"2024-10-13T13:23:10","modified_gmt":"2024-10-13T13:23:10","slug":"beratung","status":"publish","type":"page","link":"https:\/\/dogsandfoods.com\/index.php\/beratung\/","title":{"rendered":"Dienstleistungen"},"content":{"rendered":"\n<p class=\"has-text-align-left has-medium-font-size\">Willkommen bei &#171;DOGS AND FOODS&#187;! <\/p>\n\n\n\n<p class=\"has-medium-font-size\">Bei DOGS AND FOODS findest du massgeschneiderte Beratung und umfassende Unterst\u00fctzung, um die gesunde Ern\u00e4hrung und das Wohlbefinden deines Hundes zu optimieren. <\/p>\n\n\n\n<p class=\"has-medium-font-size\" style=\"padding-top:0;padding-right:0;padding-bottom:0;padding-left:0\">Entdecke unser Angebot an spezialisierten Dienstleistungen, die darauf ausgelegt sind, deinem vierbeinigen Freund ein langes, gl\u00fcckliches und gesundes Leben zu erm\u00f6glichen. Von individuellen Ern\u00e4hrungspl\u00e4nen bis hin zu naturheilkundlicher Unterst\u00fctzung \u2013 bei uns findest du alles, was du brauchst, um die Gesundheit deines Hundes zu f\u00f6rdern.<\/p>\n\n\n\n<h2 class=\"wp-block-heading\">1. <strong>Beratung f\u00fcr kranke Hunde<\/strong><\/h2>\n\n\n\n<h3 class=\"wp-block-heading\"><strong>Individuelle Ern\u00e4hrungsl\u00f6sungen f\u00fcr Hunde mit chronischen Erkrankungen<\/strong><\/h3>\n\n\n\n<div class=\"wp-block-media-text alignfull is-stacked-on-mobile\"><figure class=\"wp-block-media-text__media\"><img loading=\"lazy\" decoding=\"async\" width=\"1024\" height=\"536\" src=\"https:\/\/dogsandfoods.com\/wp-content\/uploads\/2024\/10\/Ernahrungplan-kranke-Hunde-1024x536.png\" alt=\"Ern\u00e4hrungplan kranke Hunde\" class=\"wp-image-2454 size-full\" srcset=\"https:\/\/dogsandfoods.com\/wp-content\/uploads\/2024\/10\/Ernahrungplan-kranke-Hunde-1024x536.png 1024w, https:\/\/dogsandfoods.com\/wp-content\/uploads\/2024\/10\/Ernahrungplan-kranke-Hunde-300x157.png 300w, https:\/\/dogsandfoods.com\/wp-content\/uploads\/2024\/10\/Ernahrungplan-kranke-Hunde-768x402.png 768w, https:\/\/dogsandfoods.com\/wp-content\/uploads\/2024\/10\/Ernahrungplan-kranke-Hunde.png 1200w\" sizes=\"auto, (max-width: 1024px) 100vw, 1024px\" \/><\/figure><div class=\"wp-block-media-text__content\">\n<div class=\"wp-block-buttons is-layout-flex wp-block-buttons-is-layout-flex\"><\/div>\n\n\n\n<p class=\"has-medium-font-size\">Hunde mit chronischen Magendarmerkrankungen sind keine Seltenheit. Viele dieser Erkrankungen bleiben oft lange unbemerkt oder zeigen nur allgemeine Symptome. Standardisierte Di\u00e4ten k\u00f6nnen Symptome lindern, jedoch langfristig die Erkrankung verschlechtern und die Lebenserwartung verk\u00fcrzen.<\/p>\n\n\n\n<div class=\"wp-block-buttons is-layout-flex wp-block-buttons-is-layout-flex\">\n<div class=\"wp-block-button\"><a class=\"wp-block-button__link wp-element-button\" href=\"https:\/\/dogsandfoods.com\/index.php\/ernahrungsplan-fur-kranke-hunde\/\">Zum Inhalt, Ablauf und Preisen<\/a><\/div>\n<\/div>\n<\/div><\/div>\n\n\n\n<h2 class=\"wp-block-heading\">2.<mark style=\"background-color:rgba(0, 0, 0, 0)\" class=\"has-inline-color has-black-color\"> <strong>Beratung f\u00fcr gesunde Hunde<\/strong><\/mark><\/h2>\n\n\n\n<h3 class=\"wp-block-heading\"><strong>Gesunde Ern\u00e4hrung f\u00fcr ein langes, vitales Hundeleben<\/strong><\/h3>\n\n\n\n<div class=\"wp-block-media-text alignfull has-media-on-the-right is-stacked-on-mobile\"><div class=\"wp-block-media-text__content\">\n<p class=\"has-medium-font-size\">Ein optimaler Ern\u00e4hrungsplan f\u00fcr gesunde Hunde ist der Schl\u00fcssel zu einem langen und vitalen Leben. Unabh\u00e4ngig vom Alter \u2013 ob Welpe, erwachsener Hund oder Senior \u2013 unterst\u00fctzt eine ausgewogene Ern\u00e4hrung das Wohlbefinden deines Hundes auf nat\u00fcrliche Weise. Unsere Pl\u00e4ne werden regelm\u00e4ssig \u00fcberpr\u00fcft und an die individuellen Bed\u00fcrfnisse deines Hundes angepasst, um seine Gesundheit und Vitalit\u00e4t zu erhalten.<\/p>\n\n\n\n<div class=\"wp-block-buttons is-layout-flex wp-block-buttons-is-layout-flex\">\n<div class=\"wp-block-button\"><a class=\"wp-block-button__link wp-element-button\" href=\"https:\/\/dogsandfoods.com\/index.php\/ernahrungsplan-fur-gesunde-hunde\/\">Zum Inhalt, Ablauf, Preisen<\/a><\/div>\n<\/div>\n<\/div><figure class=\"wp-block-media-text__media\"><img loading=\"lazy\" decoding=\"async\" width=\"1024\" height=\"536\" src=\"https:\/\/dogsandfoods.com\/wp-content\/uploads\/2024\/10\/gesunder-Hund-1024x536.png\" alt=\"gesunder Hund\" class=\"wp-image-2455 size-full\" srcset=\"https:\/\/dogsandfoods.com\/wp-content\/uploads\/2024\/10\/gesunder-Hund-1024x536.png 1024w, https:\/\/dogsandfoods.com\/wp-content\/uploads\/2024\/10\/gesunder-Hund-300x157.png 300w, https:\/\/dogsandfoods.com\/wp-content\/uploads\/2024\/10\/gesunder-Hund-768x402.png 768w, https:\/\/dogsandfoods.com\/wp-content\/uploads\/2024\/10\/gesunder-Hund.png 1200w\" sizes=\"auto, (max-width: 1024px) 100vw, 1024px\" \/><\/figure><\/div>\n\n\n\n<h2 class=\"wp-block-heading\">3.<strong><mark style=\"background-color:rgba(0, 0, 0, 0)\" class=\"has-inline-color has-black-color\"> Fertigfutter\u00fcberpr\u00fcfung<\/mark><\/strong><\/h2>\n\n\n\n<h3 class=\"wp-block-heading\"><strong>Die richtige Wahl bei industriellem Hundefutter<\/strong><\/h3>\n\n\n\n<p class=\"has-medium-font-size\">In unserem hektischen Alltag ist es oft nicht m\u00f6glich, dem Hund immer frisches Futter zu bieten. Viele von uns m\u00fcssen auf Fertigfutter zur\u00fcckgreifen, doch die Auswahl eines geeigneten Produkts kann schwierig sein. Um langfristig eine \u00dcber- oder Unterversorgung zu vermeiden, eine optimale Bedarfsdeckung zu erreichen und eine qualitativ hochwertige N\u00e4hrstoffzufuhr zu garantieren, sind regelm\u00e4ssige Berechnung des Fertigfutters sinnvoll.<\/p>\n\n\n\n<div class=\"wp-block-media-text alignfull is-stacked-on-mobile\"><figure class=\"wp-block-media-text__media\"><img loading=\"lazy\" decoding=\"async\" width=\"1024\" height=\"536\" src=\"https:\/\/dogsandfoods.com\/wp-content\/uploads\/2024\/10\/Fertigfutter-1024x536.png\" alt=\"Fertigfutter\" class=\"wp-image-2456 size-full\" srcset=\"https:\/\/dogsandfoods.com\/wp-content\/uploads\/2024\/10\/Fertigfutter-1024x536.png 1024w, https:\/\/dogsandfoods.com\/wp-content\/uploads\/2024\/10\/Fertigfutter-300x157.png 300w, https:\/\/dogsandfoods.com\/wp-content\/uploads\/2024\/10\/Fertigfutter-768x402.png 768w, https:\/\/dogsandfoods.com\/wp-content\/uploads\/2024\/10\/Fertigfutter.png 1200w\" sizes=\"auto, (max-width: 1024px) 100vw, 1024px\" \/><\/figure><div class=\"wp-block-media-text__content\">\n<p class=\"has-medium-font-size\">Ich helfe dir, eine kluge und gesunde Entscheidung zu treffen, damit dein Hund auch mit Fertigfutter optimal versorgt ist.<\/p>\n\n\n\n<div class=\"wp-block-buttons is-layout-flex wp-block-buttons-is-layout-flex\">\n<div class=\"wp-block-button\"><a class=\"wp-block-button__link wp-element-button\" href=\"https:\/\/dogsandfoods.com\/index.php\/fertigfutteruberprufung-fur-hunde\/\">Zum Inhalt, Ablauf, preisen<\/a><\/div>\n<\/div>\n<\/div><\/div>\n\n\n\n<h2 class=\"wp-block-heading\">4. <strong><mark style=\"background-color:rgba(0, 0, 0, 0)\" class=\"has-inline-color has-black-color\">Beratung: Reisen mit Hund<\/mark><\/strong><\/h2>\n\n\n\n<div class=\"wp-block-media-text alignwide has-media-on-the-right is-stacked-on-mobile is-vertically-aligned-center\"><div class=\"wp-block-media-text__content\">\n<h3 class=\"wp-block-heading\"><strong><mark style=\"background-color:rgba(0, 0, 0, 0)\" class=\"has-inline-color has-black-color\">Sorgenfrei reisen mit deinem Hund<\/mark><\/strong><\/h3>\n\n\n\n<p class=\"has-medium-font-size\">Urlaub mit dem Hund kann eine wunderbare Erfahrung sein, aber es birgt auch Herausforderungen. Besonders Reisen ans Mittelmeer k\u00f6nnen Risiken f\u00fcr deinen Hund darstellen. Ich unterst\u00fctze dich bei der Vorbereitung, von der richtigen Ern\u00e4hrung w\u00e4hrend der Reise bis hin zu Tipps zur Vorbeugung von Krankheiten und kleinen Unf\u00e4llen. So k\u00f6nnt ihr sicher und gesund die Reise geniessen.<\/p>\n\n\n\n<div class=\"wp-block-buttons is-layout-flex wp-block-buttons-is-layout-flex\">\n<div class=\"wp-block-button\"><a class=\"wp-block-button__link wp-element-button\" href=\"https:\/\/dogsandfoods.com\/index.php\/reisen-mit-hund\/\">zum Inhalt, Ablauf, Preisen<\/a><\/div>\n<\/div>\n<\/div><figure class=\"wp-block-media-text__media\"><img loading=\"lazy\" decoding=\"async\" width=\"1024\" height=\"536\" src=\"https:\/\/dogsandfoods.com\/wp-content\/uploads\/2024\/10\/Mittelmeer-1024x536.png\" alt=\"Mittelmeer\" class=\"wp-image-2457 size-full\" srcset=\"https:\/\/dogsandfoods.com\/wp-content\/uploads\/2024\/10\/Mittelmeer-1024x536.png 1024w, https:\/\/dogsandfoods.com\/wp-content\/uploads\/2024\/10\/Mittelmeer-300x157.png 300w, https:\/\/dogsandfoods.com\/wp-content\/uploads\/2024\/10\/Mittelmeer-768x402.png 768w, https:\/\/dogsandfoods.com\/wp-content\/uploads\/2024\/10\/Mittelmeer.png 1200w\" sizes=\"auto, (max-width: 1024px) 100vw, 1024px\" \/><\/figure><\/div>\n\n\n\n<h2 class=\"wp-block-heading\">5.<strong><mark style=\"background-color:rgba(0, 0, 0, 0)\" class=\"has-inline-color has-black-color\"> Beratung: Nat\u00fcrliche Heilmittel<\/mark><\/strong><\/h2>\n\n\n\n<h3 class=\"wp-block-heading\"><strong><mark style=\"background-color:rgba(0, 0, 0, 0)\" class=\"has-inline-color has-black-color\">Heilen, unterst\u00fctzen und vorbeugen auf nat\u00fcrliche Weise<\/mark><\/strong><\/h3>\n\n\n\n<p class=\"has-medium-font-size\"><mark style=\"background-color:rgba(0, 0, 0, 0)\" class=\"has-inline-color has-mine-shaft-color\"><strong>GANZ WICHTIG! Bei pl\u00f6tzlich auftretenden Schmerzen und akuten Symptomen ist eine sofortige Behandlung durch einen Tierarzt notwendig<\/strong><\/mark><mark style=\"background-color:rgba(0, 0, 0, 0)\" class=\"has-inline-color has-cod-gray-color\">.<\/mark> Da ist eine schnelle Intervention notwendig, bei der der Hund Kortison, Schmerzmittel und Antibiotika erh\u00e4lt.<\/p>\n\n\n\n<div class=\"wp-block-media-text alignfull is-stacked-on-mobile\"><figure class=\"wp-block-media-text__media\"><img loading=\"lazy\" decoding=\"async\" width=\"1024\" height=\"536\" src=\"https:\/\/dogsandfoods.com\/wp-content\/uploads\/2024\/10\/Naturheilkunde-1024x536.png\" alt=\"Naturheilkunde\" class=\"wp-image-2458 size-full\" srcset=\"https:\/\/dogsandfoods.com\/wp-content\/uploads\/2024\/10\/Naturheilkunde-1024x536.png 1024w, https:\/\/dogsandfoods.com\/wp-content\/uploads\/2024\/10\/Naturheilkunde-300x157.png 300w, https:\/\/dogsandfoods.com\/wp-content\/uploads\/2024\/10\/Naturheilkunde-768x402.png 768w, https:\/\/dogsandfoods.com\/wp-content\/uploads\/2024\/10\/Naturheilkunde.png 1200w\" sizes=\"auto, (max-width: 1024px) 100vw, 1024px\" \/><\/figure><div class=\"wp-block-media-text__content\">\n<p class=\"has-medium-font-size\"> Chronische Krankheiten hingegen k\u00f6nnen oft erfolgreich mit nat\u00fcrlichen Heilmitteln behandelt werden. Phytotherapie (pflanzliche Heilmittel) und Mykotherapie (medizinische Heilpilze) sind oft schonender f\u00fcr den Hundeorganismus und bieten gute Heilungschancen. Ich helfe dir, die richtige Behandlung f\u00fcr deinen Hund zu finden und stehe dir bei Fragen und Anliegen zur Seite.<\/p>\n\n\n\n<div class=\"wp-block-buttons is-layout-flex wp-block-buttons-is-layout-flex\">\n<div class=\"wp-block-button\"><a class=\"wp-block-button__link wp-element-button\" href=\"https:\/\/dogsandfoods.com\/index.php\/heilen-unterstutzen-und-vorbeugen-auf-naturliche-und-sanfte-weise\/\">Zum Inhalt, Ablauf, Preisen<\/a><\/div>\n<\/div>\n<\/div><\/div>\n\n\n\n<div class=\"wp-block-columns alignwide is-layout-flex wp-container-core-columns-is-layout-9d6595d7 wp-block-columns-is-layout-flex\">\n<div class=\"wp-block-column is-layout-flow wp-block-column-is-layout-flow\" style=\"flex-basis:100%\"><\/div>\n<\/div>\n","protected":false},"excerpt":{"rendered":"<p>Willkommen bei &#171;DOGS AND FOODS&#187;! Bei DOGS AND FOODS findest du massgeschneiderte Beratung und umfassende Unterst\u00fctzung, um die gesunde Ern\u00e4hrung und das Wohlbefinden deines Hundes zu optimieren. Entdecke unser Angebot an spezialisierten Dienstleistungen, die darauf ausgelegt sind, deinem vierbeinigen Freund ein langes, gl\u00fcckliches und gesundes Leben zu erm\u00f6glichen. Von individuellen Ern\u00e4hrungspl\u00e4nen bis hin zu naturheilkundlicher Unterst\u00fctzung \u2013 bei uns findest du alles, was du brauchst, um die Gesundheit deines Hundes zu f\u00f6rdern. 1. Beratung f\u00fcr kranke Hunde Individuelle Ern\u00e4hrungsl\u00f6sungen f\u00fcr Hunde mit chronischen Erkrankungen 2. Beratung f\u00fcr gesunde Hunde Gesunde Ern\u00e4hrung f\u00fcr ein langes, vitales Hundeleben 3. Fertigfutter\u00fcberpr\u00fcfung Die richtige Wahl bei industriellem Hundefutter In unserem hektischen Alltag ist es oft nicht m\u00f6glich, dem Hund immer frisches Futter zu bieten. Viele von uns m\u00fcssen auf Fertigfutter zur\u00fcckgreifen, doch die Auswahl eines geeigneten Produkts kann schwierig sein. Um langfristig eine \u00dcber- oder Unterversorgung zu vermeiden, eine optimale Bedarfsdeckung zu erreichen und eine qualitativ hochwertige N\u00e4hrstoffzufuhr zu garantieren, sind regelm\u00e4ssige Berechnung des Fertigfutters sinnvoll. 4. Beratung: Reisen mit Hund 5. Beratung: Nat\u00fcrliche Heilmittel Heilen, unterst\u00fctzen und vorbeugen auf nat\u00fcrliche Weise GANZ WICHTIG! Bei pl\u00f6tzlich auftretenden Schmerzen und akuten Symptomen ist eine sofortige Behandlung durch einen Tierarzt notwendig. Da ist eine schnelle Intervention notwendig, bei der der Hund Kortison, Schmerzmittel und Antibiotika erh\u00e4lt.<\/p>\n","protected":false},"author":2,"featured_media":2459,"parent":0,"menu_order":0,"comment_status":"closed","ping_status":"closed","template":"templates\/about-page.php","meta":{"_glsr_average":0,"_glsr_ranking":0,"_glsr_reviews":0,"footnotes":""},"class_list":["post-323","page","type-page","status-publish","has-post-thumbnail","hentry"],"acf":[],"yoast_head":"<!-- This site is optimized with the Yoast SEO plugin v27.5 - https:\/\/yoast.com\/product\/yoast-seo-wordpress\/ -->\n<title>Beratung<\/title>\n<meta name=\"description\" content=\"Hier findest du meine Dienstleistungen und Beratung: Ich helfe dir, die richtige Behandlung f\u00fcr deinen Hund zu finden und stehe dir ...\" \/>\n<meta name=\"robots\" content=\"index, follow, max-snippet:-1, max-image-preview:large, max-video-preview:-1\" \/>\n<link rel=\"canonical\" href=\"https:\/\/dogsandfoods.com\/index.php\/beratung\/\" \/>\n<meta property=\"og:locale\" content=\"de_DE\" \/>\n<meta property=\"og:type\" content=\"article\" \/>\n<meta property=\"og:title\" content=\"Beratung\" \/>\n<meta property=\"og:description\" content=\"Hier findest du meine Dienstleistungen und Beratung: Ich helfe dir, die richtige Behandlung f\u00fcr deinen Hund zu finden und stehe dir ...\" \/>\n<meta property=\"og:url\" content=\"https:\/\/dogsandfoods.com\/index.php\/beratung\/\" \/>\n<meta property=\"og:site_name\" content=\"DOGS AND FOODS\" \/>\n<meta property=\"article:modified_time\" content=\"2024-10-13T13:23:10+00:00\" \/>\n<meta property=\"og:image\" content=\"https:\/\/dogsandfoods.com\/wp-content\/uploads\/2024\/10\/Dienstleistungen.png\" \/>\n\t<meta property=\"og:image:width\" content=\"1200\" \/>\n\t<meta property=\"og:image:height\" content=\"628\" \/>\n\t<meta property=\"og:image:type\" content=\"image\/png\" \/>\n<meta name=\"twitter:card\" content=\"summary_large_image\" \/>\n<meta name=\"twitter:label1\" content=\"Gesch\u00e4tzte Lesezeit\" \/>\n\t<meta name=\"twitter:data1\" content=\"4\u00a0Minuten\" \/>\n<script type=\"application\/ld+json\" class=\"yoast-schema-graph\">{\"@context\":\"https:\\\/\\\/schema.org\",\"@graph\":[{\"@type\":\"WebPage\",\"@id\":\"https:\\\/\\\/dogsandfoods.com\\\/index.php\\\/beratung\\\/\",\"url\":\"https:\\\/\\\/dogsandfoods.com\\\/index.php\\\/beratung\\\/\",\"name\":\"Beratung\",\"isPartOf\":{\"@id\":\"https:\\\/\\\/dogsandfoods.com\\\/#website\"},\"primaryImageOfPage\":{\"@id\":\"https:\\\/\\\/dogsandfoods.com\\\/index.php\\\/beratung\\\/#primaryimage\"},\"image\":{\"@id\":\"https:\\\/\\\/dogsandfoods.com\\\/index.php\\\/beratung\\\/#primaryimage\"},\"thumbnailUrl\":\"https:\\\/\\\/dogsandfoods.com\\\/wp-content\\\/uploads\\\/2024\\\/10\\\/Dienstleistungen.png\",\"datePublished\":\"2024-06-03T10:54:37+00:00\",\"dateModified\":\"2024-10-13T13:23:10+00:00\",\"description\":\"Hier findest du meine Dienstleistungen und Beratung: Ich helfe dir, die richtige Behandlung f\u00fcr deinen Hund zu finden und stehe dir ...\",\"breadcrumb\":{\"@id\":\"https:\\\/\\\/dogsandfoods.com\\\/index.php\\\/beratung\\\/#breadcrumb\"},\"inLanguage\":\"de-CH\",\"potentialAction\":[{\"@type\":\"ReadAction\",\"target\":[\"https:\\\/\\\/dogsandfoods.com\\\/index.php\\\/beratung\\\/\"]}]},{\"@type\":\"ImageObject\",\"inLanguage\":\"de-CH\",\"@id\":\"https:\\\/\\\/dogsandfoods.com\\\/index.php\\\/beratung\\\/#primaryimage\",\"url\":\"https:\\\/\\\/dogsandfoods.com\\\/wp-content\\\/uploads\\\/2024\\\/10\\\/Dienstleistungen.png\",\"contentUrl\":\"https:\\\/\\\/dogsandfoods.com\\\/wp-content\\\/uploads\\\/2024\\\/10\\\/Dienstleistungen.png\",\"width\":1200,\"height\":628,\"caption\":\"Dienstleistungen\"},{\"@type\":\"BreadcrumbList\",\"@id\":\"https:\\\/\\\/dogsandfoods.com\\\/index.php\\\/beratung\\\/#breadcrumb\",\"itemListElement\":[{\"@type\":\"ListItem\",\"position\":1,\"name\":\"Home\",\"item\":\"https:\\\/\\\/dogsandfoods.com\\\/\"},{\"@type\":\"ListItem\",\"position\":2,\"name\":\"Dienstleistungen\"}]},{\"@type\":\"WebSite\",\"@id\":\"https:\\\/\\\/dogsandfoods.com\\\/#website\",\"url\":\"https:\\\/\\\/dogsandfoods.com\\\/\",\"name\":\"dogsandfoods.com\",\"description\":\"Gesunde nat\u00fcrliche Hundeern\u00e4hrung\",\"publisher\":{\"@id\":\"https:\\\/\\\/dogsandfoods.com\\\/#organization\"},\"potentialAction\":[{\"@type\":\"SearchAction\",\"target\":{\"@type\":\"EntryPoint\",\"urlTemplate\":\"https:\\\/\\\/dogsandfoods.com\\\/?s={search_term_string}\"},\"query-input\":{\"@type\":\"PropertyValueSpecification\",\"valueRequired\":true,\"valueName\":\"search_term_string\"}}],\"inLanguage\":\"de-CH\"},{\"@type\":\"Organization\",\"@id\":\"https:\\\/\\\/dogsandfoods.com\\\/#organization\",\"name\":\"Dogs and Foods\",\"url\":\"https:\\\/\\\/dogsandfoods.com\\\/\",\"logo\":{\"@type\":\"ImageObject\",\"inLanguage\":\"de-CH\",\"@id\":\"https:\\\/\\\/dogsandfoods.com\\\/#\\\/schema\\\/logo\\\/image\\\/\",\"url\":\"\",\"contentUrl\":\"\",\"caption\":\"Dogs and Foods\"},\"image\":{\"@id\":\"https:\\\/\\\/dogsandfoods.com\\\/#\\\/schema\\\/logo\\\/image\\\/\"}}]}<\/script>\n<!-- \/ Yoast SEO plugin. -->","yoast_head_json":{"title":"Beratung","description":"Hier findest du meine Dienstleistungen und Beratung: Ich helfe dir, die richtige Behandlung f\u00fcr deinen Hund zu finden und stehe dir ...","robots":{"index":"index","follow":"follow","max-snippet":"max-snippet:-1","max-image-preview":"max-image-preview:large","max-video-preview":"max-video-preview:-1"},"canonical":"https:\/\/dogsandfoods.com\/index.php\/beratung\/","og_locale":"de_DE","og_type":"article","og_title":"Beratung","og_description":"Hier findest du meine Dienstleistungen und Beratung: Ich helfe dir, die richtige Behandlung f\u00fcr deinen Hund zu finden und stehe dir ...","og_url":"https:\/\/dogsandfoods.com\/index.php\/beratung\/","og_site_name":"DOGS AND FOODS","article_modified_time":"2024-10-13T13:23:10+00:00","og_image":[{"width":1200,"height":628,"url":"https:\/\/dogsandfoods.com\/wp-content\/uploads\/2024\/10\/Dienstleistungen.png","type":"image\/png"}],"twitter_card":"summary_large_image","twitter_misc":{"Gesch\u00e4tzte Lesezeit":"4\u00a0Minuten"},"schema":{"@context":"https:\/\/schema.org","@graph":[{"@type":"WebPage","@id":"https:\/\/dogsandfoods.com\/index.php\/beratung\/","url":"https:\/\/dogsandfoods.com\/index.php\/beratung\/","name":"Beratung","isPartOf":{"@id":"https:\/\/dogsandfoods.com\/#website"},"primaryImageOfPage":{"@id":"https:\/\/dogsandfoods.com\/index.php\/beratung\/#primaryimage"},"image":{"@id":"https:\/\/dogsandfoods.com\/index.php\/beratung\/#primaryimage"},"thumbnailUrl":"https:\/\/dogsandfoods.com\/wp-content\/uploads\/2024\/10\/Dienstleistungen.png","datePublished":"2024-06-03T10:54:37+00:00","dateModified":"2024-10-13T13:23:10+00:00","description":"Hier findest du meine Dienstleistungen und Beratung: Ich helfe dir, die richtige Behandlung f\u00fcr deinen Hund zu finden und stehe dir ...","breadcrumb":{"@id":"https:\/\/dogsandfoods.com\/index.php\/beratung\/#breadcrumb"},"inLanguage":"de-CH","potentialAction":[{"@type":"ReadAction","target":["https:\/\/dogsandfoods.com\/index.php\/beratung\/"]}]},{"@type":"ImageObject","inLanguage":"de-CH","@id":"https:\/\/dogsandfoods.com\/index.php\/beratung\/#primaryimage","url":"https:\/\/dogsandfoods.com\/wp-content\/uploads\/2024\/10\/Dienstleistungen.png","contentUrl":"https:\/\/dogsandfoods.com\/wp-content\/uploads\/2024\/10\/Dienstleistungen.png","width":1200,"height":628,"caption":"Dienstleistungen"},{"@type":"BreadcrumbList","@id":"https:\/\/dogsandfoods.com\/index.php\/beratung\/#breadcrumb","itemListElement":[{"@type":"ListItem","position":1,"name":"Home","item":"https:\/\/dogsandfoods.com\/"},{"@type":"ListItem","position":2,"name":"Dienstleistungen"}]},{"@type":"WebSite","@id":"https:\/\/dogsandfoods.com\/#website","url":"https:\/\/dogsandfoods.com\/","name":"dogsandfoods.com","description":"Gesunde nat\u00fcrliche Hundeern\u00e4hrung","publisher":{"@id":"https:\/\/dogsandfoods.com\/#organization"},"potentialAction":[{"@type":"SearchAction","target":{"@type":"EntryPoint","urlTemplate":"https:\/\/dogsandfoods.com\/?s={search_term_string}"},"query-input":{"@type":"PropertyValueSpecification","valueRequired":true,"valueName":"search_term_string"}}],"inLanguage":"de-CH"},{"@type":"Organization","@id":"https:\/\/dogsandfoods.com\/#organization","name":"Dogs and Foods","url":"https:\/\/dogsandfoods.com\/","logo":{"@type":"ImageObject","inLanguage":"de-CH","@id":"https:\/\/dogsandfoods.com\/#\/schema\/logo\/image\/","url":"","contentUrl":"","caption":"Dogs and Foods"},"image":{"@id":"https:\/\/dogsandfoods.com\/#\/schema\/logo\/image\/"}}]}},"_links":{"self":[{"href":"https:\/\/dogsandfoods.com\/index.php\/wp-json\/wp\/v2\/pages\/323","targetHints":{"allow":["GET"]}}],"collection":[{"href":"https:\/\/dogsandfoods.com\/index.php\/wp-json\/wp\/v2\/pages"}],"about":[{"href":"https:\/\/dogsandfoods.com\/index.php\/wp-json\/wp\/v2\/types\/page"}],"author":[{"embeddable":true,"href":"https:\/\/dogsandfoods.com\/index.php\/wp-json\/wp\/v2\/users\/2"}],"replies":[{"embeddable":true,"href":"https:\/\/dogsandfoods.com\/index.php\/wp-json\/wp\/v2\/comments?post=323"}],"version-history":[{"count":0,"href":"https:\/\/dogsandfoods.com\/index.php\/wp-json\/wp\/v2\/pages\/323\/revisions"}],"wp:featuredmedia":[{"embeddable":true,"href":"https:\/\/dogsandfoods.com\/index.php\/wp-json\/wp\/v2\/media\/2459"}],"wp:attachment":[{"href":"https:\/\/dogsandfoods.com\/index.php\/wp-json\/wp\/v2\/media?parent=323"}],"curies":[{"name":"wp","href":"https:\/\/api.w.org\/{rel}","templated":true}]}}