{"id":799,"date":"2024-07-05T16:23:01","date_gmt":"2024-07-05T16:23:01","guid":{"rendered":"https:\/\/dogsandfoods.com\/?page_id=799"},"modified":"2024-08-08T14:18:48","modified_gmt":"2024-08-08T14:18:48","slug":"privacy-policy","status":"publish","type":"page","link":"https:\/\/dogsandfoods.com\/index.php\/privacy-policy\/","title":{"rendered":"Privacy Policy"},"content":{"rendered":"\n<ul class=\"wp-block-list\">\n<li class=\"has-medium-font-size\"><strong>Einverst\u00e4ndniserkl\u00e4rung:<\/strong> Durch die Nutzung dieser Website stimmen Sie der Erfassung und Nutzung Ihrer Daten gem\u00e4ss dieser Datenschutzerkl\u00e4rung zu.<\/li>\n<\/ul>\n\n\n\n<ul class=\"wp-block-list has-medium-font-size\">\n<li class=\"has-medium-font-size\"><strong>Datenaufbewahrung:<\/strong> In \u00dcbereinstimmung mit dem Schweizer Datenschutzgesetz (DSG) werden personenbezogene Daten nur so lange gespeichert, wie es f\u00fcr die Zwecke, f\u00fcr die sie gesammelt wurden, erforderlich ist.<\/li>\n\n\n\n<li class=\"has-medium-font-size\"><strong>\u00dcbertragung ins Ausland:<\/strong> Sollten Ihre Daten ausserhalb der Schweiz \u00fcbertragen werden, stellen wir sicher, dass die Empf\u00e4nger \u00e4hnliche Datenschutzstandards wie die Schweiz einhalten.<\/li>\n<\/ul>\n\n\n\n<hr class=\"wp-block-separator has-alpha-channel-opacity\"\/>\n\n\n\n<h4 class=\"wp-block-heading\">Datenschutzerkl\u00e4rung<\/h4>\n\n\n\n<p class=\"has-medium-font-size\"><strong>Wer wir sind<\/strong>: Die Adresse unserer Website ist: <a href=\"https:\/\/dogsandfoods.com\">https:\/\/dogsandfoods.com<\/a>.<\/p>\n\n\n\n<p class=\"has-medium-font-size\"><strong>Kommentare<\/strong> Wenn Besucher Kommentare auf der Website hinterlassen, sammeln wir die Daten, die im Kommentarformular angezeigt werden, sowie die IP-Adresse und den User-Agent-String des Browsers des Besuchers, um die Erkennung von Spam zu unterst\u00fctzen.<\/p>\n\n\n\n<p class=\"has-medium-font-size\">Eine anonymisierte Zeichenfolge, die aus Ihrer E-Mail-Adresse erstellt wird (auch als Hash bezeichnet), kann dem Gravatar-Dienst zur Verf\u00fcgung gestellt werden, um zu \u00fcberpr\u00fcfen, ob Sie diesen verwenden. Die Datenschutzrichtlinie des Gravatar-Dienstes ist hier verf\u00fcgbar: <a href=\"https:\/\/automattic.com\/privacy\/\">https:\/\/automattic.com\/privacy\/<\/a>. Nach der Genehmigung Ihres Kommentars ist Ihr Profilbild im Kontext Ihres Kommentars \u00f6ffentlich sichtbar.<\/p>\n\n\n\n<p class=\"has-medium-font-size\"><strong>Medien<\/strong> Wenn Sie Bilder auf die Website hochladen, sollten Sie das Hochladen von Bildern mit eingebetteten Standortdaten (EXIF GPS) vermeiden. Besucher der Website k\u00f6nnen Standortdaten aus Bildern auf der Website herunterladen und extrahieren.<\/p>\n\n\n\n<p class=\"has-medium-font-size\"><strong>Cookies<\/strong> Wenn Sie einen Kommentar auf unserer Website hinterlassen, k\u00f6nnen Sie sich daf\u00fcr entscheiden, Ihren Namen, Ihre E-Mail-Adresse und Ihre Website in Cookies zu speichern. Diese dienen Ihrer Bequemlichkeit, damit Sie Ihre Daten nicht erneut eingeben m\u00fcssen, wenn Sie einen weiteren Kommentar hinterlassen. Diese Cookies bleiben ein Jahr lang gespeichert.<\/p>\n\n\n\n<p class=\"has-medium-font-size\">Wenn Sie unsere Login-Seite besuchen, setzen wir ein tempor\u00e4res Cookie, um festzustellen, ob Ihr Browser Cookies akzeptiert. Dieses Cookie enth\u00e4lt keine personenbezogenen Daten und wird verworfen, wenn Sie Ihren Browser schliessen.<\/p>\n\n\n\n<p class=\"has-medium-font-size\">Wenn Sie sich einloggen, setzen wir mehrere Cookies, um Ihre Login-Informationen und Ihre Anzeigeoptionen zu speichern. Login-Cookies bleiben zwei Tage lang gespeichert, und Cookies f\u00fcr Anzeigeoptionen bleiben ein Jahr lang gespeichert. Wenn Sie \u201eAngemeldet bleiben\u201c ausw\u00e4hlen, bleibt Ihr Login zwei Wochen lang bestehen. Wenn Sie sich aus Ihrem Konto ausloggen, werden die Login-Cookies entfernt.<\/p>\n\n\n\n<p class=\"has-medium-font-size\">Wenn Sie einen Artikel bearbeiten oder ver\u00f6ffentlichen, wird ein zus\u00e4tzliches Cookie in Ihrem Browser gespeichert. Dieses Cookie enth\u00e4lt keine personenbezogenen Daten und zeigt lediglich die Beitrags-ID des Artikels an, den Sie gerade bearbeitet haben. Es l\u00e4uft nach einem Tag ab.<\/p>\n\n\n\n<p class=\"has-medium-font-size\"><strong>Eingebettete Inhalte von anderen Websites<\/strong> Artikel auf dieser Website k\u00f6nnen eingebettete Inhalte (z. B. Videos, Bilder, Artikel usw.) enthalten. Eingebettete Inhalte von anderen Websites verhalten sich genau so, als ob der Besucher die andere Website besucht h\u00e4tte.<\/p>\n\n\n\n<p class=\"has-medium-font-size\">Diese Websites k\u00f6nnen Daten \u00fcber Sie sammeln, Cookies verwenden, zus\u00e4tzliche Drittanbieter-Trackings einbetten und Ihre Interaktion mit diesem eingebetteten Inhalt \u00fcberwachen, einschliesslich der Verfolgung Ihrer Interaktion mit dem eingebetteten Inhalt, wenn Sie ein Konto haben und auf dieser Website angemeldet sind.<\/p>\n\n\n\n<p class=\"has-medium-font-size\"><strong>Mit wem wir Ihre Daten teilen<\/strong>: Wenn Sie eine Zur\u00fccksetzung des Passworts anfordern, wird Ihre IP-Adresse in der E-Mail zur Zur\u00fccksetzung enthalten sein.<\/p>\n\n\n\n<p class=\"has-medium-font-size\"><strong>Wie lange wir Ihre Daten speichern<\/strong>: Wenn Sie einen Kommentar hinterlassen, werden der Kommentar und dessen Metadaten auf unbestimmte Zeit gespeichert. Dies erfolgt, damit wir Folgekommentare automatisch erkennen und genehmigen k\u00f6nnen, anstatt sie in einer Moderationswarteschlange zu halten.<\/p>\n\n\n\n<p class=\"has-medium-font-size\">F\u00fcr Benutzer, die sich auf unserer Website registrieren (falls vorhanden), speichern wir auch die pers\u00f6nlichen Informationen, die sie in ihrem Benutzerprofil angeben. Alle Benutzer k\u00f6nnen ihre pers\u00f6nlichen Informationen jederzeit einsehen, bearbeiten oder l\u00f6schen (mit Ausnahme des Benutzernamens, den sie nicht \u00e4ndern k\u00f6nnen). Website-Administratoren k\u00f6nnen diese Informationen ebenfalls einsehen und bearbeiten.<\/p>\n\n\n\n<p class=\"has-medium-font-size\"><strong>Welche Rechte Sie an Ihren Daten haben<\/strong>: Wenn Sie ein Konto auf dieser Website haben oder Kommentare hinterlassen haben, k\u00f6nnen Sie einen Export Ihrer personenbezogenen Daten anfordern, einschliesslich aller Daten, die Sie uns zur Verf\u00fcgung gestellt haben. Sie k\u00f6nnen auch die L\u00f6schung aller personenbezogenen Daten verlangen, die wir von Ihnen gespeichert haben. Dies umfasst keine Daten, die wir aus administrativen, rechtlichen oder sicherheitsrelevanten Gr\u00fcnden aufbewahren m\u00fcssen.<\/p>\n\n\n\n<p class=\"has-medium-font-size\"><strong>Wohin wir Ihre Daten senden<\/strong>: Besucherkommentare k\u00f6nnten von einem automatisierten Dienst zur Spam-Erkennung \u00fcberpr\u00fcft werden.<\/p>\n","protected":false},"excerpt":{"rendered":"<p>Datenschutzerkl\u00e4rung Wer wir sind: Die Adresse unserer Website ist: https:\/\/dogsandfoods.com. Kommentare Wenn Besucher Kommentare auf der Website hinterlassen, sammeln wir die Daten, die im Kommentarformular angezeigt werden, sowie die IP-Adresse und den User-Agent-String des Browsers des Besuchers, um die Erkennung von Spam zu unterst\u00fctzen. Eine anonymisierte Zeichenfolge, die aus Ihrer E-Mail-Adresse erstellt wird (auch als Hash bezeichnet), kann dem Gravatar-Dienst zur Verf\u00fcgung gestellt werden, um zu \u00fcberpr\u00fcfen, ob Sie diesen verwenden. Die Datenschutzrichtlinie des Gravatar-Dienstes ist hier verf\u00fcgbar: https:\/\/automattic.com\/privacy\/. Nach der Genehmigung Ihres Kommentars ist Ihr Profilbild im Kontext Ihres Kommentars \u00f6ffentlich sichtbar. Medien Wenn Sie Bilder auf die Website hochladen, sollten Sie das Hochladen von Bildern mit eingebetteten Standortdaten (EXIF GPS) vermeiden. Besucher der Website k\u00f6nnen Standortdaten aus Bildern auf der Website herunterladen und extrahieren. Cookies Wenn Sie einen Kommentar auf unserer Website hinterlassen, k\u00f6nnen Sie sich daf\u00fcr entscheiden, Ihren Namen, Ihre E-Mail-Adresse und Ihre Website in Cookies zu speichern. Diese dienen Ihrer Bequemlichkeit, damit Sie Ihre Daten nicht erneut eingeben m\u00fcssen, wenn Sie einen weiteren Kommentar hinterlassen. Diese Cookies bleiben ein Jahr lang gespeichert. Wenn Sie unsere Login-Seite besuchen, setzen wir ein tempor\u00e4res Cookie, um festzustellen, ob Ihr Browser Cookies akzeptiert. Dieses Cookie enth\u00e4lt keine personenbezogenen Daten und wird verworfen, wenn Sie Ihren Browser schliessen. Wenn Sie sich einloggen, setzen wir mehrere Cookies, um Ihre Login-Informationen und Ihre Anzeigeoptionen zu speichern. Login-Cookies bleiben zwei Tage lang gespeichert, und Cookies f\u00fcr Anzeigeoptionen bleiben ein Jahr lang gespeichert. Wenn Sie \u201eAngemeldet bleiben\u201c ausw\u00e4hlen, bleibt Ihr Login zwei Wochen lang bestehen. Wenn Sie sich aus Ihrem Konto ausloggen, werden die Login-Cookies entfernt. Wenn Sie einen Artikel bearbeiten oder ver\u00f6ffentlichen, wird ein zus\u00e4tzliches Cookie in Ihrem Browser gespeichert. Dieses Cookie enth\u00e4lt keine personenbezogenen Daten und zeigt lediglich die Beitrags-ID des Artikels an, den Sie gerade bearbeitet haben. Es l\u00e4uft nach einem Tag ab. Eingebettete Inhalte von anderen Websites Artikel auf dieser Website k\u00f6nnen eingebettete Inhalte (z. B. Videos, Bilder, Artikel usw.) enthalten. Eingebettete Inhalte von anderen Websites verhalten sich genau so, als ob der Besucher die andere Website besucht h\u00e4tte. Diese Websites k\u00f6nnen Daten \u00fcber Sie sammeln, Cookies verwenden, zus\u00e4tzliche Drittanbieter-Trackings einbetten und Ihre Interaktion mit diesem eingebetteten Inhalt \u00fcberwachen, einschliesslich der Verfolgung Ihrer Interaktion mit dem eingebetteten Inhalt, wenn Sie ein Konto haben und auf dieser Website angemeldet sind. Mit wem wir Ihre Daten teilen: Wenn Sie eine Zur\u00fccksetzung des Passworts anfordern, wird Ihre IP-Adresse in der E-Mail zur Zur\u00fccksetzung enthalten sein. Wie lange wir Ihre Daten speichern: Wenn Sie einen Kommentar hinterlassen, werden der Kommentar und dessen Metadaten auf unbestimmte Zeit gespeichert. Dies erfolgt, damit wir Folgekommentare automatisch erkennen und genehmigen k\u00f6nnen, anstatt sie in einer Moderationswarteschlange zu halten. F\u00fcr Benutzer, die sich auf unserer Website registrieren (falls vorhanden), speichern wir auch die pers\u00f6nlichen Informationen, die sie in ihrem Benutzerprofil angeben. Alle Benutzer k\u00f6nnen ihre pers\u00f6nlichen Informationen jederzeit einsehen, bearbeiten oder l\u00f6schen (mit Ausnahme des Benutzernamens, den sie nicht \u00e4ndern k\u00f6nnen). Website-Administratoren k\u00f6nnen diese Informationen ebenfalls einsehen und bearbeiten. Welche Rechte Sie an Ihren Daten haben: Wenn Sie ein Konto auf dieser Website haben oder Kommentare hinterlassen haben, k\u00f6nnen Sie einen Export Ihrer personenbezogenen Daten anfordern, einschliesslich aller Daten, die Sie uns zur Verf\u00fcgung gestellt haben. Sie k\u00f6nnen auch die L\u00f6schung aller personenbezogenen Daten verlangen, die wir von Ihnen gespeichert haben. Dies umfasst keine Daten, die wir aus administrativen, rechtlichen oder sicherheitsrelevanten Gr\u00fcnden aufbewahren m\u00fcssen. Wohin wir Ihre Daten senden: Besucherkommentare k\u00f6nnten von einem automatisierten Dienst zur Spam-Erkennung \u00fcberpr\u00fcft werden.<\/p>\n","protected":false},"author":2,"featured_media":0,"parent":0,"menu_order":0,"comment_status":"closed","ping_status":"closed","template":"","meta":{"_glsr_average":0,"_glsr_ranking":0,"_glsr_reviews":0,"footnotes":""},"class_list":["post-799","page","type-page","status-publish","hentry"],"acf":[],"yoast_head":"<!-- This site is optimized with the Yoast SEO plugin v27.5 - https:\/\/yoast.com\/product\/yoast-seo-wordpress\/ -->\n<title>Privacy Policy - DOGS AND FOODS<\/title>\n<meta name=\"robots\" content=\"index, follow, max-snippet:-1, max-image-preview:large, max-video-preview:-1\" \/>\n<link rel=\"canonical\" href=\"https:\/\/dogsandfoods.com\/index.php\/privacy-policy\/\" \/>\n<meta property=\"og:locale\" content=\"de_DE\" \/>\n<meta property=\"og:type\" content=\"article\" \/>\n<meta property=\"og:title\" content=\"Privacy Policy - DOGS AND FOODS\" \/>\n<meta property=\"og:description\" content=\"Datenschutzerkl\u00e4rung Wer wir sind: Die Adresse unserer Website ist: https:\/\/dogsandfoods.com. Kommentare Wenn Besucher Kommentare auf der Website hinterlassen, sammeln wir die Daten, die im Kommentarformular angezeigt werden, sowie die IP-Adresse und den User-Agent-String des Browsers des Besuchers, um die Erkennung von Spam zu unterst\u00fctzen. Eine anonymisierte Zeichenfolge, die aus Ihrer E-Mail-Adresse erstellt wird (auch als Hash bezeichnet), kann dem Gravatar-Dienst zur Verf\u00fcgung gestellt werden, um zu \u00fcberpr\u00fcfen, ob Sie diesen verwenden. Die Datenschutzrichtlinie des Gravatar-Dienstes ist hier verf\u00fcgbar: https:\/\/automattic.com\/privacy\/. Nach der Genehmigung Ihres Kommentars ist Ihr Profilbild im Kontext Ihres Kommentars \u00f6ffentlich sichtbar. Medien Wenn Sie Bilder auf die Website hochladen, sollten Sie das Hochladen von Bildern mit eingebetteten Standortdaten (EXIF GPS) vermeiden. Besucher der Website k\u00f6nnen Standortdaten aus Bildern auf der Website herunterladen und extrahieren. Cookies Wenn Sie einen Kommentar auf unserer Website hinterlassen, k\u00f6nnen Sie sich daf\u00fcr entscheiden, Ihren Namen, Ihre E-Mail-Adresse und Ihre Website in Cookies zu speichern. Diese dienen Ihrer Bequemlichkeit, damit Sie Ihre Daten nicht erneut eingeben m\u00fcssen, wenn Sie einen weiteren Kommentar hinterlassen. Diese Cookies bleiben ein Jahr lang gespeichert. Wenn Sie unsere Login-Seite besuchen, setzen wir ein tempor\u00e4res Cookie, um festzustellen, ob Ihr Browser Cookies akzeptiert. Dieses Cookie enth\u00e4lt keine personenbezogenen Daten und wird verworfen, wenn Sie Ihren Browser schliessen. Wenn Sie sich einloggen, setzen wir mehrere Cookies, um Ihre Login-Informationen und Ihre Anzeigeoptionen zu speichern. Login-Cookies bleiben zwei Tage lang gespeichert, und Cookies f\u00fcr Anzeigeoptionen bleiben ein Jahr lang gespeichert. Wenn Sie \u201eAngemeldet bleiben\u201c ausw\u00e4hlen, bleibt Ihr Login zwei Wochen lang bestehen. Wenn Sie sich aus Ihrem Konto ausloggen, werden die Login-Cookies entfernt. Wenn Sie einen Artikel bearbeiten oder ver\u00f6ffentlichen, wird ein zus\u00e4tzliches Cookie in Ihrem Browser gespeichert. Dieses Cookie enth\u00e4lt keine personenbezogenen Daten und zeigt lediglich die Beitrags-ID des Artikels an, den Sie gerade bearbeitet haben. Es l\u00e4uft nach einem Tag ab. Eingebettete Inhalte von anderen Websites Artikel auf dieser Website k\u00f6nnen eingebettete Inhalte (z. B. Videos, Bilder, Artikel usw.) enthalten. Eingebettete Inhalte von anderen Websites verhalten sich genau so, als ob der Besucher die andere Website besucht h\u00e4tte. Diese Websites k\u00f6nnen Daten \u00fcber Sie sammeln, Cookies verwenden, zus\u00e4tzliche Drittanbieter-Trackings einbetten und Ihre Interaktion mit diesem eingebetteten Inhalt \u00fcberwachen, einschliesslich der Verfolgung Ihrer Interaktion mit dem eingebetteten Inhalt, wenn Sie ein Konto haben und auf dieser Website angemeldet sind. Mit wem wir Ihre Daten teilen: Wenn Sie eine Zur\u00fccksetzung des Passworts anfordern, wird Ihre IP-Adresse in der E-Mail zur Zur\u00fccksetzung enthalten sein. Wie lange wir Ihre Daten speichern: Wenn Sie einen Kommentar hinterlassen, werden der Kommentar und dessen Metadaten auf unbestimmte Zeit gespeichert. Dies erfolgt, damit wir Folgekommentare automatisch erkennen und genehmigen k\u00f6nnen, anstatt sie in einer Moderationswarteschlange zu halten. F\u00fcr Benutzer, die sich auf unserer Website registrieren (falls vorhanden), speichern wir auch die pers\u00f6nlichen Informationen, die sie in ihrem Benutzerprofil angeben. Alle Benutzer k\u00f6nnen ihre pers\u00f6nlichen Informationen jederzeit einsehen, bearbeiten oder l\u00f6schen (mit Ausnahme des Benutzernamens, den sie nicht \u00e4ndern k\u00f6nnen). Website-Administratoren k\u00f6nnen diese Informationen ebenfalls einsehen und bearbeiten. Welche Rechte Sie an Ihren Daten haben: Wenn Sie ein Konto auf dieser Website haben oder Kommentare hinterlassen haben, k\u00f6nnen Sie einen Export Ihrer personenbezogenen Daten anfordern, einschliesslich aller Daten, die Sie uns zur Verf\u00fcgung gestellt haben. Sie k\u00f6nnen auch die L\u00f6schung aller personenbezogenen Daten verlangen, die wir von Ihnen gespeichert haben. Dies umfasst keine Daten, die wir aus administrativen, rechtlichen oder sicherheitsrelevanten Gr\u00fcnden aufbewahren m\u00fcssen. Wohin wir Ihre Daten senden: Besucherkommentare k\u00f6nnten von einem automatisierten Dienst zur Spam-Erkennung \u00fcberpr\u00fcft werden.\" \/>\n<meta property=\"og:url\" content=\"https:\/\/dogsandfoods.com\/index.php\/privacy-policy\/\" \/>\n<meta property=\"og:site_name\" content=\"DOGS AND FOODS\" \/>\n<meta property=\"article:modified_time\" content=\"2024-08-08T14:18:48+00:00\" \/>\n<meta name=\"twitter:card\" content=\"summary_large_image\" \/>\n<meta name=\"twitter:label1\" content=\"Gesch\u00e4tzte Lesezeit\" \/>\n\t<meta name=\"twitter:data1\" content=\"3\u00a0Minuten\" \/>\n<script type=\"application\/ld+json\" class=\"yoast-schema-graph\">{\"@context\":\"https:\\\/\\\/schema.org\",\"@graph\":[{\"@type\":\"WebPage\",\"@id\":\"https:\\\/\\\/dogsandfoods.com\\\/index.php\\\/privacy-policy\\\/\",\"url\":\"https:\\\/\\\/dogsandfoods.com\\\/index.php\\\/privacy-policy\\\/\",\"name\":\"Privacy Policy - DOGS AND FOODS\",\"isPartOf\":{\"@id\":\"https:\\\/\\\/dogsandfoods.com\\\/#website\"},\"datePublished\":\"2024-07-05T16:23:01+00:00\",\"dateModified\":\"2024-08-08T14:18:48+00:00\",\"breadcrumb\":{\"@id\":\"https:\\\/\\\/dogsandfoods.com\\\/index.php\\\/privacy-policy\\\/#breadcrumb\"},\"inLanguage\":\"de-CH\",\"potentialAction\":[{\"@type\":\"ReadAction\",\"target\":[\"https:\\\/\\\/dogsandfoods.com\\\/index.php\\\/privacy-policy\\\/\"]}]},{\"@type\":\"BreadcrumbList\",\"@id\":\"https:\\\/\\\/dogsandfoods.com\\\/index.php\\\/privacy-policy\\\/#breadcrumb\",\"itemListElement\":[{\"@type\":\"ListItem\",\"position\":1,\"name\":\"Home\",\"item\":\"https:\\\/\\\/dogsandfoods.com\\\/\"},{\"@type\":\"ListItem\",\"position\":2,\"name\":\"Privacy Policy\"}]},{\"@type\":\"WebSite\",\"@id\":\"https:\\\/\\\/dogsandfoods.com\\\/#website\",\"url\":\"https:\\\/\\\/dogsandfoods.com\\\/\",\"name\":\"dogsandfoods.com\",\"description\":\"Gesunde nat\u00fcrliche Hundeern\u00e4hrung\",\"publisher\":{\"@id\":\"https:\\\/\\\/dogsandfoods.com\\\/#organization\"},\"potentialAction\":[{\"@type\":\"SearchAction\",\"target\":{\"@type\":\"EntryPoint\",\"urlTemplate\":\"https:\\\/\\\/dogsandfoods.com\\\/?s={search_term_string}\"},\"query-input\":{\"@type\":\"PropertyValueSpecification\",\"valueRequired\":true,\"valueName\":\"search_term_string\"}}],\"inLanguage\":\"de-CH\"},{\"@type\":\"Organization\",\"@id\":\"https:\\\/\\\/dogsandfoods.com\\\/#organization\",\"name\":\"Dogs and Foods\",\"url\":\"https:\\\/\\\/dogsandfoods.com\\\/\",\"logo\":{\"@type\":\"ImageObject\",\"inLanguage\":\"de-CH\",\"@id\":\"https:\\\/\\\/dogsandfoods.com\\\/#\\\/schema\\\/logo\\\/image\\\/\",\"url\":\"\",\"contentUrl\":\"\",\"caption\":\"Dogs and Foods\"},\"image\":{\"@id\":\"https:\\\/\\\/dogsandfoods.com\\\/#\\\/schema\\\/logo\\\/image\\\/\"}}]}<\/script>\n<!-- \/ Yoast SEO plugin. -->","yoast_head_json":{"title":"Privacy Policy - DOGS AND FOODS","robots":{"index":"index","follow":"follow","max-snippet":"max-snippet:-1","max-image-preview":"max-image-preview:large","max-video-preview":"max-video-preview:-1"},"canonical":"https:\/\/dogsandfoods.com\/index.php\/privacy-policy\/","og_locale":"de_DE","og_type":"article","og_title":"Privacy Policy - DOGS AND FOODS","og_description":"Datenschutzerkl\u00e4rung Wer wir sind: Die Adresse unserer Website ist: https:\/\/dogsandfoods.com. Kommentare Wenn Besucher Kommentare auf der Website hinterlassen, sammeln wir die Daten, die im Kommentarformular angezeigt werden, sowie die IP-Adresse und den User-Agent-String des Browsers des Besuchers, um die Erkennung von Spam zu unterst\u00fctzen. Eine anonymisierte Zeichenfolge, die aus Ihrer E-Mail-Adresse erstellt wird (auch als Hash bezeichnet), kann dem Gravatar-Dienst zur Verf\u00fcgung gestellt werden, um zu \u00fcberpr\u00fcfen, ob Sie diesen verwenden. Die Datenschutzrichtlinie des Gravatar-Dienstes ist hier verf\u00fcgbar: https:\/\/automattic.com\/privacy\/. Nach der Genehmigung Ihres Kommentars ist Ihr Profilbild im Kontext Ihres Kommentars \u00f6ffentlich sichtbar. Medien Wenn Sie Bilder auf die Website hochladen, sollten Sie das Hochladen von Bildern mit eingebetteten Standortdaten (EXIF GPS) vermeiden. Besucher der Website k\u00f6nnen Standortdaten aus Bildern auf der Website herunterladen und extrahieren. Cookies Wenn Sie einen Kommentar auf unserer Website hinterlassen, k\u00f6nnen Sie sich daf\u00fcr entscheiden, Ihren Namen, Ihre E-Mail-Adresse und Ihre Website in Cookies zu speichern. Diese dienen Ihrer Bequemlichkeit, damit Sie Ihre Daten nicht erneut eingeben m\u00fcssen, wenn Sie einen weiteren Kommentar hinterlassen. Diese Cookies bleiben ein Jahr lang gespeichert. Wenn Sie unsere Login-Seite besuchen, setzen wir ein tempor\u00e4res Cookie, um festzustellen, ob Ihr Browser Cookies akzeptiert. Dieses Cookie enth\u00e4lt keine personenbezogenen Daten und wird verworfen, wenn Sie Ihren Browser schliessen. Wenn Sie sich einloggen, setzen wir mehrere Cookies, um Ihre Login-Informationen und Ihre Anzeigeoptionen zu speichern. Login-Cookies bleiben zwei Tage lang gespeichert, und Cookies f\u00fcr Anzeigeoptionen bleiben ein Jahr lang gespeichert. Wenn Sie \u201eAngemeldet bleiben\u201c ausw\u00e4hlen, bleibt Ihr Login zwei Wochen lang bestehen. Wenn Sie sich aus Ihrem Konto ausloggen, werden die Login-Cookies entfernt. Wenn Sie einen Artikel bearbeiten oder ver\u00f6ffentlichen, wird ein zus\u00e4tzliches Cookie in Ihrem Browser gespeichert. Dieses Cookie enth\u00e4lt keine personenbezogenen Daten und zeigt lediglich die Beitrags-ID des Artikels an, den Sie gerade bearbeitet haben. Es l\u00e4uft nach einem Tag ab. Eingebettete Inhalte von anderen Websites Artikel auf dieser Website k\u00f6nnen eingebettete Inhalte (z. B. Videos, Bilder, Artikel usw.) enthalten. Eingebettete Inhalte von anderen Websites verhalten sich genau so, als ob der Besucher die andere Website besucht h\u00e4tte. Diese Websites k\u00f6nnen Daten \u00fcber Sie sammeln, Cookies verwenden, zus\u00e4tzliche Drittanbieter-Trackings einbetten und Ihre Interaktion mit diesem eingebetteten Inhalt \u00fcberwachen, einschliesslich der Verfolgung Ihrer Interaktion mit dem eingebetteten Inhalt, wenn Sie ein Konto haben und auf dieser Website angemeldet sind. Mit wem wir Ihre Daten teilen: Wenn Sie eine Zur\u00fccksetzung des Passworts anfordern, wird Ihre IP-Adresse in der E-Mail zur Zur\u00fccksetzung enthalten sein. Wie lange wir Ihre Daten speichern: Wenn Sie einen Kommentar hinterlassen, werden der Kommentar und dessen Metadaten auf unbestimmte Zeit gespeichert. Dies erfolgt, damit wir Folgekommentare automatisch erkennen und genehmigen k\u00f6nnen, anstatt sie in einer Moderationswarteschlange zu halten. F\u00fcr Benutzer, die sich auf unserer Website registrieren (falls vorhanden), speichern wir auch die pers\u00f6nlichen Informationen, die sie in ihrem Benutzerprofil angeben. Alle Benutzer k\u00f6nnen ihre pers\u00f6nlichen Informationen jederzeit einsehen, bearbeiten oder l\u00f6schen (mit Ausnahme des Benutzernamens, den sie nicht \u00e4ndern k\u00f6nnen). Website-Administratoren k\u00f6nnen diese Informationen ebenfalls einsehen und bearbeiten. Welche Rechte Sie an Ihren Daten haben: Wenn Sie ein Konto auf dieser Website haben oder Kommentare hinterlassen haben, k\u00f6nnen Sie einen Export Ihrer personenbezogenen Daten anfordern, einschliesslich aller Daten, die Sie uns zur Verf\u00fcgung gestellt haben. Sie k\u00f6nnen auch die L\u00f6schung aller personenbezogenen Daten verlangen, die wir von Ihnen gespeichert haben. Dies umfasst keine Daten, die wir aus administrativen, rechtlichen oder sicherheitsrelevanten Gr\u00fcnden aufbewahren m\u00fcssen. Wohin wir Ihre Daten senden: Besucherkommentare k\u00f6nnten von einem automatisierten Dienst zur Spam-Erkennung \u00fcberpr\u00fcft werden.","og_url":"https:\/\/dogsandfoods.com\/index.php\/privacy-policy\/","og_site_name":"DOGS AND FOODS","article_modified_time":"2024-08-08T14:18:48+00:00","twitter_card":"summary_large_image","twitter_misc":{"Gesch\u00e4tzte Lesezeit":"3\u00a0Minuten"},"schema":{"@context":"https:\/\/schema.org","@graph":[{"@type":"WebPage","@id":"https:\/\/dogsandfoods.com\/index.php\/privacy-policy\/","url":"https:\/\/dogsandfoods.com\/index.php\/privacy-policy\/","name":"Privacy Policy - DOGS AND FOODS","isPartOf":{"@id":"https:\/\/dogsandfoods.com\/#website"},"datePublished":"2024-07-05T16:23:01+00:00","dateModified":"2024-08-08T14:18:48+00:00","breadcrumb":{"@id":"https:\/\/dogsandfoods.com\/index.php\/privacy-policy\/#breadcrumb"},"inLanguage":"de-CH","potentialAction":[{"@type":"ReadAction","target":["https:\/\/dogsandfoods.com\/index.php\/privacy-policy\/"]}]},{"@type":"BreadcrumbList","@id":"https:\/\/dogsandfoods.com\/index.php\/privacy-policy\/#breadcrumb","itemListElement":[{"@type":"ListItem","position":1,"name":"Home","item":"https:\/\/dogsandfoods.com\/"},{"@type":"ListItem","position":2,"name":"Privacy Policy"}]},{"@type":"WebSite","@id":"https:\/\/dogsandfoods.com\/#website","url":"https:\/\/dogsandfoods.com\/","name":"dogsandfoods.com","description":"Gesunde nat\u00fcrliche Hundeern\u00e4hrung","publisher":{"@id":"https:\/\/dogsandfoods.com\/#organization"},"potentialAction":[{"@type":"SearchAction","target":{"@type":"EntryPoint","urlTemplate":"https:\/\/dogsandfoods.com\/?s={search_term_string}"},"query-input":{"@type":"PropertyValueSpecification","valueRequired":true,"valueName":"search_term_string"}}],"inLanguage":"de-CH"},{"@type":"Organization","@id":"https:\/\/dogsandfoods.com\/#organization","name":"Dogs and Foods","url":"https:\/\/dogsandfoods.com\/","logo":{"@type":"ImageObject","inLanguage":"de-CH","@id":"https:\/\/dogsandfoods.com\/#\/schema\/logo\/image\/","url":"","contentUrl":"","caption":"Dogs and Foods"},"image":{"@id":"https:\/\/dogsandfoods.com\/#\/schema\/logo\/image\/"}}]}},"_links":{"self":[{"href":"https:\/\/dogsandfoods.com\/index.php\/wp-json\/wp\/v2\/pages\/799","targetHints":{"allow":["GET"]}}],"collection":[{"href":"https:\/\/dogsandfoods.com\/index.php\/wp-json\/wp\/v2\/pages"}],"about":[{"href":"https:\/\/dogsandfoods.com\/index.php\/wp-json\/wp\/v2\/types\/page"}],"author":[{"embeddable":true,"href":"https:\/\/dogsandfoods.com\/index.php\/wp-json\/wp\/v2\/users\/2"}],"replies":[{"embeddable":true,"href":"https:\/\/dogsandfoods.com\/index.php\/wp-json\/wp\/v2\/comments?post=799"}],"version-history":[{"count":0,"href":"https:\/\/dogsandfoods.com\/index.php\/wp-json\/wp\/v2\/pages\/799\/revisions"}],"wp:attachment":[{"href":"https:\/\/dogsandfoods.com\/index.php\/wp-json\/wp\/v2\/media?parent=799"}],"curies":[{"name":"wp","href":"https:\/\/api.w.org\/{rel}","templated":true}]}}