{"id":81,"date":"2024-05-14T11:29:57","date_gmt":"2024-05-14T11:29:57","guid":{"rendered":"https:\/\/dogsandfoods.com\/?page_id=81"},"modified":"2025-01-01T11:25:32","modified_gmt":"2025-01-01T11:25:32","slug":"willkommen-auf-dogs-and-foods","status":"publish","type":"page","link":"https:\/\/dogsandfoods.com\/index.php\/willkommen-auf-dogs-and-foods\/","title":{"rendered":"Willkommen auf DOGS AND FOODS &#8211; die Hundeern\u00e4hrung mit Herz und Verstand"},"content":{"rendered":"\n<h1 class=\"wp-block-heading\">Das bin ich!<\/h1>\n\n\n\n<div class=\"wp-block-media-text is-stacked-on-mobile\" style=\"grid-template-columns:62% auto\"><figure class=\"wp-block-media-text__media\"><img loading=\"lazy\" decoding=\"async\" width=\"1024\" height=\"536\" src=\"https:\/\/dogsandfoods.com\/wp-content\/uploads\/2024\/10\/2-1-1024x536.png\" alt=\"\" class=\"wp-image-2481 size-full\" srcset=\"https:\/\/dogsandfoods.com\/wp-content\/uploads\/2024\/10\/2-1-1024x536.png 1024w, https:\/\/dogsandfoods.com\/wp-content\/uploads\/2024\/10\/2-1-300x157.png 300w, https:\/\/dogsandfoods.com\/wp-content\/uploads\/2024\/10\/2-1-768x402.png 768w, https:\/\/dogsandfoods.com\/wp-content\/uploads\/2024\/10\/2-1.png 1200w\" sizes=\"auto, (max-width: 1024px) 100vw, 1024px\" \/><\/figure><div class=\"wp-block-media-text__content\">\n<p class=\"has-medium-font-size\">Hallo, ich bin Biljana, 65 Jahre alt, und meine grosse Leidenschaft ist die gesunde, artgerechte Ern\u00e4hrung f\u00fcr Hunde. Mit meiner langj\u00e4hrigen Erfahrung und pers\u00f6nlicher Geschichte m\u00f6chte ich dir und deinem Hund hier auf DOGS AND FOODS zu einem besseren Leben verhelfen.<\/p>\n<\/div><\/div>\n\n\n\n<h2 class=\"wp-block-heading\">Meine Reise in die Welt der Hundeern\u00e4hrung<\/h2>\n\n\n\n<p class=\"has-medium-font-size\">Nach meinem Studium der Romanischen Sprachen habe ich als \u00dcbersetzerin und Bibliothekarin gearbeitet. Zuletzt habe ich \u00fcber 15 Jahre lang die Bibliothek der P\u00e4dagogischen Hochschule Z\u00fcrich geleitet.<\/p>\n\n\n\n<p class=\"has-medium-font-size\">Doch meine wahre Leidenschaft entdeckte ich, als mein geliebter Hund Ezechiele an IBD, n\u00e4chtlichen Durchf\u00e4llen, Entz\u00fcndungen in der Maulh\u00f6hle, Erbrechen und Niereninsuffizienz erkrankte. Er war damals 8 Jahre alt.<\/p>\n\n\n\n<p class=\"has-medium-font-size\">Trotz spezieller Futtermittel, die unser Tierarzt empfahl, verschlechterte sich Ezechieles Zustand. Verzweifelt begann ich, mich intensiv mit <strong>gesunder Hundeern\u00e4hrung<\/strong> und Naturheilmitteln f\u00fcr Hunde zu besch\u00e4ftigen. Ich las B\u00fccher, studierte wissenschaftliche Artikel und kochte selbst f\u00fcr ihn. Und es wirkte! Ezechiele wurde wieder vitaler, sein Appetit kehrte zur\u00fcck und seine Werte verbesserten sich. Dank einer frischen, gesunden Ern\u00e4hrung und Naturheilmitteln durfte ich ihn bis zu seinem 14. Lebensjahr begleiten.<\/p>\n\n\n\n<h3 class=\"wp-block-heading\">Warum Hundeern\u00e4hrung so wichtig ist<\/h3>\n\n\n\n<p class=\"has-medium-font-size\">Ich weiss aus eigener Erfahrung, wie schwer es ist, einen kranken Hund zu haben. Man f\u00fchlt sich hilflos und allein gelassen, w\u00e4hrend die finanziellen Belastungen durch Tierarztkosten steigen. Eine <strong>individuell angepasste Hundeern\u00e4hrung<\/strong> kann hier einen grossen Unterschied machen. Sie kann nicht nur das Wohlbefinden der Hunde verbessern, sondern auch die Lebensqualit\u00e4t erheblich steigern.<\/p>\n\n\n\n<h3 class=\"wp-block-heading\">Meine Expertise f\u00fcr Ihren Hund<\/h3>\n\n\n\n<p class=\"has-medium-font-size\">W\u00e4hrend der Pandemie habe ich mich weitergebildet und mein Wissen in Naturheilkunde f\u00fcr Hunde, Hundeern\u00e4hrung sowie \u00fcber <strong>Magendarmerkrankungen<\/strong> vertieft. Mit diesem Wissen hier auf DOGS AND FOODS unterst\u00fctze ich dich dabei, deinen Hund gesund und gl\u00fccklich zu halten. Auf meinem Blog teile ich regelm\u00e4ssig meine Erkenntnisse und gebe praktische Tipps zur Hundeern\u00e4hrung.<\/p>\n\n\n\n<p class=\"has-medium-font-size\">Besuche regelm\u00e4ssig meine Seite und meine I<a href=\"https:\/\/www.instagram.com\/the_dogsandfoods\/profilecard\/?igsh=Y2VoMzl1dXVuMHpt\" target=\"_blank\" rel=\"noreferrer noopener\">nstagramseite<\/a>, um mehr \u00fcber gesunde Hundeern\u00e4hrung und Naturheilmittel zu erfahren. Gemeinsam k\u00f6nnen wir unsere pelzigen Freunde auf nat\u00fcrliche Weise unterst\u00fctzen!<\/p>\n\n\n\n<p class=\"has-medium-font-size\">Herzlich,<br>Biljana \ud83d\udc3e<\/p>\n\n\n\n<h3 class=\"wp-block-heading\"><strong>Und das noch \u2026<\/strong><\/h3>\n\n\n\n<h6 class=\"wp-block-heading has-normal-font-size\">Mein jetziger treuer Begleiter ist <strong>Gioacchino<\/strong>, ein dreij\u00e4hriges italienisches Windspiel mit eigener <a href=\"https:\/\/www.instagram.com\/gioacchino_the_iggy?igsh=MTlzYTltYWxqdm93ag%3D%3D&amp;utm_source=qr\" target=\"_blank\" rel=\"noreferrer noopener\">Instagram-Seite<\/a>! <\/h6>\n","protected":false},"excerpt":{"rendered":"<p>Das bin ich! Hallo, ich bin Biljana, 65 Jahre alt, und meine grosse Leidenschaft ist die gesunde, artgerechte Ern\u00e4hrung f\u00fcr Hunde. Mit meiner langj\u00e4hrigen Erfahrung und pers\u00f6nlicher Geschichte m\u00f6chte ich dir und deinem Hund hier auf DOGS AND FOODS zu einem besseren Leben verhelfen. Meine Reise in die Welt der Hundeern\u00e4hrung Nach meinem Studium der Romanischen Sprachen habe ich als \u00dcbersetzerin und Bibliothekarin gearbeitet. Zuletzt habe ich \u00fcber 15 Jahre lang die Bibliothek der P\u00e4dagogischen Hochschule Z\u00fcrich geleitet. Doch meine wahre Leidenschaft entdeckte ich, als mein geliebter Hund Ezechiele an IBD, n\u00e4chtlichen Durchf\u00e4llen, Entz\u00fcndungen in der Maulh\u00f6hle, Erbrechen und Niereninsuffizienz erkrankte. Er war damals 8 Jahre alt. Trotz spezieller Futtermittel, die unser Tierarzt empfahl, verschlechterte sich Ezechieles Zustand. Verzweifelt begann ich, mich intensiv mit gesunder Hundeern\u00e4hrung und Naturheilmitteln f\u00fcr Hunde zu besch\u00e4ftigen. Ich las B\u00fccher, studierte wissenschaftliche Artikel und kochte selbst f\u00fcr ihn. Und es wirkte! Ezechiele wurde wieder vitaler, sein Appetit kehrte zur\u00fcck und seine Werte verbesserten sich. Dank einer frischen, gesunden Ern\u00e4hrung und Naturheilmitteln durfte ich ihn bis zu seinem 14. Lebensjahr begleiten. Warum Hundeern\u00e4hrung so wichtig ist Ich weiss aus eigener Erfahrung, wie schwer es ist, einen kranken Hund zu haben. Man f\u00fchlt sich hilflos und allein gelassen, w\u00e4hrend die finanziellen Belastungen durch Tierarztkosten steigen. Eine individuell angepasste Hundeern\u00e4hrung kann hier einen grossen Unterschied machen. Sie kann nicht nur das Wohlbefinden der Hunde verbessern, sondern auch die Lebensqualit\u00e4t erheblich steigern. Meine Expertise f\u00fcr Ihren Hund W\u00e4hrend der Pandemie habe ich mich weitergebildet und mein Wissen in Naturheilkunde f\u00fcr Hunde, Hundeern\u00e4hrung sowie \u00fcber Magendarmerkrankungen vertieft. Mit diesem Wissen hier auf DOGS AND FOODS unterst\u00fctze ich dich dabei, deinen Hund gesund und gl\u00fccklich zu halten. Auf meinem Blog teile ich regelm\u00e4ssig meine Erkenntnisse und gebe praktische Tipps zur Hundeern\u00e4hrung. Besuche regelm\u00e4ssig meine Seite und meine Instagramseite, um mehr \u00fcber gesunde Hundeern\u00e4hrung und Naturheilmittel zu erfahren. Gemeinsam k\u00f6nnen wir unsere pelzigen Freunde auf nat\u00fcrliche Weise unterst\u00fctzen! Herzlich,Biljana \ud83d\udc3e Und das noch \u2026 Mein jetziger treuer Begleiter ist Gioacchino, ein dreij\u00e4hriges italienisches Windspiel mit eigener Instagram-Seite!<\/p>\n","protected":false},"author":2,"featured_media":2471,"parent":0,"menu_order":0,"comment_status":"closed","ping_status":"closed","template":"templates\/about-page.php","meta":{"_glsr_average":0,"_glsr_ranking":0,"_glsr_reviews":0,"footnotes":""},"class_list":["post-81","page","type-page","status-publish","has-post-thumbnail","hentry"],"acf":[],"yoast_head":"<!-- This site is optimized with the Yoast SEO plugin v27.5 - https:\/\/yoast.com\/product\/yoast-seo-wordpress\/ -->\n<title>titel<\/title>\n<meta name=\"description\" content=\"Willkommen auf meiner Seite &#039;Dogs and Foods&#039; \u2013 deine Anlaufstelle f\u00fcr das passende, gesunde Futter f\u00fcr jeden Hund. Erfahre hier mehr\" \/>\n<meta name=\"robots\" content=\"index, follow, max-snippet:-1, max-image-preview:large, max-video-preview:-1\" \/>\n<link rel=\"canonical\" href=\"https:\/\/dogsandfoods.com\/index.php\/willkommen-auf-dogs-and-foods\/\" \/>\n<meta property=\"og:locale\" content=\"de_DE\" \/>\n<meta property=\"og:type\" content=\"article\" \/>\n<meta property=\"og:title\" content=\"titel\" \/>\n<meta property=\"og:description\" content=\"Willkommen auf meiner Seite &#039;Dogs and Foods&#039; \u2013 deine Anlaufstelle f\u00fcr das passende, gesunde Futter f\u00fcr jeden Hund. Erfahre hier mehr\" \/>\n<meta property=\"og:url\" content=\"https:\/\/dogsandfoods.com\/index.php\/willkommen-auf-dogs-and-foods\/\" \/>\n<meta property=\"og:site_name\" content=\"DOGS AND FOODS\" \/>\n<meta property=\"article:modified_time\" content=\"2025-01-01T11:25:32+00:00\" \/>\n<meta property=\"og:image\" content=\"https:\/\/dogsandfoods.com\/wp-content\/uploads\/2024\/10\/2.png\" \/>\n\t<meta property=\"og:image:width\" content=\"1200\" \/>\n\t<meta property=\"og:image:height\" content=\"628\" \/>\n\t<meta property=\"og:image:type\" content=\"image\/png\" \/>\n<meta name=\"twitter:card\" content=\"summary_large_image\" \/>\n<meta name=\"twitter:label1\" content=\"Gesch\u00e4tzte Lesezeit\" \/>\n\t<meta name=\"twitter:data1\" content=\"3\u00a0Minuten\" \/>\n<script type=\"application\/ld+json\" class=\"yoast-schema-graph\">{\"@context\":\"https:\\\/\\\/schema.org\",\"@graph\":[{\"@type\":\"WebPage\",\"@id\":\"https:\\\/\\\/dogsandfoods.com\\\/index.php\\\/willkommen-auf-dogs-and-foods\\\/\",\"url\":\"https:\\\/\\\/dogsandfoods.com\\\/index.php\\\/willkommen-auf-dogs-and-foods\\\/\",\"name\":\"titel\",\"isPartOf\":{\"@id\":\"https:\\\/\\\/dogsandfoods.com\\\/#website\"},\"primaryImageOfPage\":{\"@id\":\"https:\\\/\\\/dogsandfoods.com\\\/index.php\\\/willkommen-auf-dogs-and-foods\\\/#primaryimage\"},\"image\":{\"@id\":\"https:\\\/\\\/dogsandfoods.com\\\/index.php\\\/willkommen-auf-dogs-and-foods\\\/#primaryimage\"},\"thumbnailUrl\":\"https:\\\/\\\/dogsandfoods.com\\\/wp-content\\\/uploads\\\/2024\\\/10\\\/2.png\",\"datePublished\":\"2024-05-14T11:29:57+00:00\",\"dateModified\":\"2025-01-01T11:25:32+00:00\",\"description\":\"Willkommen auf meiner Seite 'Dogs and Foods' \u2013 deine Anlaufstelle f\u00fcr das passende, gesunde Futter f\u00fcr jeden Hund. Erfahre hier mehr\",\"breadcrumb\":{\"@id\":\"https:\\\/\\\/dogsandfoods.com\\\/index.php\\\/willkommen-auf-dogs-and-foods\\\/#breadcrumb\"},\"inLanguage\":\"de-CH\",\"potentialAction\":[{\"@type\":\"ReadAction\",\"target\":[\"https:\\\/\\\/dogsandfoods.com\\\/index.php\\\/willkommen-auf-dogs-and-foods\\\/\"]}]},{\"@type\":\"ImageObject\",\"inLanguage\":\"de-CH\",\"@id\":\"https:\\\/\\\/dogsandfoods.com\\\/index.php\\\/willkommen-auf-dogs-and-foods\\\/#primaryimage\",\"url\":\"https:\\\/\\\/dogsandfoods.com\\\/wp-content\\\/uploads\\\/2024\\\/10\\\/2.png\",\"contentUrl\":\"https:\\\/\\\/dogsandfoods.com\\\/wp-content\\\/uploads\\\/2024\\\/10\\\/2.png\",\"width\":1200,\"height\":628,\"caption\":\"\u00fcber mich\"},{\"@type\":\"BreadcrumbList\",\"@id\":\"https:\\\/\\\/dogsandfoods.com\\\/index.php\\\/willkommen-auf-dogs-and-foods\\\/#breadcrumb\",\"itemListElement\":[{\"@type\":\"ListItem\",\"position\":1,\"name\":\"Home\",\"item\":\"https:\\\/\\\/dogsandfoods.com\\\/\"},{\"@type\":\"ListItem\",\"position\":2,\"name\":\"Willkommen auf DOGS AND FOODS &#8211; die Hundeern\u00e4hrung mit Herz und Verstand\"}]},{\"@type\":\"WebSite\",\"@id\":\"https:\\\/\\\/dogsandfoods.com\\\/#website\",\"url\":\"https:\\\/\\\/dogsandfoods.com\\\/\",\"name\":\"dogsandfoods.com\",\"description\":\"Gesunde nat\u00fcrliche Hundeern\u00e4hrung\",\"publisher\":{\"@id\":\"https:\\\/\\\/dogsandfoods.com\\\/#organization\"},\"potentialAction\":[{\"@type\":\"SearchAction\",\"target\":{\"@type\":\"EntryPoint\",\"urlTemplate\":\"https:\\\/\\\/dogsandfoods.com\\\/?s={search_term_string}\"},\"query-input\":{\"@type\":\"PropertyValueSpecification\",\"valueRequired\":true,\"valueName\":\"search_term_string\"}}],\"inLanguage\":\"de-CH\"},{\"@type\":\"Organization\",\"@id\":\"https:\\\/\\\/dogsandfoods.com\\\/#organization\",\"name\":\"Dogs and Foods\",\"url\":\"https:\\\/\\\/dogsandfoods.com\\\/\",\"logo\":{\"@type\":\"ImageObject\",\"inLanguage\":\"de-CH\",\"@id\":\"https:\\\/\\\/dogsandfoods.com\\\/#\\\/schema\\\/logo\\\/image\\\/\",\"url\":\"\",\"contentUrl\":\"\",\"caption\":\"Dogs and Foods\"},\"image\":{\"@id\":\"https:\\\/\\\/dogsandfoods.com\\\/#\\\/schema\\\/logo\\\/image\\\/\"}}]}<\/script>\n<!-- \/ Yoast SEO plugin. -->","yoast_head_json":{"title":"titel","description":"Willkommen auf meiner Seite 'Dogs and Foods' \u2013 deine Anlaufstelle f\u00fcr das passende, gesunde Futter f\u00fcr jeden Hund. Erfahre hier mehr","robots":{"index":"index","follow":"follow","max-snippet":"max-snippet:-1","max-image-preview":"max-image-preview:large","max-video-preview":"max-video-preview:-1"},"canonical":"https:\/\/dogsandfoods.com\/index.php\/willkommen-auf-dogs-and-foods\/","og_locale":"de_DE","og_type":"article","og_title":"titel","og_description":"Willkommen auf meiner Seite 'Dogs and Foods' \u2013 deine Anlaufstelle f\u00fcr das passende, gesunde Futter f\u00fcr jeden Hund. Erfahre hier mehr","og_url":"https:\/\/dogsandfoods.com\/index.php\/willkommen-auf-dogs-and-foods\/","og_site_name":"DOGS AND FOODS","article_modified_time":"2025-01-01T11:25:32+00:00","og_image":[{"width":1200,"height":628,"url":"https:\/\/dogsandfoods.com\/wp-content\/uploads\/2024\/10\/2.png","type":"image\/png"}],"twitter_card":"summary_large_image","twitter_misc":{"Gesch\u00e4tzte Lesezeit":"3\u00a0Minuten"},"schema":{"@context":"https:\/\/schema.org","@graph":[{"@type":"WebPage","@id":"https:\/\/dogsandfoods.com\/index.php\/willkommen-auf-dogs-and-foods\/","url":"https:\/\/dogsandfoods.com\/index.php\/willkommen-auf-dogs-and-foods\/","name":"titel","isPartOf":{"@id":"https:\/\/dogsandfoods.com\/#website"},"primaryImageOfPage":{"@id":"https:\/\/dogsandfoods.com\/index.php\/willkommen-auf-dogs-and-foods\/#primaryimage"},"image":{"@id":"https:\/\/dogsandfoods.com\/index.php\/willkommen-auf-dogs-and-foods\/#primaryimage"},"thumbnailUrl":"https:\/\/dogsandfoods.com\/wp-content\/uploads\/2024\/10\/2.png","datePublished":"2024-05-14T11:29:57+00:00","dateModified":"2025-01-01T11:25:32+00:00","description":"Willkommen auf meiner Seite 'Dogs and Foods' \u2013 deine Anlaufstelle f\u00fcr das passende, gesunde Futter f\u00fcr jeden Hund. Erfahre hier mehr","breadcrumb":{"@id":"https:\/\/dogsandfoods.com\/index.php\/willkommen-auf-dogs-and-foods\/#breadcrumb"},"inLanguage":"de-CH","potentialAction":[{"@type":"ReadAction","target":["https:\/\/dogsandfoods.com\/index.php\/willkommen-auf-dogs-and-foods\/"]}]},{"@type":"ImageObject","inLanguage":"de-CH","@id":"https:\/\/dogsandfoods.com\/index.php\/willkommen-auf-dogs-and-foods\/#primaryimage","url":"https:\/\/dogsandfoods.com\/wp-content\/uploads\/2024\/10\/2.png","contentUrl":"https:\/\/dogsandfoods.com\/wp-content\/uploads\/2024\/10\/2.png","width":1200,"height":628,"caption":"\u00fcber mich"},{"@type":"BreadcrumbList","@id":"https:\/\/dogsandfoods.com\/index.php\/willkommen-auf-dogs-and-foods\/#breadcrumb","itemListElement":[{"@type":"ListItem","position":1,"name":"Home","item":"https:\/\/dogsandfoods.com\/"},{"@type":"ListItem","position":2,"name":"Willkommen auf DOGS AND FOODS &#8211; die Hundeern\u00e4hrung mit Herz und Verstand"}]},{"@type":"WebSite","@id":"https:\/\/dogsandfoods.com\/#website","url":"https:\/\/dogsandfoods.com\/","name":"dogsandfoods.com","description":"Gesunde nat\u00fcrliche Hundeern\u00e4hrung","publisher":{"@id":"https:\/\/dogsandfoods.com\/#organization"},"potentialAction":[{"@type":"SearchAction","target":{"@type":"EntryPoint","urlTemplate":"https:\/\/dogsandfoods.com\/?s={search_term_string}"},"query-input":{"@type":"PropertyValueSpecification","valueRequired":true,"valueName":"search_term_string"}}],"inLanguage":"de-CH"},{"@type":"Organization","@id":"https:\/\/dogsandfoods.com\/#organization","name":"Dogs and Foods","url":"https:\/\/dogsandfoods.com\/","logo":{"@type":"ImageObject","inLanguage":"de-CH","@id":"https:\/\/dogsandfoods.com\/#\/schema\/logo\/image\/","url":"","contentUrl":"","caption":"Dogs and Foods"},"image":{"@id":"https:\/\/dogsandfoods.com\/#\/schema\/logo\/image\/"}}]}},"_links":{"self":[{"href":"https:\/\/dogsandfoods.com\/index.php\/wp-json\/wp\/v2\/pages\/81","targetHints":{"allow":["GET"]}}],"collection":[{"href":"https:\/\/dogsandfoods.com\/index.php\/wp-json\/wp\/v2\/pages"}],"about":[{"href":"https:\/\/dogsandfoods.com\/index.php\/wp-json\/wp\/v2\/types\/page"}],"author":[{"embeddable":true,"href":"https:\/\/dogsandfoods.com\/index.php\/wp-json\/wp\/v2\/users\/2"}],"replies":[{"embeddable":true,"href":"https:\/\/dogsandfoods.com\/index.php\/wp-json\/wp\/v2\/comments?post=81"}],"version-history":[{"count":2,"href":"https:\/\/dogsandfoods.com\/index.php\/wp-json\/wp\/v2\/pages\/81\/revisions"}],"predecessor-version":[{"id":2718,"href":"https:\/\/dogsandfoods.com\/index.php\/wp-json\/wp\/v2\/pages\/81\/revisions\/2718"}],"wp:featuredmedia":[{"embeddable":true,"href":"https:\/\/dogsandfoods.com\/index.php\/wp-json\/wp\/v2\/media\/2471"}],"wp:attachment":[{"href":"https:\/\/dogsandfoods.com\/index.php\/wp-json\/wp\/v2\/media?parent=81"}],"curies":[{"name":"wp","href":"https:\/\/api.w.org\/{rel}","templated":true}]}}