{"id":89,"date":"2021-11-05T21:28:57","date_gmt":"2021-11-05T21:28:57","guid":{"rendered":"http:\/\/themes.lucid-themes.com\/essence-wp\/?page_id=89"},"modified":"2024-08-12T16:41:20","modified_gmt":"2024-08-12T16:41:20","slug":"contact","status":"publish","type":"page","link":"https:\/\/dogsandfoods.com\/index.php\/contact\/","title":{"rendered":"KONTAKT"},"content":{"rendered":"\n<h3 class=\"wp-block-heading\"><strong>Schreib mir!<\/strong><\/h3>\n\n\n\n<p class=\"has-medium-font-size\">Eine ausgewogene, bedarfsgerechte Ern\u00e4hrung ist der Schl\u00fcssel zu einem langen, gesunden und gl\u00fccklichen Hundeleben. Viele gesundheitliche Probleme lassen sich durch die richtige Ern\u00e4hrung nicht nur positiv beeinflussen, sondern in manchen F\u00e4llen sogar ohne Medikamente beheben.<\/p>\n\n\n\n<p class=\"has-medium-font-size\">Bist du bereit, die Gesundheit deines Hundes nachhaltig zu verbessern? <\/p>\n\n\n\n<p class=\"has-medium-font-size\">Dann z\u00f6gere nicht und kontaktiere mich noch heute!  <\/p>\n\n\n\n<p class=\"has-medium-font-size\">Ich freue mich darauf, dich und deinen vierbeinigen Freund auf diesem Weg zu begleiten!<\/p>\n\n\n\n<div class=\"wp-block-contact-form-7-contact-form-selector\">\n<div class=\"wpcf7 no-js\" id=\"wpcf7-f1006-o1\" lang=\"en-US\" dir=\"ltr\" data-wpcf7-id=\"1006\">\n<div class=\"screen-reader-response\"><p role=\"status\" aria-live=\"polite\" aria-atomic=\"true\"><\/p> <ul><\/ul><\/div>\n<form action=\"\/index.php\/wp-json\/wp\/v2\/pages\/89#wpcf7-f1006-o1\" method=\"post\" class=\"wpcf7-form init\" aria-label=\"Contact form\" novalidate=\"novalidate\" data-status=\"init\">\n<fieldset class=\"hidden-fields-container\"><input type=\"hidden\" name=\"_wpcf7\" value=\"1006\" \/><input type=\"hidden\" name=\"_wpcf7_version\" value=\"6.1.5\" \/><input type=\"hidden\" name=\"_wpcf7_locale\" value=\"en_US\" \/><input type=\"hidden\" name=\"_wpcf7_unit_tag\" value=\"wpcf7-f1006-o1\" \/><input type=\"hidden\" name=\"_wpcf7_container_post\" value=\"0\" \/><input type=\"hidden\" name=\"_wpcf7_posted_data_hash\" value=\"\" \/><input type=\"hidden\" name=\"_wpcf7_recaptcha_response\" value=\"\" \/>\n<\/fieldset>\n<div class=\"row\">\n\t<div class=\"col-xlarge-4 col-medium-4\">\n\t\t<p><span class=\"wpcf7-form-control-wrap\" data-name=\"your-name\"><input size=\"40\" maxlength=\"400\" class=\"wpcf7-form-control wpcf7-text wpcf7-validates-as-required input-field\" aria-required=\"true\" aria-invalid=\"false\" placeholder=\"NAME\" value=\"\" type=\"text\" name=\"your-name\" \/><\/span>\n\t\t<\/p>\n\t<\/div>\n\t<div class=\"col-xlarge-4 col-medium-4\">\n\t\t<p><span class=\"wpcf7-form-control-wrap\" data-name=\"your-email\"><input size=\"40\" maxlength=\"400\" class=\"wpcf7-form-control wpcf7-email wpcf7-validates-as-required wpcf7-text wpcf7-validates-as-email input-field\" aria-required=\"true\" aria-invalid=\"false\" placeholder=\"EMAIL\" value=\"\" type=\"email\" name=\"your-email\" \/><\/span>\n\t\t<\/p>\n\t<\/div>\n\t<div class=\"col-xlarge-4 col-medium-4\">\n\t\t<p><span class=\"wpcf7-form-control-wrap\" data-name=\"your-subject\"><input size=\"40\" maxlength=\"400\" class=\"wpcf7-form-control wpcf7-text wpcf7-validates-as-required input-field\" aria-required=\"true\" aria-invalid=\"false\" placeholder=\"BETREFF\" value=\"\" type=\"text\" name=\"your-subject\" \/><\/span>\n\t\t<\/p>\n\t<\/div>\n<\/div>\n<div class=\"row\">\n\t<div class=\"col-xlarge-12\">\n\t\t<p><span class=\"wpcf7-form-control-wrap\" data-name=\"your-message\"><textarea cols=\"40\" rows=\"10\" maxlength=\"2000\" class=\"wpcf7-form-control wpcf7-textarea wpcf7-validates-as-required input-textarea\" aria-required=\"true\" aria-invalid=\"false\" placeholder=\"NACHRICHT\" name=\"your-message\"><\/textarea><\/span>\n\t\t<\/p>\n\t<\/div>\n<\/div>\n<p><input class=\"wpcf7-form-control wpcf7-submit has-spinner secondary-button font-merriweather-reg hov-bk\" type=\"submit\" value=\"SENDEN\" \/>\n<\/p><div class=\"wpcf7-response-output\" aria-hidden=\"true\"><\/div>\n<\/form>\n<\/div>\n<\/div>\n\n\n\n<p><em>Deine Daten werden ausschliesslich zur Beantwortung deiner Anfrage genutzt. Details findest du in der Datenschutzerkl\u00e4rung.<\/em><\/p>\n","protected":false},"excerpt":{"rendered":"<p>Schreib mir! Eine ausgewogene, bedarfsgerechte Ern\u00e4hrung ist der Schl\u00fcssel zu einem langen, gesunden und gl\u00fccklichen Hundeleben. Viele gesundheitliche Probleme lassen sich durch die richtige Ern\u00e4hrung nicht nur positiv beeinflussen, sondern in manchen F\u00e4llen sogar ohne Medikamente beheben. Bist du bereit, die Gesundheit deines Hundes nachhaltig zu verbessern? Dann z\u00f6gere nicht und kontaktiere mich noch heute! Ich freue mich darauf, dich und deinen vierbeinigen Freund auf diesem Weg zu begleiten! Deine Daten werden ausschliesslich zur Beantwortung deiner Anfrage genutzt. Details findest du in der Datenschutzerkl\u00e4rung.<\/p>\n","protected":false},"author":2,"featured_media":0,"parent":0,"menu_order":3,"comment_status":"closed","ping_status":"closed","template":"templates\/contact-page.php","meta":{"_glsr_average":0,"_glsr_ranking":0,"_glsr_reviews":0,"footnotes":""},"class_list":["post-89","page","type-page","status-publish","hentry"],"acf":[],"yoast_head":"<!-- This site is optimized with the Yoast SEO plugin v27.5 - https:\/\/yoast.com\/product\/yoast-seo-wordpress\/ -->\n<title>KONTAKT - DOGS AND FOODS<\/title>\n<meta name=\"robots\" content=\"index, follow, max-snippet:-1, max-image-preview:large, max-video-preview:-1\" \/>\n<link rel=\"canonical\" href=\"https:\/\/dogsandfoods.com\/index.php\/contact\/\" \/>\n<meta property=\"og:locale\" content=\"de_DE\" \/>\n<meta property=\"og:type\" content=\"article\" \/>\n<meta property=\"og:title\" content=\"KONTAKT - DOGS AND FOODS\" \/>\n<meta property=\"og:description\" content=\"Schreib mir! Eine ausgewogene, bedarfsgerechte Ern\u00e4hrung ist der Schl\u00fcssel zu einem langen, gesunden und gl\u00fccklichen Hundeleben. Viele gesundheitliche Probleme lassen sich durch die richtige Ern\u00e4hrung nicht nur positiv beeinflussen, sondern in manchen F\u00e4llen sogar ohne Medikamente beheben. Bist du bereit, die Gesundheit deines Hundes nachhaltig zu verbessern? Dann z\u00f6gere nicht und kontaktiere mich noch heute! Ich freue mich darauf, dich und deinen vierbeinigen Freund auf diesem Weg zu begleiten! Deine Daten werden ausschliesslich zur Beantwortung deiner Anfrage genutzt. Details findest du in der Datenschutzerkl\u00e4rung.\" \/>\n<meta property=\"og:url\" content=\"https:\/\/dogsandfoods.com\/index.php\/contact\/\" \/>\n<meta property=\"og:site_name\" content=\"DOGS AND FOODS\" \/>\n<meta property=\"article:modified_time\" content=\"2024-08-12T16:41:20+00:00\" \/>\n<meta name=\"twitter:card\" content=\"summary_large_image\" \/>\n<meta name=\"twitter:label1\" content=\"Gesch\u00e4tzte Lesezeit\" \/>\n\t<meta name=\"twitter:data1\" content=\"1\u00a0Minute\" \/>\n<script type=\"application\/ld+json\" class=\"yoast-schema-graph\">{\"@context\":\"https:\\\/\\\/schema.org\",\"@graph\":[{\"@type\":\"WebPage\",\"@id\":\"https:\\\/\\\/dogsandfoods.com\\\/index.php\\\/contact\\\/\",\"url\":\"https:\\\/\\\/dogsandfoods.com\\\/index.php\\\/contact\\\/\",\"name\":\"KONTAKT - DOGS AND FOODS\",\"isPartOf\":{\"@id\":\"https:\\\/\\\/dogsandfoods.com\\\/#website\"},\"datePublished\":\"2021-11-05T21:28:57+00:00\",\"dateModified\":\"2024-08-12T16:41:20+00:00\",\"breadcrumb\":{\"@id\":\"https:\\\/\\\/dogsandfoods.com\\\/index.php\\\/contact\\\/#breadcrumb\"},\"inLanguage\":\"de-CH\",\"potentialAction\":[{\"@type\":\"ReadAction\",\"target\":[\"https:\\\/\\\/dogsandfoods.com\\\/index.php\\\/contact\\\/\"]}]},{\"@type\":\"BreadcrumbList\",\"@id\":\"https:\\\/\\\/dogsandfoods.com\\\/index.php\\\/contact\\\/#breadcrumb\",\"itemListElement\":[{\"@type\":\"ListItem\",\"position\":1,\"name\":\"Home\",\"item\":\"https:\\\/\\\/dogsandfoods.com\\\/\"},{\"@type\":\"ListItem\",\"position\":2,\"name\":\"KONTAKT\"}]},{\"@type\":\"WebSite\",\"@id\":\"https:\\\/\\\/dogsandfoods.com\\\/#website\",\"url\":\"https:\\\/\\\/dogsandfoods.com\\\/\",\"name\":\"dogsandfoods.com\",\"description\":\"Gesunde nat\u00fcrliche Hundeern\u00e4hrung\",\"publisher\":{\"@id\":\"https:\\\/\\\/dogsandfoods.com\\\/#organization\"},\"potentialAction\":[{\"@type\":\"SearchAction\",\"target\":{\"@type\":\"EntryPoint\",\"urlTemplate\":\"https:\\\/\\\/dogsandfoods.com\\\/?s={search_term_string}\"},\"query-input\":{\"@type\":\"PropertyValueSpecification\",\"valueRequired\":true,\"valueName\":\"search_term_string\"}}],\"inLanguage\":\"de-CH\"},{\"@type\":\"Organization\",\"@id\":\"https:\\\/\\\/dogsandfoods.com\\\/#organization\",\"name\":\"Dogs and Foods\",\"url\":\"https:\\\/\\\/dogsandfoods.com\\\/\",\"logo\":{\"@type\":\"ImageObject\",\"inLanguage\":\"de-CH\",\"@id\":\"https:\\\/\\\/dogsandfoods.com\\\/#\\\/schema\\\/logo\\\/image\\\/\",\"url\":\"\",\"contentUrl\":\"\",\"caption\":\"Dogs and Foods\"},\"image\":{\"@id\":\"https:\\\/\\\/dogsandfoods.com\\\/#\\\/schema\\\/logo\\\/image\\\/\"}}]}<\/script>\n<!-- \/ Yoast SEO plugin. -->","yoast_head_json":{"title":"KONTAKT - DOGS AND FOODS","robots":{"index":"index","follow":"follow","max-snippet":"max-snippet:-1","max-image-preview":"max-image-preview:large","max-video-preview":"max-video-preview:-1"},"canonical":"https:\/\/dogsandfoods.com\/index.php\/contact\/","og_locale":"de_DE","og_type":"article","og_title":"KONTAKT - DOGS AND FOODS","og_description":"Schreib mir! Eine ausgewogene, bedarfsgerechte Ern\u00e4hrung ist der Schl\u00fcssel zu einem langen, gesunden und gl\u00fccklichen Hundeleben. Viele gesundheitliche Probleme lassen sich durch die richtige Ern\u00e4hrung nicht nur positiv beeinflussen, sondern in manchen F\u00e4llen sogar ohne Medikamente beheben. Bist du bereit, die Gesundheit deines Hundes nachhaltig zu verbessern? Dann z\u00f6gere nicht und kontaktiere mich noch heute! Ich freue mich darauf, dich und deinen vierbeinigen Freund auf diesem Weg zu begleiten! Deine Daten werden ausschliesslich zur Beantwortung deiner Anfrage genutzt. Details findest du in der Datenschutzerkl\u00e4rung.","og_url":"https:\/\/dogsandfoods.com\/index.php\/contact\/","og_site_name":"DOGS AND FOODS","article_modified_time":"2024-08-12T16:41:20+00:00","twitter_card":"summary_large_image","twitter_misc":{"Gesch\u00e4tzte Lesezeit":"1\u00a0Minute"},"schema":{"@context":"https:\/\/schema.org","@graph":[{"@type":"WebPage","@id":"https:\/\/dogsandfoods.com\/index.php\/contact\/","url":"https:\/\/dogsandfoods.com\/index.php\/contact\/","name":"KONTAKT - DOGS AND FOODS","isPartOf":{"@id":"https:\/\/dogsandfoods.com\/#website"},"datePublished":"2021-11-05T21:28:57+00:00","dateModified":"2024-08-12T16:41:20+00:00","breadcrumb":{"@id":"https:\/\/dogsandfoods.com\/index.php\/contact\/#breadcrumb"},"inLanguage":"de-CH","potentialAction":[{"@type":"ReadAction","target":["https:\/\/dogsandfoods.com\/index.php\/contact\/"]}]},{"@type":"BreadcrumbList","@id":"https:\/\/dogsandfoods.com\/index.php\/contact\/#breadcrumb","itemListElement":[{"@type":"ListItem","position":1,"name":"Home","item":"https:\/\/dogsandfoods.com\/"},{"@type":"ListItem","position":2,"name":"KONTAKT"}]},{"@type":"WebSite","@id":"https:\/\/dogsandfoods.com\/#website","url":"https:\/\/dogsandfoods.com\/","name":"dogsandfoods.com","description":"Gesunde nat\u00fcrliche Hundeern\u00e4hrung","publisher":{"@id":"https:\/\/dogsandfoods.com\/#organization"},"potentialAction":[{"@type":"SearchAction","target":{"@type":"EntryPoint","urlTemplate":"https:\/\/dogsandfoods.com\/?s={search_term_string}"},"query-input":{"@type":"PropertyValueSpecification","valueRequired":true,"valueName":"search_term_string"}}],"inLanguage":"de-CH"},{"@type":"Organization","@id":"https:\/\/dogsandfoods.com\/#organization","name":"Dogs and Foods","url":"https:\/\/dogsandfoods.com\/","logo":{"@type":"ImageObject","inLanguage":"de-CH","@id":"https:\/\/dogsandfoods.com\/#\/schema\/logo\/image\/","url":"","contentUrl":"","caption":"Dogs and Foods"},"image":{"@id":"https:\/\/dogsandfoods.com\/#\/schema\/logo\/image\/"}}]}},"_links":{"self":[{"href":"https:\/\/dogsandfoods.com\/index.php\/wp-json\/wp\/v2\/pages\/89","targetHints":{"allow":["GET"]}}],"collection":[{"href":"https:\/\/dogsandfoods.com\/index.php\/wp-json\/wp\/v2\/pages"}],"about":[{"href":"https:\/\/dogsandfoods.com\/index.php\/wp-json\/wp\/v2\/types\/page"}],"author":[{"embeddable":true,"href":"https:\/\/dogsandfoods.com\/index.php\/wp-json\/wp\/v2\/users\/2"}],"replies":[{"embeddable":true,"href":"https:\/\/dogsandfoods.com\/index.php\/wp-json\/wp\/v2\/comments?post=89"}],"version-history":[{"count":0,"href":"https:\/\/dogsandfoods.com\/index.php\/wp-json\/wp\/v2\/pages\/89\/revisions"}],"wp:attachment":[{"href":"https:\/\/dogsandfoods.com\/index.php\/wp-json\/wp\/v2\/media?parent=89"}],"curies":[{"name":"wp","href":"https:\/\/api.w.org\/{rel}","templated":true}]}}